{"id":1017393,"date":"2024-06-17T15:13:03","date_gmt":"2024-06-17T07:13:03","guid":{"rendered":"https:\/\/vimaterial.de\/product\/germanio-metallico\/"},"modified":"2024-09-30T16:05:22","modified_gmt":"2024-09-30T08:05:22","slug":"germanio-metallico","status":"publish","type":"product","link":"https:\/\/vimaterial.de\/it\/product\/germanio-metallico\/","title":{"rendered":"Germanio metallico"},"content":{"rendered":"<p>Il bersaglio in germanio \u00e8 un tipo di bersaglio fatto di elemento germanio, che ha un&#8217;importante applicazione in molti campi.<\/p>\n<p>Caratteristiche dell&#8217;elemento: \u00a0 Il germanio (Ge) \u00e8 un elemento chimico di numero atomico 32 appartenente al gruppo IVA.<br \/>\nNormalmente \u00e8 un quasi-metallo bianco sporco, lucido e duro.<br \/>\nPunto di fusione: 938,25\u00b0C<\/p>\n<p>Punto di ebollizione: 2830\u00b0C<\/p>\n<p>Durezza Mohs: 6<\/p>\n<p>Caratteristiche e vantaggi: \u00a0 Alta densit\u00e0: pu\u00f2 fornire un gran numero di atomi di germanio nel processo di deposizione del film, il che aiuta a migliorare la qualit\u00e0 e le prestazioni del film.<br \/>\nEccellente conduttivit\u00e0 termica: Quando riscaldato, il calore pu\u00f2 essere trasferito in modo rapido e uniforme, il che pu\u00f2 migliorare l&#8217;efficienza della deposizione del film.<br \/>\nAlto punto di fusione: pu\u00f2 resistere alle alte temperature durante la deposizione del film e mantenere stabili le propriet\u00e0 fisiche e chimiche.<br \/>\nBuona conduttivit\u00e0: il film di germanio depositato dal materiale bersaglio al germanio ha eccellenti propriet\u00e0 elettriche.<br \/>\nForte capacit\u00e0 antiossidante: stabile in ambienti ad alta temperatura e ossigeno, non facile da ossidare.<\/p>\n<p>Campo di applicazione:<\/p>\n<p>Industria dei semiconduttori: Germanio metallico per la preparazione di film sottili di germanio e film sottili compositi di germanio, applicati in dispositivi a semiconduttore, circuiti integrati, dispositivi optoelettronici e altri aspetti.<\/p>\n<p>Industria optoelettronica: Germanio metallico bersaglio metallico in germanio utilizzato principalmente nella preparazione di dispositivi fotoelettronici a infrarossi, perch\u00e9 il germanio ha buone propriet\u00e0 ottiche nella banda infrarossa, quindi \u00e8 ampiamente utilizzato nei rilevatori a infrarossi, nei sistemi di imaging a infrarossi e in altre apparecchiature.<\/p>\n<p>Celle solari: Germanio metallico bersaglio metallico in germanio utilizzato per preparare celle solari multigiunzione ad alta efficienza, i film sottili di germanio possono essere utilizzati come strato inferiore di celle solari multigiunzione, assorbendo la parte a onde lunghe dello spettro solare e migliorando l&#8217;efficienza di conversione fotoelettrica delle celle solari.<\/p>\n<p>Comunicazione in fibra ottica: bersaglio metallico in germanio utilizzato per preparare amplificatori ottici, gli amplificatori ottici drogati con germanio possono amplificare efficacemente i segnali ottici, migliorare la distanza di trasmissione e la velocit\u00e0 di comunicazione in fibra ottica.<\/p>\n","protected":false},"excerpt":{"rendered":"<p>Il bersaglio metallico in germanio \u00e8 un tipo di bersaglio realizzato con l&#8217;elemento germanio, che ha un&#8217;importante applicazione in molti campi.<\/p>\n<p>Industria dei semiconduttori: Germanio metallico per la preparazione di film sottili di germanio e film sottile composito di germanio, applicata in dispositivi a semiconduttore, circuiti integrati, dispositivi optoelettronici e altri aspetti.<\/p>\n<p>Industria optoelettronica: Germanio metallico utilizzata principalmente nella preparazione di dispositivi fotoelettronici a infrarossi, perch\u00e9 il germanio ha buone propriet\u00e0 ottiche nella banda dell&#8217;infrarosso, quindi \u00e8 ampiamente utilizzato nei rilevatori a infrarossi, nei sistemi di imaging a infrarossi e in altre apparecchiature.<\/p>\n","protected":false},"featured_media":1004137,"comment_status":"open","ping_status":"closed","template":"","meta":{"_acf_changed":false},"product_brand":[],"product_cat":[197],"product_tag":[],"class_list":{"0":"post-1017393","1":"product","2":"type-product","3":"status-publish","4":"has-post-thumbnail","6":"product_cat-obiettivi-di-sputtering-planari","8":"first","9":"instock","10":"shipping-taxable","11":"product-type-variable"},"acf":[],"_links":{"self":[{"href":"https:\/\/vimaterial.de\/it\/wp-json\/wp\/v2\/product\/1017393","targetHints":{"allow":["GET"]}}],"collection":[{"href":"https:\/\/vimaterial.de\/it\/wp-json\/wp\/v2\/product"}],"about":[{"href":"https:\/\/vimaterial.de\/it\/wp-json\/wp\/v2\/types\/product"}],"replies":[{"embeddable":true,"href":"https:\/\/vimaterial.de\/it\/wp-json\/wp\/v2\/comments?post=1017393"}],"wp:featuredmedia":[{"embeddable":true,"href":"https:\/\/vimaterial.de\/it\/wp-json\/wp\/v2\/media\/1004137"}],"wp:attachment":[{"href":"https:\/\/vimaterial.de\/it\/wp-json\/wp\/v2\/media?parent=1017393"}],"wp:term":[{"taxonomy":"product_brand","embeddable":true,"href":"https:\/\/vimaterial.de\/it\/wp-json\/wp\/v2\/product_brand?post=1017393"},{"taxonomy":"product_cat","embeddable":true,"href":"https:\/\/vimaterial.de\/it\/wp-json\/wp\/v2\/product_cat?post=1017393"},{"taxonomy":"product_tag","embeddable":true,"href":"https:\/\/vimaterial.de\/it\/wp-json\/wp\/v2\/product_tag?post=1017393"}],"curies":[{"name":"wp","href":"https:\/\/api.w.org\/{rel}","templated":true}]}}