{"id":1017278,"date":"2024-06-17T15:14:06","date_gmt":"2024-06-17T07:14:06","guid":{"rendered":"https:\/\/vimaterial.de\/product\/solfuro-di-germanio\/"},"modified":"2024-10-11T13:25:06","modified_gmt":"2024-10-11T05:25:06","slug":"solfuro-di-germanio","status":"publish","type":"product","link":"https:\/\/vimaterial.de\/it\/product\/solfuro-di-germanio\/","title":{"rendered":"Solfuro di germanio"},"content":{"rendered":"<p>Le particelle di solfuro di germanio sono particelle composte da elementi di germanio e zolfo.<\/p>\n<p>&nbsp;<\/p>\n<p>Propriet\u00e0 fisiche:<\/p>\n<p>&nbsp;<\/p>\n<p>Aspetto: Cristallo di solito bruno rossastro. Densit\u00e0: Relativamente grande, circa 3,78 g\/cm\u00b3 (25 \u00b0 C). Punto di fusione: alto, tra 625\u00b0C e 665\u00b0C.<\/p>\n<p>&nbsp;<\/p>\n<p>Propriet\u00e0 chimiche:<\/p>\n<p>&nbsp;<\/p>\n<p>Stabilit\u00e0: relativamente stabile a temperatura ambiente, ma facile da cambiare ad alte temperature, come la sublimazione e l&#8217;ossidazione. \u00c8 insolubile in acqua e acidi inorganici (compresi gli acidi forti), ma \u00e8 facilmente solubile in basi calde e pu\u00f2 anche dissolversi in ammoniaca o solfuro di diammina per formare immide di germanio.<\/p>\n<p>&nbsp;<\/p>\n<p>Struttura cristallina: il solfuro di germanio ha una variet\u00e0 di strutture cristalline, che possono essere cristalli monoclini, cristalli ortogonali, ecc. Questa struttura cristallina ne determina le propriet\u00e0 elettriche e ottiche.<\/p>\n<p>&nbsp;<\/p>\n<p>Metodo di preparazione: Principalmente attraverso la reazione di polvere di germanio e vapore di zolfo o miscela di idrogeno solforato e zolfo. Le condizioni di reazione come la temperatura e il rapporto del gas hanno effetti importanti sulla qualit\u00e0 e sulle propriet\u00e0 delle particelle di solfuro di germanio.<\/p>\n<p>&nbsp;<\/p>\n<p>Campo di applicazione:<\/p>\n<p>&nbsp;<\/p>\n<p>Campo dei semiconduttori: come materiale semiconduttore, pu\u00f2 essere utilizzato per realizzare dispositivi a semiconduttore e ha un certo potenziale applicativo nei sensori fotoelettrici, nei rilevatori a infrarossi, ecc.<\/p>\n<p>&nbsp;<\/p>\n<p>Campo della batteria: grazie alle sue determinate prestazioni elettrochimiche, pu\u00f2 svolgere un ruolo nell&#8217;espansione della capacit\u00e0 e nell&#8217;aumento dell&#8217;accumulo di energia in dispositivi di accumulo di energia come batterie agli ioni di litio e supercondensatori.<\/p>\n<p>&nbsp;<\/p>\n<p>Campo del catalizzatore: pu\u00f2 essere utilizzato come catalizzatore in alcune reazioni chimiche, come il cracking catalitico, l&#8217;idrocracking e altre reazioni, e ha una buona prestazione anti-avvelenamento.<\/p>\n","protected":false},"excerpt":{"rendered":"<p>Le particelle di solfuro di germanio sono particelle composte da elementi di germanio e zolfo.<\/p>\n<p>Campo dei semiconduttori: come materiale semiconduttore, pu\u00f2 essere utilizzato per realizzare dispositivi a semiconduttore e ha un certo potenziale applicativo nei sensori fotoelettrici, nei rilevatori a infrarossi, ecc.<\/p>\n<p>Campo della batteria: grazie alle sue determinate prestazioni elettrochimiche, pu\u00f2 svolgere un ruolo nell&#8217;espansione della capacit\u00e0 e nell&#8217;aumento dell&#8217;accumulo di energia in dispositivi di accumulo di energia come batterie agli ioni di litio e supercondensatori.<\/p>\n","protected":false},"featured_media":1004209,"comment_status":"open","ping_status":"closed","template":"","meta":{"_acf_changed":false},"product_brand":[],"product_cat":[198],"product_tag":[],"class_list":{"0":"post-1017278","1":"product","2":"type-product","3":"status-publish","4":"has-post-thumbnail","6":"product_cat-materiali-per-levaporazione","8":"first","9":"instock","10":"shipping-taxable","11":"product-type-variable"},"acf":[],"_links":{"self":[{"href":"https:\/\/vimaterial.de\/it\/wp-json\/wp\/v2\/product\/1017278","targetHints":{"allow":["GET"]}}],"collection":[{"href":"https:\/\/vimaterial.de\/it\/wp-json\/wp\/v2\/product"}],"about":[{"href":"https:\/\/vimaterial.de\/it\/wp-json\/wp\/v2\/types\/product"}],"replies":[{"embeddable":true,"href":"https:\/\/vimaterial.de\/it\/wp-json\/wp\/v2\/comments?post=1017278"}],"wp:featuredmedia":[{"embeddable":true,"href":"https:\/\/vimaterial.de\/it\/wp-json\/wp\/v2\/media\/1004209"}],"wp:attachment":[{"href":"https:\/\/vimaterial.de\/it\/wp-json\/wp\/v2\/media?parent=1017278"}],"wp:term":[{"taxonomy":"product_brand","embeddable":true,"href":"https:\/\/vimaterial.de\/it\/wp-json\/wp\/v2\/product_brand?post=1017278"},{"taxonomy":"product_cat","embeddable":true,"href":"https:\/\/vimaterial.de\/it\/wp-json\/wp\/v2\/product_cat?post=1017278"},{"taxonomy":"product_tag","embeddable":true,"href":"https:\/\/vimaterial.de\/it\/wp-json\/wp\/v2\/product_tag?post=1017278"}],"curies":[{"name":"wp","href":"https:\/\/api.w.org\/{rel}","templated":true}]}}