{"id":1017268,"date":"2024-06-17T15:10:41","date_gmt":"2024-06-17T07:10:41","guid":{"rendered":"https:\/\/vimaterial.de\/product\/ioduro-di-gallio\/"},"modified":"2024-07-12T11:59:57","modified_gmt":"2024-07-12T03:59:57","slug":"ioduro-di-gallio","status":"publish","type":"product","link":"https:\/\/vimaterial.de\/it\/product\/ioduro-di-gallio\/","title":{"rendered":"Ioduro di gallio"},"content":{"rendered":"<p>CaratteristicaLo ioduro di gallio (III) \u00e8 il composto chimico con la formula GaI3. \u00c8 lo ioduro pi\u00f9 comune del gallio. Nel metodo di trasporto chimico del vapore per la crescita di cristalli di arseniuro di gallio utilizza lo iodio come agente di trasporto. Formula chimica:GaI3Massa molare:450,436 g\/molAspetto:polvere giallo chiaroDensit\u00e0:4,15 g\/cm3Punto di fusione:212 \u00b0C (414 \u00b0F; 485 K)Punto di ebollizione:345 \u00b0C (653 \u00b0F; 618 K)Solubilit\u00e0 in acqua:si decomponeSuscettibilit\u00e0 magnetica (\u03c7):\u2212149,0\u00b710\u22126cm3\/mol<\/p>\n","protected":false},"excerpt":{"rendered":"<p>CaratteristicaLo ioduro di gallio (III) \u00e8 il composto chimico con la formula GaI3. \u00c8 lo ioduro pi\u00f9 comune del gallio. Nel metodo di trasporto chimico del vapore per la crescita di cristalli di arseniuro di gallio utilizza lo iodio come agente di trasporto. Formula chimica:GaI3Massa molare:450,436 g\/molAspetto:polvere giallo chiaroDensit\u00e0:4,15 g\/cm3Punto di fusione:212 \u00b0C (414 \u00b0F; [&hellip;]<\/p>\n","protected":false},"featured_media":1004028,"comment_status":"open","ping_status":"closed","template":"","meta":{"_acf_changed":false},"product_brand":[],"product_cat":[201],"product_tag":[],"class_list":{"0":"post-1017268","1":"product","2":"type-product","3":"status-publish","4":"has-post-thumbnail","6":"product_cat-materiali-a-base-di-alogenuri","8":"first","9":"instock","10":"shipping-taxable","11":"purchasable","12":"product-type-variable"},"acf":[],"_links":{"self":[{"href":"https:\/\/vimaterial.de\/it\/wp-json\/wp\/v2\/product\/1017268","targetHints":{"allow":["GET"]}}],"collection":[{"href":"https:\/\/vimaterial.de\/it\/wp-json\/wp\/v2\/product"}],"about":[{"href":"https:\/\/vimaterial.de\/it\/wp-json\/wp\/v2\/types\/product"}],"replies":[{"embeddable":true,"href":"https:\/\/vimaterial.de\/it\/wp-json\/wp\/v2\/comments?post=1017268"}],"wp:featuredmedia":[{"embeddable":true,"href":"https:\/\/vimaterial.de\/it\/wp-json\/wp\/v2\/media\/1004028"}],"wp:attachment":[{"href":"https:\/\/vimaterial.de\/it\/wp-json\/wp\/v2\/media?parent=1017268"}],"wp:term":[{"taxonomy":"product_brand","embeddable":true,"href":"https:\/\/vimaterial.de\/it\/wp-json\/wp\/v2\/product_brand?post=1017268"},{"taxonomy":"product_cat","embeddable":true,"href":"https:\/\/vimaterial.de\/it\/wp-json\/wp\/v2\/product_cat?post=1017268"},{"taxonomy":"product_tag","embeddable":true,"href":"https:\/\/vimaterial.de\/it\/wp-json\/wp\/v2\/product_tag?post=1017268"}],"curies":[{"name":"wp","href":"https:\/\/api.w.org\/{rel}","templated":true}]}}