{"id":1017224,"date":"2024-06-17T15:11:28","date_gmt":"2024-06-17T07:11:28","guid":{"rendered":"https:\/\/vimaterial.de\/product\/nitruro-di-gallio-2\/"},"modified":"2024-07-12T11:49:42","modified_gmt":"2024-07-12T03:49:42","slug":"nitruro-di-gallio-2","status":"publish","type":"product","link":"https:\/\/vimaterial.de\/it\/product\/nitruro-di-gallio-2\/","title":{"rendered":"Nitruro di gallio"},"content":{"rendered":"<p>CaratteristicaIl nitruro di gallio (GaN) \u00e8 un semiconduttore binario a banda proibita diretta III\/V comunemente usato nei diodi emettitori di luce dagli anni &#8216;1990. Il composto \u00e8 un materiale molto duro che ha una struttura cristallina di wurtzite. La sua ampia banda proibita di 3,4 eV gli conferisce propriet\u00e0 speciali[clarification needed] per applicazioni in dispositivi optoelettronici,[8][9] ad alta potenza e ad alta frequenza. Formula chimica:GaNMerme molare:83.730 g\/molAspetto:polvere giallaDensit\u00e0:6.1 g\/cm3Punto di fusione:1600 \u00b0CSolubilit\u00e0 in acqua:InsolubileBand gap:3.4 eV (300 K, diretto)Mobilit\u00e0 elettronica:1500 cm2\/(V\u00b7s) (300 K)Conducibilit\u00e0 termica:1.3 W\/(cm\u00b7K) (300 K)Indice di rifrazione (nD):2.429Struttura cristallina:WurtziteApplicazioneLa sua sensibilit\u00e0 alle radiazioni ionizzanti \u00e8 bassa (come altri nitruri del gruppo III), il che lo rende un materiale adatto per array di celle solari per satelliti. Anche le applicazioni militari e spaziali potrebbero trarne vantaggio poich\u00e9 i dispositivi hanno mostrato stabilit\u00e0 in ambienti di radiazioni. Poich\u00e9 i transistor GaN possono funzionare a temperature molto pi\u00f9 elevate e lavorare a tensioni molto pi\u00f9 elevate rispetto ai transistor all&#8217;arseniuro di gallio (GaAs), sono amplificatori di potenza ideali alle frequenze delle microonde. Inoltre, GaN offre caratteristiche promettenti per i dispositivi THz.<\/p>\n","protected":false},"excerpt":{"rendered":"<p>CaratteristicaIl nitruro di gallio (GaN) \u00e8 un semiconduttore binario a banda proibita diretta III\/V comunemente usato nei diodi emettitori di luce dagli anni &#8216;1990. Il composto \u00e8 un materiale molto duro che ha una struttura cristallina di wurtzite. La sua ampia banda proibita di 3,4 eV gli conferisce propriet\u00e0 speciali[clarification needed] per applicazioni in dispositivi [&hellip;]<\/p>\n","protected":false},"featured_media":1004051,"comment_status":"open","ping_status":"closed","template":"","meta":{"_acf_changed":false},"product_brand":[],"product_cat":[197],"product_tag":[],"class_list":{"0":"post-1017224","1":"product","2":"type-product","3":"status-publish","4":"has-post-thumbnail","6":"product_cat-obiettivi-di-sputtering-planari","8":"first","9":"instock","10":"shipping-taxable","11":"purchasable","12":"product-type-variable"},"acf":[],"_links":{"self":[{"href":"https:\/\/vimaterial.de\/it\/wp-json\/wp\/v2\/product\/1017224","targetHints":{"allow":["GET"]}}],"collection":[{"href":"https:\/\/vimaterial.de\/it\/wp-json\/wp\/v2\/product"}],"about":[{"href":"https:\/\/vimaterial.de\/it\/wp-json\/wp\/v2\/types\/product"}],"replies":[{"embeddable":true,"href":"https:\/\/vimaterial.de\/it\/wp-json\/wp\/v2\/comments?post=1017224"}],"wp:featuredmedia":[{"embeddable":true,"href":"https:\/\/vimaterial.de\/it\/wp-json\/wp\/v2\/media\/1004051"}],"wp:attachment":[{"href":"https:\/\/vimaterial.de\/it\/wp-json\/wp\/v2\/media?parent=1017224"}],"wp:term":[{"taxonomy":"product_brand","embeddable":true,"href":"https:\/\/vimaterial.de\/it\/wp-json\/wp\/v2\/product_brand?post=1017224"},{"taxonomy":"product_cat","embeddable":true,"href":"https:\/\/vimaterial.de\/it\/wp-json\/wp\/v2\/product_cat?post=1017224"},{"taxonomy":"product_tag","embeddable":true,"href":"https:\/\/vimaterial.de\/it\/wp-json\/wp\/v2\/product_tag?post=1017224"}],"curies":[{"name":"wp","href":"https:\/\/api.w.org\/{rel}","templated":true}]}}