{"id":1017172,"date":"2024-06-17T14:56:34","date_gmt":"2024-06-17T06:56:34","guid":{"rendered":"https:\/\/vimaterial.de\/product\/rame-telluride-6\/"},"modified":"2025-04-11T17:05:31","modified_gmt":"2025-04-11T09:05:31","slug":"rame-telluride-6","status":"publish","type":"product","link":"https:\/\/vimaterial.de\/it\/product\/rame-telluride-6\/","title":{"rendered":"Telluride di rame"},"content":{"rendered":"<p>I grumi di <span style=\"color: #0000ff;\"><a style=\"color: #0000ff;\" href=\"https:\/\/vimaterial.de\/it\/product\/rame-telluride-5\/\">telluride di rame<\/a><\/span> sono composti grumosi costituiti da rame e tellurio, solitamente di aspetto nero o grigio, con propriet\u00e0 semiconduttive, che hanno potenziali applicazioni nei campi dei materiali termoelettrici, dei materiali fotovoltaici e dei dispositivi elettronici e devono essere conservati in un ambiente adatto per mantenere stabili le loro propriet\u00e0.<\/p>\n<p>VIMATERIAL fornisce grumi di tellururo di rame ad alta purezza, forniamo grumi di tellururo di rame con prestazioni stabili e basso contenuto di impurit\u00e0, abbiamo un team tecnico professionale, <span style=\"color: #0000ff;\"><a style=\"color: #0000ff;\" href=\"https:\/\/vimaterial.de\/it\/contatto\/\">vi<\/a><\/span> preghiamo di contattarci se necessario.<\/p>\n<h2><span style=\"font-size: 14pt;\">Propriet\u00e0 fisiche<\/span><\/h2>\n<p>Formula analitica: Cu\u2082Te<\/p>\n<p>Peso molecolare: 254,692 g\/mol<\/p>\n<p>Aspetto: generalmente bitorzoluto, il colore pu\u00f2 essere grigio-nero, con una certa lucentezza metallica.<\/p>\n<p>Densit\u00e0: circa 7,27 g\/cm\u00b3.<\/p>\n<p>Punto di fusione: 900\u00b0C<\/p>\n<p>Struttura cristallina: il Cu\u2082Te ha una struttura cristallina specifica, appartenente al sistema cristallino tetragonale. Gli atomi di rame e tellurio nella struttura cristallina sono disposti secondo un certo schema e gli atomi di rame e tellurio interagiscono tra loro attraverso il legame chimico per formare una struttura cristallina stabile, che conferisce al Cu\u2082Te determinate propriet\u00e0 fisiche e chimiche e lo fa mostrare propriet\u00e0 uniche nell&#8217;elettricit\u00e0, nell&#8217;ottica e in altri aspetti.<\/p>\n<h2><span style=\"font-size: 14pt;\">Applicazioni<\/span><\/h2>\n<p>Campo delle celle solari: pu\u00f2 essere utilizzato come importante materia prima per la preparazione di celle solari a film sottile ad alte prestazioni, come le celle solari al seleniuro di rame, indio gallio, che aiutano a migliorare l&#8217;efficienza di conversione fotoelettrica della batteria.<\/p>\n<p>Materiali termoelettrici: nei materiali termoelettrici, le propriet\u00e0 termoelettriche possono essere ottimizzate attraverso la formazione di nanocristalli, ecc., per ottenere un&#8217;efficiente interconversione di calore ed elettricit\u00e0.<\/p>\n<p>Dispositivi nanoelettronici: grazie alla loro elevata conduttivit\u00e0 elettrica e fotoreattivit\u00e0, CuTe pu\u00f2 essere utilizzato per produrre dispositivi nanoelettronici, come fotorivelatori ad alte prestazioni.<\/p>\n<p>Produzione industriale: il tellurio nei grumi di Cu\u2082Te pu\u00f2 migliorare la lavorabilit\u00e0 del rame, quindi i grumi di Cu\u2082Te possono essere utilizzati come materia prima industriale per migliorare la lavorabilit\u00e0 dei prodotti in rame.<\/p>\n<h2><span style=\"font-size: 14pt;\">Controllo qualit\u00e0<\/span><\/h2>\n<p><span style=\"color: #0000ff;\"><a style=\"color: #0000ff;\" href=\"https:\/\/vimaterial.de\/it\/controllo-qualita\/\">Ogni lotto<\/a><\/span> di prodotti implementa il pi\u00f9 rigoroso sistema di controllo della qualit\u00e0, abbiamo completato i registri dei prodotti, la tracciabilit\u00e0 del prodotto con una rigorosa garanzia di qualit\u00e0. Disponiamo di un processo completo per la gestione dei prodotti non conformi e non trasmetteremo i prodotti non conformi al processo successivo. Forniamo campioni per la nuova ispezione dei clienti e supportiamo anche le organizzazioni di ispezione di terze parti designate dai clienti.<\/p>\n<h2><span style=\"font-size: 14pt;\">Imballaggio e stoccaggio<\/span><\/h2>\n<p>I grumi di tellururo di rame sono confezionati in sacchetti sottovuoto doppi o doppi e poi in bottiglie. L&#8217;unit\u00e0 di imballaggio minima \u00e8 di 100 g\/bottiglia.<\/p>\n<p>I grumi di tellururo di rame devono essere conservati in un ambiente asciutto, fresco, ben ventilato e sigillato, evitando il contatto con aria umida, acidi forti, basi forti e sostanze ossidanti e prevenendo impatti fisici violenti per mantenere la stabilit\u00e0 delle sue propriet\u00e0 fisiche e chimiche.<\/p>\n","protected":false},"excerpt":{"rendered":"<p>I grumi di <span style=\"color: #0000ff;\"><a style=\"color: #0000ff;\" href=\"https:\/\/vimaterial.de\/it\/product\/rame-telluride-5\/\">telluride di rame<\/a><\/span> sono composti grumosi costituiti da rame e tellurio, solitamente di aspetto nero o grigio, con propriet\u00e0 semiconduttive, che hanno potenziali applicazioni nei campi dei materiali termoelettrici, dei materiali fotovoltaici e dei dispositivi elettronici e devono essere conservati in un ambiente adatto per mantenere stabili le loro propriet\u00e0.<\/p>\n<p>VIMATERIAL fornisce grumi di tellururo di rame ad alta purezza, forniamo grumi di tellururo di rame con prestazioni stabili e basso contenuto di impurit\u00e0, abbiamo un team tecnico professionale, <span style=\"color: #0000ff;\"><a style=\"color: #0000ff;\" href=\"https:\/\/vimaterial.de\/it\/contatto\/\">vi<\/a><\/span> preghiamo di contattarci se necessario.<\/p>\n","protected":false},"featured_media":1003017,"comment_status":"open","ping_status":"closed","template":"","meta":{"_acf_changed":false},"product_brand":[],"product_cat":[198],"product_tag":[],"class_list":{"0":"post-1017172","1":"product","2":"type-product","3":"status-publish","4":"has-post-thumbnail","6":"product_cat-materiali-per-levaporazione","8":"first","9":"instock","10":"shipping-taxable","11":"product-type-variable"},"acf":[],"_links":{"self":[{"href":"https:\/\/vimaterial.de\/it\/wp-json\/wp\/v2\/product\/1017172","targetHints":{"allow":["GET"]}}],"collection":[{"href":"https:\/\/vimaterial.de\/it\/wp-json\/wp\/v2\/product"}],"about":[{"href":"https:\/\/vimaterial.de\/it\/wp-json\/wp\/v2\/types\/product"}],"replies":[{"embeddable":true,"href":"https:\/\/vimaterial.de\/it\/wp-json\/wp\/v2\/comments?post=1017172"}],"wp:featuredmedia":[{"embeddable":true,"href":"https:\/\/vimaterial.de\/it\/wp-json\/wp\/v2\/media\/1003017"}],"wp:attachment":[{"href":"https:\/\/vimaterial.de\/it\/wp-json\/wp\/v2\/media?parent=1017172"}],"wp:term":[{"taxonomy":"product_brand","embeddable":true,"href":"https:\/\/vimaterial.de\/it\/wp-json\/wp\/v2\/product_brand?post=1017172"},{"taxonomy":"product_cat","embeddable":true,"href":"https:\/\/vimaterial.de\/it\/wp-json\/wp\/v2\/product_cat?post=1017172"},{"taxonomy":"product_tag","embeddable":true,"href":"https:\/\/vimaterial.de\/it\/wp-json\/wp\/v2\/product_tag?post=1017172"}],"curies":[{"name":"wp","href":"https:\/\/api.w.org\/{rel}","templated":true}]}}