{"id":1017167,"date":"2024-06-17T14:56:30","date_gmt":"2024-06-17T06:56:30","guid":{"rendered":"https:\/\/vimaterial.de\/product\/rame-telluride-5\/"},"modified":"2025-04-11T17:17:51","modified_gmt":"2025-04-11T09:17:51","slug":"rame-telluride-5","status":"publish","type":"product","link":"https:\/\/vimaterial.de\/it\/product\/rame-telluride-5\/","title":{"rendered":"Telluride di rame"},"content":{"rendered":"<p>I granuli di <span style=\"color: #0000ff;\"><a style=\"color: #0000ff;\" href=\"https:\/\/vimaterial.de\/it\/product\/seleniuro-di-rame\/\">telluride di rame<\/a><\/span> sono particelle solide composte da rame e tellurio, spesso di aspetto nero o grigio, con una certa struttura cristallina, che ha potenziali applicazioni in termoelettricit\u00e0, optoelettronica e altri campi.<\/p>\n<p>VIMATERIAL fornisce granuli di tellururo di rame con varie purezze, i nostri prodotti sono economici, in magazzino, tempi di consegna brevi, prestazioni stabili, elevata purezza, bassa impurit\u00e0, alto tasso di riordino. Abbiamo un team di ricerca e sviluppo tecnologico professionale, hai tutte le domande, <span style=\"color: #3366ff;\"><a style=\"color: #3366ff;\" href=\"https:\/\/vimaterial.de\/it\/contatto\/\">non esitare a contattarci.<\/a><\/span><\/p>\n<h2><span style=\"font-size: 14pt;\">Propriet\u00e0 fisiche<\/span><\/h2>\n<p>Formula molecolare: Cu\u2082Te<\/p>\n<p>Peso molecolare: 254,692 g\/mol<\/p>\n<p>Aspetto: solitamente granuli blu<\/p>\n<p>Punto di fusione: circa 900\u00b0C<\/p>\n<p>Struttura cristallina: Sistema cristallino esagonale<\/p>\n<h2><span style=\"font-size: 14pt;\">Applicazioni<\/span><\/h2>\n<p>Campo dei semiconduttori: pu\u00f2 essere utilizzato nella produzione di dispositivi a semiconduttore ad alte prestazioni per migliorare le prestazioni elettriche dei dispositivi.<\/p>\n<p>Materiali optoelettronici: le particelle di Cu\u2082Te possono essere utilizzate per migliorare l&#8217;efficienza di conversione fotoelettrica dei materiali optoelettronici e possono essere utilizzate nella preparazione di dispositivi optoelettronici.<\/p>\n<p>Materiali termoelettrici: come parte importante dei materiali termoelettrici, pu\u00f2 ottenere la conversione reciproca di energia termica ed energia elettrica e ha prospettive di applicazione nella generazione di energia e nella refrigerazione con differenza di temperatura.<\/p>\n<p>Celle solari: le particelle di Cu\u2082Te in lega con CdTe possono formare eterogiunzioni, che possono essere utilizzate nelle celle solari per migliorare le prestazioni e l&#8217;efficienza delle celle.<\/p>\n<h2><span style=\"font-size: 14pt;\">Controllo qualit\u00e0<\/span><\/h2>\n<p><span style=\"color: #3366ff;\"><a style=\"color: #3366ff;\" href=\"https:\/\/vimaterial.de\/it\/controllo-qualita\/\">Ogni lotto<\/a><\/span> di prodotti implementa il pi\u00f9 rigoroso sistema di controllo della qualit\u00e0, abbiamo completato i registri dei prodotti, la tracciabilit\u00e0 del prodotto con una rigorosa garanzia di qualit\u00e0. Disponiamo di un processo completo per la gestione dei prodotti non conformi e non trasmetteremo i prodotti non conformi al processo successivo. Forniamo campioni per la nuova ispezione dei clienti e supportiamo anche le organizzazioni di ispezione di terze parti designate dai clienti.<\/p>\n<h2><span style=\"font-size: 14pt;\">Imballaggio e stoccaggio<\/span><\/h2>\n<p>I granuli di tellururo di rame sono confezionati in sacchetti sottovuoto doppi o flaconi sottovuoto doppi con un&#8217;unit\u00e0 di confezionamento minima di 100 g\/bottiglia.<\/p>\n<p>I granuli di Tellururo di Rame devono essere conservati in un ambiente asciutto, fresco, ben ventilato, sigillato e preferibilmente protetto da gas inerte, evitando il contatto con aria, umidit\u00e0, acidi forti e agenti ossidanti forti per prevenire cambiamenti nelle propriet\u00e0 dovuti all&#8217;ossidazione, alla deliquescenza o alle reazioni chimiche.<\/p>\n","protected":false},"excerpt":{"rendered":"<p>I granuli di <span style=\"color: #0000ff;\"><a style=\"color: #0000ff;\" href=\"https:\/\/vimaterial.de\/it\/product\/seleniuro-di-rame\/\">telluride di rame<\/a><\/span> sono particelle solide composte da rame e tellurio, spesso di aspetto nero o grigio, con una certa struttura cristallina, che ha potenziali applicazioni in termoelettricit\u00e0, optoelettronica e altri campi.<\/p>\n<p>VIMATERIAL fornisce granuli di tellururo di rame con varie purezze, i nostri prodotti sono economici, in magazzino, tempi di consegna brevi, prestazioni stabili, elevata purezza, bassa impurit\u00e0, alto tasso di riordino. Abbiamo un team di ricerca e sviluppo tecnologico professionale, hai tutte le domande, <span style=\"color: #3366ff;\"><a style=\"color: #3366ff;\" href=\"https:\/\/vimaterial.de\/it\/contatto\/\">non esitare a contattarci.<\/a><\/span><\/p>\n","protected":false},"featured_media":1003017,"comment_status":"open","ping_status":"closed","template":"","meta":{"_acf_changed":false},"product_brand":[],"product_cat":[198],"product_tag":[],"class_list":{"0":"post-1017167","1":"product","2":"type-product","3":"status-publish","4":"has-post-thumbnail","6":"product_cat-materiali-per-levaporazione","8":"first","9":"instock","10":"shipping-taxable","11":"product-type-variable"},"acf":[],"_links":{"self":[{"href":"https:\/\/vimaterial.de\/it\/wp-json\/wp\/v2\/product\/1017167","targetHints":{"allow":["GET"]}}],"collection":[{"href":"https:\/\/vimaterial.de\/it\/wp-json\/wp\/v2\/product"}],"about":[{"href":"https:\/\/vimaterial.de\/it\/wp-json\/wp\/v2\/types\/product"}],"replies":[{"embeddable":true,"href":"https:\/\/vimaterial.de\/it\/wp-json\/wp\/v2\/comments?post=1017167"}],"wp:featuredmedia":[{"embeddable":true,"href":"https:\/\/vimaterial.de\/it\/wp-json\/wp\/v2\/media\/1003017"}],"wp:attachment":[{"href":"https:\/\/vimaterial.de\/it\/wp-json\/wp\/v2\/media?parent=1017167"}],"wp:term":[{"taxonomy":"product_brand","embeddable":true,"href":"https:\/\/vimaterial.de\/it\/wp-json\/wp\/v2\/product_brand?post=1017167"},{"taxonomy":"product_cat","embeddable":true,"href":"https:\/\/vimaterial.de\/it\/wp-json\/wp\/v2\/product_cat?post=1017167"},{"taxonomy":"product_tag","embeddable":true,"href":"https:\/\/vimaterial.de\/it\/wp-json\/wp\/v2\/product_tag?post=1017167"}],"curies":[{"name":"wp","href":"https:\/\/api.w.org\/{rel}","templated":true}]}}