{"id":1017153,"date":"2024-06-17T14:56:34","date_gmt":"2024-06-17T06:56:34","guid":{"rendered":"https:\/\/vimaterial.de\/product\/rame-telluride-4\/"},"modified":"2025-04-11T16:58:06","modified_gmt":"2025-04-11T08:58:06","slug":"rame-telluride-4","status":"publish","type":"product","link":"https:\/\/vimaterial.de\/it\/product\/rame-telluride-4\/","title":{"rendered":"Telluride di rame"},"content":{"rendered":"<p><span style=\"color: #0000ff;\"><a style=\"color: #0000ff;\" href=\"https:\/\/vimaterial.de\/en\/product\/copper-telluride-2\/\">Telluride di rame<\/a><\/span> La polvere \u00e8 una polvere composta da rame e tellurio, solitamente di colore nero o grigio-nero, con propriet\u00e0 semiconduttive e granulometria fine, che svolge un ruolo importante nei campi dell&#8217;optoelettronica, della termoelettrica e dei materiali elettronici.<\/p>\n<p>VIMATERIAL fornisce polvere di tellururo di rame in un&#8217;ampia gamma di purezza, la nostra granulometria di polvere di tellururo di rame pu\u00f2 essere personalizzata e pu\u00f2 essere ordinata in piccole quantit\u00e0. I nostri prodotti sono economici e stabili, abbiamo una fornitura e uno stock sufficienti, tempi di consegna brevi, vi preghiamo di <span style=\"color: #0000ff;\"><a style=\"color: #0000ff;\" href=\"https:\/\/vimaterial.de\/en\/contact-us\/\">contattarci<\/a><\/span> se necessario.<\/p>\n<h2><span style=\"font-size: 14pt;\">Propriet\u00e0 fisiche<\/span><\/h2>\n<p>Formula molecolare: Cu\u2082Te<\/p>\n<p>Peso molecolare: 254.692<\/p>\n<p>Aspetto: solitamente polvere o cristallo nero o blu-nero<\/p>\n<p>Densit\u00e0: circa 7,27 g\/cm\u00b3.<\/p>\n<p>Struttura cristallina: La sua struttura cristallina \u00e8 complicata, generalmente appartiene al sistema cristallino esagonale o al sistema cristallino cubico.<\/p>\n<h2><span style=\"font-size: 14pt;\">Applicazioni<\/span><\/h2>\n<p>Campo optoelettronico: pu\u00f2 essere utilizzato per preparare fotorivelatori, in grado di convertire in modo efficiente i segnali ottici in segnali elettrici per migliorare la sensibilit\u00e0 e la velocit\u00e0 di risposta del rilevamento in virt\u00f9 delle sue propriet\u00e0 fotoelettriche uniche.<\/p>\n<p>Campo termoelettrico: nell&#8217;applicazione di materiali termoelettrici, gli elementi termoelettrici possono essere prodotti ottimizzando formulazioni e processi, ottenendo un&#8217;efficace conversione di calore ed elettricit\u00e0 e aiutando il riciclaggio del calore di scarto.<\/p>\n<p>Campo dei semiconduttori: come componente importante dei materiali semiconduttori, pu\u00f2 essere coinvolto nella produzione di dispositivi a semiconduttore, ad esempio in una specifica struttura a eterogiunzione, regolando le caratteristiche di trasporto del vettore per migliorare le prestazioni del dispositivo.<\/p>\n<p>Nel campo dei materiali elettronici, pu\u00f2 essere utilizzato nella formulazione di paste elettroniche e nel processo di produzione di componenti elettronici come i circuiti a film spesso, fornisce una garanzia per il raggiungimento di buone prestazioni di conduttivit\u00e0 e saldatura.<\/p>\n<h2><span style=\"font-size: 14pt;\">Controllo qualit\u00e0<\/span><\/h2>\n<p><a href=\"https:\/\/vimaterial.de\/en\/quality-control\/\"><span style=\"color: #0000ff;\">Ogni lotto<\/span><\/a> di prodotti implementa il pi\u00f9 rigoroso sistema di controllo della qualit\u00e0, abbiamo completato i registri dei prodotti, la tracciabilit\u00e0 del prodotto con una rigorosa garanzia di qualit\u00e0. Disponiamo di un processo completo per la gestione dei prodotti non conformi e non trasmetteremo i prodotti non conformi al processo successivo. Forniamo campioni per la nuova ispezione dei clienti e supportiamo anche le organizzazioni di ispezione di terze parti designate dai clienti.<\/p>\n<h2><span style=\"font-size: 14pt;\">Imballaggio e stoccaggio<\/span><\/h2>\n<p>La polvere di tellururo di rame viene confezionata in doppi sacchetti sottovuoto o bottiglie dopo il doppio insacchetto. L&#8217;unit\u00e0 di imballaggio minima \u00e8 di 100 g\/bottiglia.<\/p>\n<p>Le polveri di tellururo di rame devono essere conservate in un ambiente asciutto, fresco e ben sigillato, evitando il contatto con aria, umidit\u00e0, agenti ossidanti forti e acidi e prevenendo danni fisici alla polvere o all&#8217;agglomerato dovuti all&#8217;elettricit\u00e0 statica al fine di mantenerne la stabilit\u00e0 chimica e le propriet\u00e0 fisiche.<\/p>\n","protected":false},"excerpt":{"rendered":"<p><span style=\"color: #0000ff;\"><a style=\"color: #0000ff;\" href=\"https:\/\/vimaterial.de\/en\/product\/copper-telluride-2\/\">Telluride di rame<\/a><\/span> La polvere \u00e8 una polvere composta da rame e tellurio, solitamente di colore nero o grigio-nero, con propriet\u00e0 semiconduttive e granulometria fine, che svolge un ruolo importante nei campi dell&#8217;optoelettronica, della termoelettrica e dei materiali elettronici.<\/p>\n<p>VIMATERIAL fornisce polvere di tellururo di rame in un&#8217;ampia gamma di purezza, la nostra granulometria di polvere di tellururo di rame pu\u00f2 essere personalizzata e pu\u00f2 essere ordinata in piccole quantit\u00e0. I nostri prodotti sono economici e stabili, abbiamo una fornitura e uno stock sufficienti, tempi di consegna brevi, vi preghiamo di <span style=\"color: #0000ff;\"><a style=\"color: #0000ff;\" href=\"https:\/\/vimaterial.de\/en\/contact-us\/\">contattarci<\/a><\/span> se necessario.<\/p>\n","protected":false},"featured_media":1003017,"comment_status":"open","ping_status":"closed","template":"","meta":{"_acf_changed":false},"product_brand":[],"product_cat":[200],"product_tag":[],"class_list":{"0":"post-1017153","1":"product","2":"type-product","3":"status-publish","4":"has-post-thumbnail","6":"product_cat-materiali-calcogenidici","8":"first","9":"instock","10":"shipping-taxable","11":"product-type-variable"},"acf":[],"_links":{"self":[{"href":"https:\/\/vimaterial.de\/it\/wp-json\/wp\/v2\/product\/1017153","targetHints":{"allow":["GET"]}}],"collection":[{"href":"https:\/\/vimaterial.de\/it\/wp-json\/wp\/v2\/product"}],"about":[{"href":"https:\/\/vimaterial.de\/it\/wp-json\/wp\/v2\/types\/product"}],"replies":[{"embeddable":true,"href":"https:\/\/vimaterial.de\/it\/wp-json\/wp\/v2\/comments?post=1017153"}],"wp:featuredmedia":[{"embeddable":true,"href":"https:\/\/vimaterial.de\/it\/wp-json\/wp\/v2\/media\/1003017"}],"wp:attachment":[{"href":"https:\/\/vimaterial.de\/it\/wp-json\/wp\/v2\/media?parent=1017153"}],"wp:term":[{"taxonomy":"product_brand","embeddable":true,"href":"https:\/\/vimaterial.de\/it\/wp-json\/wp\/v2\/product_brand?post=1017153"},{"taxonomy":"product_cat","embeddable":true,"href":"https:\/\/vimaterial.de\/it\/wp-json\/wp\/v2\/product_cat?post=1017153"},{"taxonomy":"product_tag","embeddable":true,"href":"https:\/\/vimaterial.de\/it\/wp-json\/wp\/v2\/product_tag?post=1017153"}],"curies":[{"name":"wp","href":"https:\/\/api.w.org\/{rel}","templated":true}]}}