{"id":1017136,"date":"2024-06-17T14:56:34","date_gmt":"2024-06-17T06:56:34","guid":{"rendered":"https:\/\/vimaterial.de\/product\/solfuro-di-rame-e-zinco-e-stagno-czts-3\/"},"modified":"2025-04-11T16:19:43","modified_gmt":"2025-04-11T08:19:43","slug":"solfuro-di-rame-e-zinco-e-stagno-czts-3","status":"publish","type":"product","link":"https:\/\/vimaterial.de\/it\/product\/solfuro-di-rame-e-zinco-e-stagno-czts-3\/","title":{"rendered":"Solfuro di rame e zinco-stagno (CZTS)"},"content":{"rendered":"<p>I granuli di <span style=\"color: #0000ff;\"><a style=\"color: #0000ff;\" href=\"https:\/\/vimaterial.de\/it\/product\/solfuro-di-rame-e-zinco-e-stagno-czts-2\/\">solfuro di rame e stagno<\/a><\/span> sono un tipo di particelle composte tetramerica, composte principalmente da elementi di rame, zinco, stagno e zolfo, che hanno buone propriet\u00e0 fotoelettriche e hanno un grande potenziale per l&#8217;applicazione nel campo delle celle solari e di altri dispositivi fotoelettrici.<\/p>\n<p>VIMATERIAL fornisce granuli di solfuro di rame e zinco stagno, abbiamo un&#8217;offerta abbondante, tempi di consegna brevi, prezzi economici e supportiamo ordini di piccole quantit\u00e0, non c&#8217;\u00e8 bisogno di tenere le scorte, acquistare come si utilizza. Se avete qualche richiesta, vi preghiamo di <span style=\"color: #0000ff;\"><a style=\"color: #0000ff;\" href=\"https:\/\/vimaterial.de\/it\/contatto\/\">contattarci<\/a><\/span> in tempo.<\/p>\n<h2><span style=\"font-size: 14pt;\">Propriet\u00e0 fisiche<\/span><\/h2>\n<p>Formula molecolare: Cu\u2082ZnSnS\u2084<\/p>\n<p>Peso molecolare: 439,471<\/p>\n<p>Aspetto: solitamente granuli neri<\/p>\n<p>Densit\u00e0: circa 4,56 g\/cm\u00b3.<\/p>\n<p>Punto di fusione: 990\u00b0C<\/p>\n<p>Struttura cristallina: Sistema cristallino tetragonale<\/p>\n<h2><span style=\"font-size: 14pt;\">Applicazioni<\/span><\/h2>\n<p>Campo fotovoltaico: pu\u00f2 essere utilizzato per preparare lo strato assorbente delle celle solari a film sottile, che pu\u00f2 assorbire efficacemente la luce solare e convertire l&#8217;energia luminosa in elettricit\u00e0 in virt\u00f9 della sua adeguata larghezza di banda vietata e dell&#8217;alto coefficiente di assorbimento, che dovrebbe ridurre il costo delle celle solari e aumentare l&#8217;efficienza di conversione.<\/p>\n<p>Campo del fotorivelatore: Nei fotorivelatori, tali particelle possono produrre un effetto fotoelettrico in condizioni di luce per il rilevamento di segnali luminosi e possono essere utilizzate come materiali assorbenti per convertire i segnali luminosi in segnali elettrici, realizzando il rilevamento dell&#8217;intensit\u00e0 della luce, della lunghezza d&#8217;onda e di altri parametri e svolgendo un ruolo nella comunicazione ottica e nel rilevamento ottico.<\/p>\n<p>Campo di fotocatalisi: pu\u00f2 essere utilizzato come fotocatalizzatore per la degradazione di inquinanti organici o per eseguire la decomposizione fotocatalitica dell&#8217;acqua per la reazione di produzione di idrogeno. Sotto la luce, le sue coppie elettrone-cavit\u00e0 possono partecipare a reazioni redox, provocando la decomposizione di inquinanti organici o la decomposizione dell&#8217;acqua in idrogeno e ossigeno.<\/p>\n<h2><span style=\"font-size: 14pt;\">Controllo qualit\u00e0<\/span><\/h2>\n<p><span style=\"color: #0000ff;\"><a style=\"color: #0000ff;\" href=\"https:\/\/vimaterial.de\/it\/controllo-qualita\/\">Ogni lotto<\/a><\/span> di prodotti implementa il pi\u00f9 rigoroso sistema di controllo della qualit\u00e0, abbiamo completato i registri dei prodotti, la tracciabilit\u00e0 del prodotto con una rigorosa garanzia di qualit\u00e0. Disponiamo di un processo completo per la gestione dei prodotti non conformi e non trasmetteremo i prodotti non conformi al processo successivo. Forniamo campioni per la nuova ispezione dei clienti e supportiamo anche le organizzazioni di ispezione di terze parti designate dai clienti.<\/p>\n<h2><span style=\"font-size: 14pt;\">Imballaggio e stoccaggio<\/span><\/h2>\n<p>I granuli di solfuro di rame e zinco stagno sono confezionati in sacchetti a doppio vuoto o in bottiglie a doppio vuoto e l&#8217;unit\u00e0 di imballaggio minima \u00e8 di 100 g\/bottiglia.<\/p>\n<p>I granuli di solfuro di rame e zinco stagno devono essere conservati in un ambiente asciutto, fresco e sigillato, evitando l&#8217;umidit\u00e0 e l&#8217;ossidazione, e lontano da fonti di calore e altre sostanze che possono produrre reazioni chimiche, al fine di mantenere la stabilit\u00e0 chimica e le propriet\u00e0 fisiche dei pellet.<\/p>\n","protected":false},"excerpt":{"rendered":"<p>I granuli di <span style=\"color: #0000ff;\"><a style=\"color: #0000ff;\" href=\"https:\/\/vimaterial.de\/it\/product\/solfuro-di-rame-e-zinco-e-stagno-czts-2\/\">solfuro di rame e stagno<\/a><\/span> sono un tipo di particelle composte tetramerica, composte principalmente da elementi di rame, zinco, stagno e zolfo, che hanno buone propriet\u00e0 fotoelettriche e hanno un grande potenziale per l&#8217;applicazione nel campo delle celle solari e di altri dispositivi fotoelettrici.<\/p>\n<p>VIMATERIAL fornisce granuli di solfuro di rame e zinco stagno, abbiamo un&#8217;offerta abbondante, tempi di consegna brevi, prezzi economici e supportiamo ordini di piccole quantit\u00e0, non c&#8217;\u00e8 bisogno di tenere le scorte, acquistare come si utilizza. Se avete qualche richiesta, vi preghiamo di <span style=\"color: #0000ff;\"><a style=\"color: #0000ff;\" href=\"https:\/\/vimaterial.de\/it\/contatto\/\">contattarci<\/a><\/span> in tempo.<\/p>\n","protected":false},"featured_media":1003033,"comment_status":"open","ping_status":"closed","template":"","meta":{"_acf_changed":false},"product_brand":[],"product_cat":[198],"product_tag":[],"class_list":{"0":"post-1017136","1":"product","2":"type-product","3":"status-publish","4":"has-post-thumbnail","6":"product_cat-materiali-per-levaporazione","8":"first","9":"instock","10":"shipping-taxable","11":"product-type-variable"},"acf":[],"_links":{"self":[{"href":"https:\/\/vimaterial.de\/it\/wp-json\/wp\/v2\/product\/1017136","targetHints":{"allow":["GET"]}}],"collection":[{"href":"https:\/\/vimaterial.de\/it\/wp-json\/wp\/v2\/product"}],"about":[{"href":"https:\/\/vimaterial.de\/it\/wp-json\/wp\/v2\/types\/product"}],"replies":[{"embeddable":true,"href":"https:\/\/vimaterial.de\/it\/wp-json\/wp\/v2\/comments?post=1017136"}],"wp:featuredmedia":[{"embeddable":true,"href":"https:\/\/vimaterial.de\/it\/wp-json\/wp\/v2\/media\/1003033"}],"wp:attachment":[{"href":"https:\/\/vimaterial.de\/it\/wp-json\/wp\/v2\/media?parent=1017136"}],"wp:term":[{"taxonomy":"product_brand","embeddable":true,"href":"https:\/\/vimaterial.de\/it\/wp-json\/wp\/v2\/product_brand?post=1017136"},{"taxonomy":"product_cat","embeddable":true,"href":"https:\/\/vimaterial.de\/it\/wp-json\/wp\/v2\/product_cat?post=1017136"},{"taxonomy":"product_tag","embeddable":true,"href":"https:\/\/vimaterial.de\/it\/wp-json\/wp\/v2\/product_tag?post=1017136"}],"curies":[{"name":"wp","href":"https:\/\/api.w.org\/{rel}","templated":true}]}}