{"id":1017133,"date":"2024-06-17T14:56:34","date_gmt":"2024-06-17T06:56:34","guid":{"rendered":"https:\/\/vimaterial.de\/product\/rame-telluride-3\/"},"modified":"2025-04-11T16:41:13","modified_gmt":"2025-04-11T08:41:13","slug":"rame-telluride-3","status":"publish","type":"product","link":"https:\/\/vimaterial.de\/it\/product\/rame-telluride-3\/","title":{"rendered":"Telluride di rame"},"content":{"rendered":"<p>I bersagli sputtering di <span style=\"color: #0000ff;\"><a style=\"color: #0000ff;\" href=\"https:\/\/vimaterial.de\/it\/product\/rame-telluride-5\/\">telluride<\/a><\/span><span style=\"color: #0000ff;\"><a style=\"color: #0000ff;\" href=\"https:\/\/vimaterial.de\/it\/product\/rame-telluride-5\/\"> di rame<\/a> <\/span>sono bersagli composti ceramici costituiti da rame e tellurio che vengono utilizzati nella tecnologia di rivestimento sputtering magnetron per preparare specifici film sottili funzionali.<\/p>\n<p>I target di sputtering in tellururo di rame forniti da VIMATERIAL sono caratterizzati da elevata purezza, dimensioni dei target personalizzate, propriet\u00e0 stabili e buona planarit\u00e0 della superficie. Abbiamo un team di ricerca e sviluppo professionale per supportare la personalizzazione e la definizione degli obiettivi, non esitate <span style=\"color: #0000ff;\"><a style=\"color: #0000ff;\" href=\"https:\/\/vimaterial.de\/it\/contatto\/\">a contattarci<\/a><\/span>.<\/p>\n<h2><span style=\"font-size: 14pt;\">Propriet\u00e0 fisiche<\/span><\/h2>\n<p>Formula molecolare: Cu\u2082Te<\/p>\n<p>Peso molecolare: 254,69<\/p>\n<p>Aspetto: bersaglio solitamente blu-nero<\/p>\n<p>Punto di fusione: circa 900\u00b0C<\/p>\n<p>Struttura cristallina: appartiene al sistema cristallino cubico, i suoi atomi di rame e tellurio sono disposti secondo una certa legge per formare una struttura cristallina stabile, il Cu\u2082Te con questa struttura mostra alcune propriet\u00e0 fisiche e chimiche speciali, che lo rendono adatto per il rivestimento specifico per sputtering.<\/p>\n<h2><span style=\"font-size: 14pt;\">Applicazioni<\/span><\/h2>\n<p>Campo fotovoltaico: utilizzato nella produzione di celle solari come strato di contatto posteriore per migliorare l&#8217;efficienza di conversione fotoelettrica delle celle.<\/p>\n<p>Elettronica: nella produzione di dispositivi a semiconduttore, pu\u00f2 essere utilizzato come elettrodo o materiale di contatto, che pu\u00f2 migliorare le prestazioni di trasporto degli elettroni e migliorare le prestazioni elettriche del dispositivo.<\/p>\n<p>Campo termoelettrico: pu\u00f2 essere utilizzato nella preparazione di materiali termoelettrici, utilizzando i suoi effetti Seebeck e Peltier per ottenere la conversione reciproca tra calore ed elettricit\u00e0.<\/p>\n<h2><span style=\"font-size: 14pt;\">Controllo qualit\u00e0<\/span><\/h2>\n<p><span style=\"color: #0000ff;\"><a style=\"color: #0000ff;\" href=\"https:\/\/vimaterial.de\/it\/controllo-qualita\/\">Ogni lotto<\/a> <\/span>di prodotti implementa il pi\u00f9 rigoroso sistema di controllo della qualit\u00e0, abbiamo completato i registri dei prodotti, la tracciabilit\u00e0 del prodotto con una rigorosa garanzia di qualit\u00e0. Disponiamo di un processo completo per la gestione dei prodotti non conformi e non trasmetteremo i prodotti non conformi al processo successivo. Forniamo campioni per la nuova ispezione dei clienti e supportiamo anche le organizzazioni di ispezione di terze parti designate dai clienti.<\/p>\n<h2><span style=\"font-size: 14pt;\">Imballaggio e stoccaggio<\/span><\/h2>\n<p>I bersagli sputtering in rame tellurino sono confezionati in doppi sacchetti sottovuoto e quindi inscatolati per protezione.<\/p>\n<p>I bersagli sputtering del tellururo di rame devono essere conservati in un ambiente asciutto, fresco e ben ventilato per evitare umidit\u00e0, ossidazione, collisioni meccaniche e contaminazione chimica, preferibilmente in confezioni sigillate e collocate sugli scaffali dei magazzini con un adeguato controllo della temperatura e dell&#8217;umidit\u00e0.<\/p>\n","protected":false},"excerpt":{"rendered":"<p>I bersagli sputtering di <span style=\"color: #0000ff;\"><a style=\"color: #0000ff;\" href=\"https:\/\/vimaterial.de\/it\/product\/rame-telluride-5\/\">telluride<\/a><\/span><span style=\"color: #0000ff;\"><a style=\"color: #0000ff;\" href=\"https:\/\/vimaterial.de\/it\/product\/rame-telluride-5\/\"> di rame<\/a> <\/span>sono bersagli composti ceramici costituiti da rame e tellurio che vengono utilizzati nella tecnologia di rivestimento sputtering magnetron per preparare specifici film sottili funzionali.<\/p>\n<p>I target di sputtering in tellururo di rame forniti da VIMATERIAL sono caratterizzati da elevata purezza, dimensioni dei target personalizzate, propriet\u00e0 stabili e buona planarit\u00e0 della superficie. Abbiamo un team di ricerca e sviluppo professionale per supportare la personalizzazione e la definizione degli obiettivi, non esitate <span style=\"color: #0000ff;\"><a style=\"color: #0000ff;\" href=\"https:\/\/vimaterial.de\/it\/contatto\/\">a contattarci<\/a><\/span>.<\/p>\n","protected":false},"featured_media":1003017,"comment_status":"open","ping_status":"closed","template":"","meta":{"_acf_changed":false},"product_brand":[],"product_cat":[197],"product_tag":[],"class_list":{"0":"post-1017133","1":"product","2":"type-product","3":"status-publish","4":"has-post-thumbnail","6":"product_cat-obiettivi-di-sputtering-planari","8":"first","9":"instock","10":"shipping-taxable","11":"product-type-variable"},"acf":[],"_links":{"self":[{"href":"https:\/\/vimaterial.de\/it\/wp-json\/wp\/v2\/product\/1017133","targetHints":{"allow":["GET"]}}],"collection":[{"href":"https:\/\/vimaterial.de\/it\/wp-json\/wp\/v2\/product"}],"about":[{"href":"https:\/\/vimaterial.de\/it\/wp-json\/wp\/v2\/types\/product"}],"replies":[{"embeddable":true,"href":"https:\/\/vimaterial.de\/it\/wp-json\/wp\/v2\/comments?post=1017133"}],"wp:featuredmedia":[{"embeddable":true,"href":"https:\/\/vimaterial.de\/it\/wp-json\/wp\/v2\/media\/1003017"}],"wp:attachment":[{"href":"https:\/\/vimaterial.de\/it\/wp-json\/wp\/v2\/media?parent=1017133"}],"wp:term":[{"taxonomy":"product_brand","embeddable":true,"href":"https:\/\/vimaterial.de\/it\/wp-json\/wp\/v2\/product_brand?post=1017133"},{"taxonomy":"product_cat","embeddable":true,"href":"https:\/\/vimaterial.de\/it\/wp-json\/wp\/v2\/product_cat?post=1017133"},{"taxonomy":"product_tag","embeddable":true,"href":"https:\/\/vimaterial.de\/it\/wp-json\/wp\/v2\/product_tag?post=1017133"}],"curies":[{"name":"wp","href":"https:\/\/api.w.org\/{rel}","templated":true}]}}