{"id":1017117,"date":"2024-06-17T14:57:38","date_gmt":"2024-06-17T06:57:38","guid":{"rendered":"https:\/\/vimaterial.de\/product\/solfuro-di-rame-e-zinco-e-stagno-czts-2\/"},"modified":"2025-04-11T14:02:41","modified_gmt":"2025-04-11T06:02:41","slug":"solfuro-di-rame-e-zinco-e-stagno-czts-2","status":"publish","type":"product","link":"https:\/\/vimaterial.de\/it\/product\/solfuro-di-rame-e-zinco-e-stagno-czts-2\/","title":{"rendered":"Solfuro di rame e zinco-stagno (CZTS)"},"content":{"rendered":"<p>Il bersaglio sputtering di <span style=\"color: #0000ff;\"><a style=\"color: #0000ff;\" href=\"https:\/\/vimaterial.de\/it\/product\/solfuro-di-rame-e-zinco-e-stagno-czts\/\">solfuro di rame e stagno(CZTS) <\/a><\/span>\u00e8 un materiale utilizzato nella tecnologia di deposizione di film sottili, composto principalmente da elementi di rame, zinco, stagno e zolfo. Attraverso il processo di sputtering, il film CZTS pu\u00f2 essere formato sul substrato, il che \u00e8 potenzialmente applicabile nel campo delle applicazioni fotovoltaiche, come le celle solari.<\/p>\n<p>VIMATERIAL fornisce bersagli di sputtering di solfuro di zinco e stagno di rame ad alta purezza, i nostri bersagli di sputtering di solfuro di zinco e stagno di rame supportano dimensioni e rapporti personalizzati e disponiamo anche di un servizio di incollaggio mirato, abbiamo tecnici professionisti che operano nel settore da oltre 20 anni, vi preghiamo di <span style=\"color: #0000ff;\"><a style=\"color: #0000ff;\" href=\"https:\/\/vimaterial.de\/it\/contatto\/\">contattarci<\/a><\/span> se necessario.<\/p>\n<h2><span style=\"font-size: 14pt;\">Propriet\u00e0 fisiche<i class=\"otgs-ico-refresh js-otgs-popover-tooltip tippy-active\" tabindex=\"0\" data-original-title=\"Update French translation\" aria-describedby=\"tippy-2\"><\/i><\/span><\/h2>\n<p>Formula molecolare: Cu2ZnSnS4<\/p>\n<p>Peso molecolare: circa 439,47 g\/mol<\/p>\n<p>Aspetto: bersaglio solitamente nero<\/p>\n<p>Densit\u00e0: la densit\u00e0 teorica \u00e8 di circa 4,56 g\/cm3.<\/p>\n<p>Punto di fusione: circa 990\u00b0C<\/p>\n<p>Struttura cristallina: Sistema cristallino tetragonale<\/p>\n<h2><span style=\"font-size: 14pt;\">Applicazioni<\/span><\/h2>\n<p>Campo di energia solare: utilizzato nella preparazione di celle solari a film sottile, come materiale a strato di assorbimento, pu\u00f2 assorbire efficacemente la luce solare e convertirla in elettricit\u00e0.<\/p>\n<p>Campo optoelettronico: svolge un ruolo nella ricerca e nello sviluppo di dispositivi optoelettronici come fotorivelatori e laser, utilizzando le sue propriet\u00e0 semiconduttrici per ottenere la conversione fotoelettrica e altre funzioni.<\/p>\n<p>Campo dei semiconduttori: pu\u00f2 essere utilizzato nella ricerca e nello sviluppo di materiali semiconduttori, fornendo materiali di base per lo sviluppo di nuovi dispositivi a semiconduttore e contribuendo a migliorare le prestazioni dei dispositivi a semiconduttore.<\/p>\n<h2><span style=\"font-size: 14pt;\">Controllo qualit\u00e0<\/span><\/h2>\n<p><span style=\"color: #0000ff;\"><a style=\"color: #0000ff;\" href=\"https:\/\/vimaterial.de\/it\/controllo-qualita\/\">Ogni lotto<\/a><\/span> di prodotti implementa il pi\u00f9 rigoroso sistema di controllo della qualit\u00e0, abbiamo completato i registri dei prodotti, la tracciabilit\u00e0 del prodotto con una rigorosa garanzia di qualit\u00e0. Disponiamo di un processo completo per la gestione dei prodotti non conformi e non trasmetteremo i prodotti non conformi al processo successivo. Forniamo campioni per la nuova ispezione dei clienti e supportiamo anche le organizzazioni di ispezione di terze parti designate dai clienti.<\/p>\n<h2><span style=\"font-size: 14pt;\">Imballaggio e stoccaggio<\/span><\/h2>\n<p>I bersagli sputtering di solfuro di rame e zinco stagno sono confezionati in doppi sacchetti sottovuoto e poi inscatolati.<\/p>\n<p>I bersagli sputtering di solfuro di rame e zinco stagno devono essere conservati in un ambiente asciutto, fresco e ben ventilato, evitando l&#8217;umidit\u00e0, l&#8217;ossidazione e il contatto con sostanze corrosive e allo stesso tempo prevenendo danni fisici, preferibilmente in confezioni sigillate per garantire che le sue prestazioni e qualit\u00e0 non siano compromesse.<\/p>\n","protected":false},"excerpt":{"rendered":"<p>Il bersaglio sputtering di <span style=\"color: #0000ff;\"><a style=\"color: #0000ff;\" href=\"https:\/\/vimaterial.de\/it\/product\/solfuro-di-rame-e-zinco-e-stagno-czts\/\">solfuro di rame e stagno(CZTS) <\/a><\/span>\u00e8 un materiale utilizzato nella tecnologia di deposizione di film sottili, composto principalmente da elementi di rame, zinco, stagno e zolfo. Attraverso il processo di sputtering, il film CZTS pu\u00f2 essere formato sul substrato, il che \u00e8 potenzialmente applicabile nel campo delle applicazioni fotovoltaiche, come le celle solari.<\/p>\n","protected":false},"featured_media":1003033,"comment_status":"open","ping_status":"closed","template":"","meta":{"_acf_changed":false},"product_brand":[],"product_cat":[197],"product_tag":[],"class_list":{"0":"post-1017117","1":"product","2":"type-product","3":"status-publish","4":"has-post-thumbnail","6":"product_cat-obiettivi-di-sputtering-planari","8":"first","9":"instock","10":"shipping-taxable","11":"product-type-variable"},"acf":[],"_links":{"self":[{"href":"https:\/\/vimaterial.de\/it\/wp-json\/wp\/v2\/product\/1017117","targetHints":{"allow":["GET"]}}],"collection":[{"href":"https:\/\/vimaterial.de\/it\/wp-json\/wp\/v2\/product"}],"about":[{"href":"https:\/\/vimaterial.de\/it\/wp-json\/wp\/v2\/types\/product"}],"replies":[{"embeddable":true,"href":"https:\/\/vimaterial.de\/it\/wp-json\/wp\/v2\/comments?post=1017117"}],"wp:featuredmedia":[{"embeddable":true,"href":"https:\/\/vimaterial.de\/it\/wp-json\/wp\/v2\/media\/1003033"}],"wp:attachment":[{"href":"https:\/\/vimaterial.de\/it\/wp-json\/wp\/v2\/media?parent=1017117"}],"wp:term":[{"taxonomy":"product_brand","embeddable":true,"href":"https:\/\/vimaterial.de\/it\/wp-json\/wp\/v2\/product_brand?post=1017117"},{"taxonomy":"product_cat","embeddable":true,"href":"https:\/\/vimaterial.de\/it\/wp-json\/wp\/v2\/product_cat?post=1017117"},{"taxonomy":"product_tag","embeddable":true,"href":"https:\/\/vimaterial.de\/it\/wp-json\/wp\/v2\/product_tag?post=1017117"}],"curies":[{"name":"wp","href":"https:\/\/api.w.org\/{rel}","templated":true}]}}