{"id":1017115,"date":"2024-06-17T14:57:38","date_gmt":"2024-06-17T06:57:38","guid":{"rendered":"https:\/\/vimaterial.de\/product\/solfuro-di-rame-e-zinco-e-stagno-czts\/"},"modified":"2025-04-11T16:09:50","modified_gmt":"2025-04-11T08:09:50","slug":"solfuro-di-rame-e-zinco-e-stagno-czts","status":"publish","type":"product","link":"https:\/\/vimaterial.de\/it\/product\/solfuro-di-rame-e-zinco-e-stagno-czts\/","title":{"rendered":"Solfuro di rame e zinco-stagno (CZTS)"},"content":{"rendered":"<p><a href=\"https:\/\/vimaterial.de\/it\/product\/solfuro-di-rame-e-zinco-e-stagno-czts-2\/\"><span style=\"color: #0000ff;\">Solfuro di rame e zinco-stagno (CZTS)<\/span><\/a>\u00a0La polvere \u00e8 un composto tetramerica costituito da rame, zinco, stagno e zolfo, che ha potenziali applicazioni nei campi fotovoltaici come le celle solari.<\/p>\n<p>VIMATERIAL fornisce polvere di solfuro di rame e zinco stagno ad alta purezza. La polvere di solfuro di rame e zinco stagno che forniamo \u00e8 caratterizzata da composizione controllata, stabilit\u00e0 del prodotto, elevata purezza e basse impurit\u00e0. Supportiamo piccoli ordini in lotti e prodotti personalizzati, non esitate <span style=\"color: #0000ff;\"><a style=\"color: #0000ff;\" href=\"https:\/\/vimaterial.de\/it\/contatto\/\">a contattarci!<\/a><\/span><\/p>\n<h2><span style=\"font-size: 14pt;\">Propriet\u00e0 fisiche<\/span><\/h2>\n<p>Formula molecolare: Cu2ZnSnS4<\/p>\n<p>Peso molecolare: circa 439,47 g\/mol<\/p>\n<p>Aspetto: solitamente polvere nera<\/p>\n<p>Densit\u00e0: la densit\u00e0 teorica \u00e8 di circa 4,56 g\/cm3.<\/p>\n<p>Punto di fusione: circa 990\u00b0C<\/p>\n<p>Struttura cristallina: Sistema cristallino tetragonale<\/p>\n<h2><span style=\"font-size: 14pt;\">Applicazioni<\/span><\/h2>\n<p>Campo delle celle solari: utilizzato come materiale dello strato assorbente nelle celle solari a film sottile, pu\u00f2 sostituire CIGS, ridurre i costi e migliorare la compatibilit\u00e0 ambientale.<\/p>\n<p>Optoelettronica: Sulla base delle sue eccellenti propriet\u00e0 fotoelettriche, pu\u00f2 essere utilizzata per preparare fotorivelatori ad alte prestazioni per il rilevamento e la conversione di segnali luminosi di diverse lunghezze d&#8217;onda. Adatto per la produzione di dispositivi optoelettronici come LED, laser, ecc., utilizzando le sue propriet\u00e0 ottiche ed elettriche per ottenere l&#8217;emissione e il controllo della luce.<\/p>\n<p>Sensori: possono essere utilizzati come materiali sensibili per la preparazione di sensori per rilevare e rilevare sostanze o grandezze fisiche specifiche, come sensori di gas e sensori di pressione.<\/p>\n<p>Campo del chip di memoria: pu\u00f2 essere applicato allo sviluppo e alla produzione di chip di memoria, utilizzando le sue propriet\u00e0 elettriche per ottenere l&#8217;archiviazione e la lettura dei dati e altre funzioni.<\/p>\n<h2><span style=\"font-size: 14pt;\">Controllo qualit\u00e0<\/span><\/h2>\n<p><span style=\"color: #0000ff;\"><a style=\"color: #0000ff;\" href=\"https:\/\/vimaterial.de\/it\/controllo-qualita\/\">Ogni lotto<\/a> <\/span>di prodotti implementa il pi\u00f9 rigoroso sistema di controllo della qualit\u00e0, abbiamo completato i registri dei prodotti, la tracciabilit\u00e0 del prodotto con una rigorosa garanzia di qualit\u00e0. Disponiamo di un processo completo per la gestione dei prodotti non conformi e non trasmetteremo i prodotti non conformi al processo successivo. Forniamo campioni per la nuova ispezione dei clienti e supportiamo anche le organizzazioni di ispezione di terze parti designate dai clienti.<\/p>\n<h2><span style=\"font-size: 14pt;\">Imballaggio e stoccaggio<\/span><\/h2>\n<p>La polvere di solfuro di rame e zinco e stagno \u00e8 confezionata in sacchetti o flaconi sottovuoto doppi con un&#8217;unit\u00e0 di imballaggio minima di 100 g\/bottiglia.<\/p>\n<p>Le polveri di solfuro di rame e zinco stagno devono essere conservate in un ambiente asciutto, fresco e ben ventilato, protetto da umidit\u00e0, ossidazione e luce diretta e lontano da fonti di accensione e sostanze corrosive, e preferibilmente in contenitori ermetici per evitare cambiamenti nelle loro propriet\u00e0 fisiche e chimiche.<\/p>\n","protected":false},"excerpt":{"rendered":"<p><a href=\"https:\/\/vimaterial.de\/it\/product\/solfuro-di-rame-e-zinco-e-stagno-czts-2\/\"><span style=\"color: #0000ff;\">Solfuro di rame e zinco-stagno (CZTS)<\/span><\/a>\u00a0La polvere \u00e8 un composto tetramerica costituito da rame, zinco, stagno e zolfo, che ha potenziali applicazioni nei campi fotovoltaici come le celle solari.<\/p>\n<p>VIMATERIAL fornisce polvere di solfuro di rame e zinco stagno ad alta purezza. La polvere di solfuro di rame e zinco stagno che forniamo \u00e8 caratterizzata da composizione controllata, stabilit\u00e0 del prodotto, elevata purezza e basse impurit\u00e0. Supportiamo piccoli ordini in lotti e prodotti personalizzati, non esitate <span style=\"color: #0000ff;\"><a style=\"color: #0000ff;\" href=\"https:\/\/vimaterial.de\/it\/contatto\/\">a contattarci!<\/a><\/span><\/p>\n","protected":false},"featured_media":1003033,"comment_status":"open","ping_status":"closed","template":"","meta":{"_acf_changed":false},"product_brand":[],"product_cat":[200],"product_tag":[],"class_list":{"0":"post-1017115","1":"product","2":"type-product","3":"status-publish","4":"has-post-thumbnail","6":"product_cat-materiali-calcogenidici","8":"first","9":"instock","10":"shipping-taxable","11":"product-type-variable"},"acf":[],"_links":{"self":[{"href":"https:\/\/vimaterial.de\/it\/wp-json\/wp\/v2\/product\/1017115","targetHints":{"allow":["GET"]}}],"collection":[{"href":"https:\/\/vimaterial.de\/it\/wp-json\/wp\/v2\/product"}],"about":[{"href":"https:\/\/vimaterial.de\/it\/wp-json\/wp\/v2\/types\/product"}],"replies":[{"embeddable":true,"href":"https:\/\/vimaterial.de\/it\/wp-json\/wp\/v2\/comments?post=1017115"}],"wp:featuredmedia":[{"embeddable":true,"href":"https:\/\/vimaterial.de\/it\/wp-json\/wp\/v2\/media\/1003033"}],"wp:attachment":[{"href":"https:\/\/vimaterial.de\/it\/wp-json\/wp\/v2\/media?parent=1017115"}],"wp:term":[{"taxonomy":"product_brand","embeddable":true,"href":"https:\/\/vimaterial.de\/it\/wp-json\/wp\/v2\/product_brand?post=1017115"},{"taxonomy":"product_cat","embeddable":true,"href":"https:\/\/vimaterial.de\/it\/wp-json\/wp\/v2\/product_cat?post=1017115"},{"taxonomy":"product_tag","embeddable":true,"href":"https:\/\/vimaterial.de\/it\/wp-json\/wp\/v2\/product_tag?post=1017115"}],"curies":[{"name":"wp","href":"https:\/\/api.w.org\/{rel}","templated":true}]}}