{"id":1017087,"date":"2024-06-17T14:57:38","date_gmt":"2024-06-17T06:57:38","guid":{"rendered":"https:\/\/vimaterial.de\/product\/seleniuro-di-rame-zinco-e-stagno\/"},"modified":"2025-04-11T13:37:53","modified_gmt":"2025-04-11T05:37:53","slug":"seleniuro-di-rame-zinco-e-stagno","status":"publish","type":"product","link":"https:\/\/vimaterial.de\/it\/product\/seleniuro-di-rame-zinco-e-stagno\/","title":{"rendered":"Seleniuro di rame zinco stagno"},"content":{"rendered":"<p><a href=\"https:\/\/vimaterial.de\/it\/controllo-qualita\/\">Il bersaglio per sputtering di Seleniuro di rame zinco stagno<\/a> \u00e8 un materiale composto costituito da rame, zinco, stagno e selenio, che viene utilizzato principalmente per la deposizione di film sottili. Il film sottile CZTSe pu\u00f2 essere formato sul substrato mediante la tecnologia sputtering e mostra una buona applicazione nel campo dei convertitori fotovoltaici come le celle solari.<\/p>\n<p>VIMATERIAL fornisce bersagli di sputtering di rame zinco stagno seleniuro di elevata purezza, i nostri target di sputtering di solfuro di rame e zinco stagno supportano dimensioni e rapporti personalizzati e disponiamo anche di un servizio di incollaggio mirato, abbiamo tecnici professionisti che operano nel settore da oltre 20 anni, vi preghiamo di <span style=\"color: #0000ff;\"><a style=\"color: #0000ff;\" href=\"https:\/\/vimaterial.de\/it\/contatto\/\">contattarci<\/a><\/span> se necessario.<\/p>\n<h2><span style=\"font-size: 14pt;\">Propriet\u00e0 fisiche<\/span><\/h2>\n<p>Formula molecolare: Cu\u2082ZnSnSe\u2084<\/p>\n<p>Peso molecolare: circa 674,88 g\/mol<\/p>\n<p>Aspetto: Generalmente nero o grigio-nero<\/p>\n<p>Densit\u00e0: la densit\u00e0 \u00e8 di circa 5,5-5,8 g\/cm\u00b3.<\/p>\n<p>Punto di fusione: punto di fusione nell&#8217;intervallo 900-950 \u00b0C<\/p>\n<p>Struttura cristallina: Tetragonale<\/p>\n<h2><span style=\"font-size: 14pt;\">Applicazioni<\/span><\/h2>\n<p>Campo solare fotovoltaico: pu\u00f2 essere utilizzato come strato assorbente nelle celle solari a film sottile. Con il suo eccellente coefficiente di assorbimento della luce, pu\u00f2 assorbire efficacemente la luce solare e convertirla in elettricit\u00e0, migliorando cos\u00ec l&#8217;efficienza di conversione fotoelettrica delle celle solari.<\/p>\n<p>Campo dei fotorivelatori: nella produzione di fotorivelatori, grazie alle appropriate propriet\u00e0 fotoelettriche e di banda proibita, possono rispondere rapidamente ai segnali ottici, convertire i segnali ottici in segnali elettrici e vengono utilizzati per rilevare parametri come l&#8217;intensit\u00e0 e la frequenza della luce.<\/p>\n<p>Campo dei dispositivi a semiconduttore: come nuovo tipo di materiale semiconduttore utilizzato nella produzione di dispositivi a semiconduttore, come i transistor, la sua speciale struttura cristallina e le propriet\u00e0 elettriche aiutano a migliorare le prestazioni del dispositivo, come la mobilit\u00e0 del vettore e la velocit\u00e0 di commutazione.<\/p>\n<p>Campo laser: Nella ricerca di materiali laser, \u00e8 possibile utilizzarlo nella produzione di mezzi di guadagno laser per ottenere la generazione e l&#8217;amplificazione del laser sfruttando le sue propriet\u00e0 di assorbimento ed emissione della luce di lunghezze d&#8217;onda specifiche.<\/p>\n<h2><span style=\"font-size: 14pt;\">Controllo qualit\u00e0<\/span><\/h2>\n<p><span style=\"color: #0000ff;\"><a style=\"color: #0000ff;\" href=\"https:\/\/vimaterial.de\/it\/controllo-qualita\/\">Ogni lotto<\/a><\/span> di prodotti implementa il pi\u00f9 rigoroso sistema di controllo della qualit\u00e0, abbiamo completato i registri dei prodotti, la tracciabilit\u00e0 del prodotto con una rigorosa garanzia di qualit\u00e0. Disponiamo di un processo completo per la gestione dei prodotti non conformi e non trasmetteremo i prodotti non conformi al processo successivo. Forniamo campioni per la nuova ispezione dei clienti e supportiamo anche le organizzazioni di ispezione di terze parti designate dai clienti.<\/p>\n<h2><span style=\"font-size: 14pt;\">Imballaggio e stoccaggio<\/span><\/h2>\n<p>I bersagli sputtering di rame, zinco, stagno, seleniuro sono confezionati in doppi sacchetti sottovuoto e poi inscatolati.<\/p>\n<p>I bersagli sputtering di rame zinco-stagno devono essere conservati in un ambiente asciutto, a bassa temperatura, a prova di luce e ben sigillato, evitando il contatto con aria, umidit\u00e0 e sostanze corrosive, oltre a prevenire la collisione fisica e l&#8217;estrusione, al fine di mantenerne la stabilit\u00e0 chimica e le propriet\u00e0 fisiche.<\/p>\n","protected":false},"excerpt":{"rendered":"<p><a href=\"https:\/\/vimaterial.de\/it\/controllo-qualita\/\">Il bersaglio per sputtering di Seleniuro di rame zinco stagno<\/a> \u00e8 un materiale composto costituito da rame, zinco, stagno e selenio, che viene utilizzato principalmente per la deposizione di film sottili. Il film sottile CZTSe pu\u00f2 essere formato sul substrato mediante la tecnologia sputtering e mostra una buona applicazione nel campo dei convertitori fotovoltaici come le celle solari.<\/p>\n<p>VIMATERIAL fornisce bersagli di sputtering di rame zinco stagno seleniuro di elevata purezza, i nostri target di sputtering di solfuro di rame e zinco stagno supportano dimensioni e rapporti personalizzati e disponiamo anche di un servizio di incollaggio mirato, abbiamo tecnici professionisti che operano nel settore da oltre 20 anni, vi preghiamo di <span style=\"color: #0000ff;\"><a style=\"color: #0000ff;\" href=\"https:\/\/vimaterial.de\/it\/contatto\/\">contattarci<\/a><\/span> se necessario.<\/p>\n","protected":false},"featured_media":1003049,"comment_status":"open","ping_status":"closed","template":"","meta":{"_acf_changed":false},"product_brand":[],"product_cat":[197],"product_tag":[],"class_list":{"0":"post-1017087","1":"product","2":"type-product","3":"status-publish","4":"has-post-thumbnail","6":"product_cat-obiettivi-di-sputtering-planari","8":"first","9":"instock","10":"shipping-taxable","11":"product-type-variable"},"acf":[],"_links":{"self":[{"href":"https:\/\/vimaterial.de\/it\/wp-json\/wp\/v2\/product\/1017087","targetHints":{"allow":["GET"]}}],"collection":[{"href":"https:\/\/vimaterial.de\/it\/wp-json\/wp\/v2\/product"}],"about":[{"href":"https:\/\/vimaterial.de\/it\/wp-json\/wp\/v2\/types\/product"}],"replies":[{"embeddable":true,"href":"https:\/\/vimaterial.de\/it\/wp-json\/wp\/v2\/comments?post=1017087"}],"wp:featuredmedia":[{"embeddable":true,"href":"https:\/\/vimaterial.de\/it\/wp-json\/wp\/v2\/media\/1003049"}],"wp:attachment":[{"href":"https:\/\/vimaterial.de\/it\/wp-json\/wp\/v2\/media?parent=1017087"}],"wp:term":[{"taxonomy":"product_brand","embeddable":true,"href":"https:\/\/vimaterial.de\/it\/wp-json\/wp\/v2\/product_brand?post=1017087"},{"taxonomy":"product_cat","embeddable":true,"href":"https:\/\/vimaterial.de\/it\/wp-json\/wp\/v2\/product_cat?post=1017087"},{"taxonomy":"product_tag","embeddable":true,"href":"https:\/\/vimaterial.de\/it\/wp-json\/wp\/v2\/product_tag?post=1017087"}],"curies":[{"name":"wp","href":"https:\/\/api.w.org\/{rel}","templated":true}]}}