{"id":1017057,"date":"2024-06-17T14:57:48","date_gmt":"2024-06-17T06:57:48","guid":{"rendered":"https:\/\/vimaterial.de\/product\/alluminato-di-rame-ossido-di-rame-e-alluminio-3\/"},"modified":"2025-04-11T11:21:29","modified_gmt":"2025-04-11T03:21:29","slug":"alluminato-di-rame-ossido-di-rame-e-alluminio-3","status":"publish","type":"product","link":"https:\/\/vimaterial.de\/it\/product\/alluminato-di-rame-ossido-di-rame-e-alluminio-3\/","title":{"rendered":"Alluminato di rame (ossido di rame e alluminio)"},"content":{"rendered":"<p>Le particelle di <span style=\"color: #0000ff;\"><a style=\"color: #0000ff;\" href=\"https:\/\/vimaterial.de\/it\/product\/alluminato-di-rame-ossido-di-rame-e-alluminio\/\">ossido di rame e alluminio<\/a><\/span> sono particelle solide composte da elementi di rame, alluminio e ossigeno. Di solito hanno propriet\u00e0 chimiche stabili. L&#8217;aspetto pu\u00f2 variare a seconda di fattori come la proporzione degli ingredienti. Svolgono un ruolo importante in molti campi come l&#8217;elettronica e l&#8217;ottica e devono essere adeguatamente conservati in un ambiente asciutto e a temperatura adeguata per mantenere le loro prestazioni.<\/p>\n<p>VIMATERIAL fornisce particelle di ossido di rame e alluminio ad alta purezza. Il prodotto ha prestazioni stabili, piccoli imballaggi e bottiglie squisite, piccola quantit\u00e0 minima d&#8217;ordine, inventario sufficiente, perfetto servizio post-vendita e un team tecnico di ricerca e sviluppo professionale. <span style=\"color: #0000ff;\"><a style=\"color: #0000ff;\" href=\"https:\/\/vimaterial.de\/it\/contatto\/\">Contattaci<\/a><\/span> subito.<\/p>\n<h2><span style=\"font-size: 14pt;\">Propriet\u00e0 fisiche<\/span><\/h2>\n<p>Formula molecolare: CuAlO\u2082<\/p>\n<p>Peso molecolare: 120,54<\/p>\n<p>Aspetto: Di solito polvere nera o blu scuro<\/p>\n<p>Densit\u00e0: circa 5,4 g\/cm\u00b3<\/p>\n<p>Punto di fusione: circa 1800\u00b0C<\/p>\n<p>Struttura cristallina: appartiene al sistema esagonale<\/p>\n<h2><span style=\"font-size: 14pt;\">Applicazioni<\/span><\/h2>\n<p>Campo energetico: nelle celle solari, pu\u00f2 essere utilizzato come materiale per lo strato di assorbimento per convertire l&#8217;energia solare in energia elettrica utilizzando le sue eccellenti propriet\u00e0 fotoelettriche.<\/p>\n<p>Campo elettronico: utilizzato per preparare substrati ceramici rivestiti di rame, formando CuAlO\u2082 tra rame e ceramica, che pu\u00f2 aumentare la forza di legame tra metallo e ceramica e migliorare le prestazioni del substrato.<\/p>\n<p>Campo dei dispositivi optoelettronici: con la sua ampia banda proibita, l&#8217;elevata trasparenza e la buona conduttivit\u00e0, pu\u00f2 essere utilizzato per produrre dispositivi optoelettronici come fotorivelatori e transistor a film sottile.<\/p>\n<p>Campo di catalisi: nella reazione elettrochimica di riduzione della CO\u2082, pu\u00f2 essere utilizzato come stabilizzatore di interfaccia per migliorare la selettivit\u00e0 e la stabilit\u00e0 del catalizzatore e aiutare la CO\u2082 a essere convertita in idrocarburi ad alto valore aggiunto.<\/p>\n<p>Campo ceramico: nelle ceramiche al nitruro di alluminio, la presenza di CuAlO\u2082 pu\u00f2 ridurre la costruzione dello strato di interfaccia quando ceramiche e metalli sono compositi, migliorare la forza di legame tra i due ed \u00e8 favorevole alla preparazione di materiali compositi al nitruro di alluminio a base di metallo ad alte prestazioni.<\/p>\n<h2><span style=\"font-size: 14pt;\">Controllo qualit\u00e0<\/span><\/h2>\n<p><span style=\"color: #0000ff;\"><a style=\"color: #0000ff;\" href=\"https:\/\/vimaterial.de\/it\/controllo-qualita\/\">Ogni lotto<\/a><\/span> di prodotti ha un rigoroso processo di controllo della qualit\u00e0. Forniremo campioni ai clienti per ispezionare nuovamente ogni lotto e supporteremo anche i clienti nella designazione di agenzie di test di terze parti per i test.<\/p>\n<h2><span style=\"font-size: 14pt;\">Imballaggio e stoccaggio<\/span><\/h2>\n<p>Le particelle di ossido di rame e alluminio sono confezionate in sacchetti sottovuoto a doppio strato o bottiglie sottovuoto.<\/p>\n<p>Le particelle di ossido di rame e alluminio devono essere conservate in un ambiente asciutto, fresco e ben ventilato, evitare l&#8217;umidit\u00e0, evitare il contatto con sostanze corrosive come acidi e alcali e stare lontano da temperature elevate e aree in cui possono verificarsi incendi. Utilizzare contenitori sigillati per garantire la stabilit\u00e0 delle sue propriet\u00e0 fisiche e chimiche.<\/p>\n","protected":false},"excerpt":{"rendered":"<p>Le particelle di <span style=\"color: #0000ff;\"><a style=\"color: #0000ff;\" href=\"https:\/\/vimaterial.de\/it\/product\/alluminato-di-rame-ossido-di-rame-e-alluminio\/\">ossido di rame e alluminio<\/a><\/span> sono particelle solide composte da elementi di rame, alluminio e ossigeno. Di solito hanno propriet\u00e0 chimiche stabili. L&#8217;aspetto pu\u00f2 variare a seconda di fattori come la proporzione degli ingredienti. Svolgono un ruolo importante in molti campi come l&#8217;elettronica e l&#8217;ottica e devono essere adeguatamente conservati in un ambiente asciutto e a temperatura adeguata per mantenere le loro prestazioni.<\/p>\n","protected":false},"featured_media":1003078,"comment_status":"open","ping_status":"closed","template":"","meta":{"_acf_changed":false},"product_brand":[],"product_cat":[198],"product_tag":[],"class_list":{"0":"post-1017057","1":"product","2":"type-product","3":"status-publish","4":"has-post-thumbnail","6":"product_cat-materiali-per-levaporazione","8":"first","9":"instock","10":"shipping-taxable","11":"product-type-variable"},"acf":[],"_links":{"self":[{"href":"https:\/\/vimaterial.de\/it\/wp-json\/wp\/v2\/product\/1017057","targetHints":{"allow":["GET"]}}],"collection":[{"href":"https:\/\/vimaterial.de\/it\/wp-json\/wp\/v2\/product"}],"about":[{"href":"https:\/\/vimaterial.de\/it\/wp-json\/wp\/v2\/types\/product"}],"replies":[{"embeddable":true,"href":"https:\/\/vimaterial.de\/it\/wp-json\/wp\/v2\/comments?post=1017057"}],"wp:featuredmedia":[{"embeddable":true,"href":"https:\/\/vimaterial.de\/it\/wp-json\/wp\/v2\/media\/1003078"}],"wp:attachment":[{"href":"https:\/\/vimaterial.de\/it\/wp-json\/wp\/v2\/media?parent=1017057"}],"wp:term":[{"taxonomy":"product_brand","embeddable":true,"href":"https:\/\/vimaterial.de\/it\/wp-json\/wp\/v2\/product_brand?post=1017057"},{"taxonomy":"product_cat","embeddable":true,"href":"https:\/\/vimaterial.de\/it\/wp-json\/wp\/v2\/product_cat?post=1017057"},{"taxonomy":"product_tag","embeddable":true,"href":"https:\/\/vimaterial.de\/it\/wp-json\/wp\/v2\/product_tag?post=1017057"}],"curies":[{"name":"wp","href":"https:\/\/api.w.org\/{rel}","templated":true}]}}