{"id":1017054,"date":"2024-06-17T14:57:45","date_gmt":"2024-06-17T06:57:45","guid":{"rendered":"https:\/\/vimaterial.de\/product\/ossido-di-rame-e-alluminio\/"},"modified":"2025-04-11T11:31:49","modified_gmt":"2025-04-11T03:31:49","slug":"ossido-di-rame-e-alluminio","status":"publish","type":"product","link":"https:\/\/vimaterial.de\/it\/product\/ossido-di-rame-e-alluminio\/","title":{"rendered":"Ossido di rame e alluminio"},"content":{"rendered":"<p><span style=\"color: #0000ff;\"><a style=\"color: #0000ff;\" href=\"https:\/\/vimaterial.de\/it\/product\/alluminato-di-rame-ossido-di-rame-e-alluminio-2\/\">La polvere di ossido di rame e alluminio<\/a><\/span> \u00e8 una polvere composta con struttura a spinello, composta principalmente da rame, alluminio e ossigeno, con vari colori, comunemente blu-verde, con buona stabilit\u00e0 chimica, stabilit\u00e0 termica e propriet\u00e0 ottiche, che svolge un ruolo importante nella catalisi, nei materiali luminescenti, nella ceramica e in molti altri campi.<\/p>\n<p>VIMATERIAL fornisce polvere di ossido di rame e alluminio ad alta purezza, come impresa professionale di materie prime chimiche inorganiche, la nostra polvere di ossido di rame e alluminio ha un&#8217;elevata purezza e un&#8217;elevata affidabilit\u00e0 del prodotto, supportiamo l&#8217;ordinazione di piccoli lotti, per risolvere le preoccupazioni del cliente, abbiamo un team tecnico professionale, non esitate <span style=\"color: #0000ff;\"><a style=\"color: #0000ff;\" href=\"https:\/\/vimaterial.de\/it\/contatto\/\">a contattarci.<\/a><\/span><\/p>\n<h2><span style=\"font-size: 14pt;\">Propriet\u00e0 fisiche<\/span><\/h2>\n<p>Formula molecolare: CuAl2O4<\/p>\n<p>Peso molecolare: 181,51 g\/mol<\/p>\n<p>Aspetto: solitamente polvere marrone<\/p>\n<p>Punto di fusione: &gt;1000 \u00b0C (decomposizione)<\/p>\n<p>Struttura cristallina: Struttura a spinello<\/p>\n<h2><span style=\"font-size: 14pt;\">Applicazioni<\/span><\/h2>\n<p>Fotocatalisi: pu\u00f2 essere utilizzato come fotocatalizzatore per degradare gli inquinanti organici, come la soluzione di colorante di cocciniglia indaco sotto luce UV ad alta efficienza.<\/p>\n<p>Elettronica: nei dispositivi elettronici, pu\u00f2 essere utilizzato come materiale per lo strato tampone, che aiuta a migliorare le prestazioni e la stabilit\u00e0 del dispositivo.<\/p>\n<p>Campo ottico: grazie alle sue speciali propriet\u00e0 ottiche, pu\u00f2 essere utilizzato per preparare dispositivi ottici, come i diodi emettitori di luce.<\/p>\n<p>Campo ceramico: come additivo ai materiali ceramici, pu\u00f2 migliorare le propriet\u00e0 meccaniche, la stabilit\u00e0 termica e la stabilit\u00e0 chimica della ceramica ed essere utilizzato per fabbricare prodotti ceramici ad alte prestazioni.<\/p>\n<p>Campo delle batterie agli ioni di litio: pu\u00f2 essere utilizzato come additivo per materiali catodici o materiali per elettrodi di batterie agli ioni di litio per migliorare le prestazioni elettrochimiche e la stabilit\u00e0 del ciclo della batteria.<\/p>\n<h2><span style=\"font-size: 14pt;\">Controllo qualit\u00e0<\/span><\/h2>\n<p><span style=\"color: #0000ff;\"><a style=\"color: #0000ff;\" href=\"https:\/\/vimaterial.de\/it\/controllo-qualita\/\">VIMATERIAL<\/a><\/span> ha costruito un sistema di controllo qualit\u00e0 a tutto tondo, multilivello e a angolo morto zero, dalla selezione delle materie prime, al monitoraggio preciso e alle specifiche rigorose durante l&#8217;intero processo di produzione, all&#8217;ispezione completa prima che i prodotti finiti lascino la fabbrica e al successivo feedback sulla tracciabilit\u00e0, rispettiamo rigorosamente gli standard e le norme pi\u00f9 recenti in ogni fase per fornire i prodotti migliori e pi\u00f9 adatti ai nostri clienti. Forniremo campioni ai nostri clienti e li supporteremo nella ri-ispezione.<\/p>\n<h2><span style=\"font-size: 14pt;\">Imballaggio e stoccaggio<\/span><\/h2>\n<p>La polvere di ossido di rame e alluminio \u00e8 confezionata in doppi sacchetti o bottiglie sottovuoto.<\/p>\n<p>La polvere di ossido di rame e alluminio deve essere conservata in un ambiente asciutto, fresco e ben ventilato, sigillata per evitare l&#8217;umidit\u00e0 e la reazione con l&#8217;umidit\u00e0 dell&#8217;aria, i gas acidi o alcalini e deve essere tenuta lontana dal fuoco e da fonti di calore.<\/p>\n<p>&nbsp;<\/p>\n","protected":false},"excerpt":{"rendered":"<p>La polvere di ossido di rame e alluminio \u00e8 una polvere composta con struttura a spinello, composta principalmente da rame, alluminio e ossigeno, con vari colori, comunemente blu-verde, con buona stabilit\u00e0 chimica, stabilit\u00e0 termica e propriet\u00e0 ottiche, che svolge un ruolo importante nella catalisi, nei materiali luminescenti, nella ceramica e in molti altri campi.<\/p>\n","protected":false},"featured_media":1003071,"comment_status":"open","ping_status":"closed","template":"","meta":{"_acf_changed":false},"product_brand":[],"product_cat":[206],"product_tag":[],"class_list":{"0":"post-1017054","1":"product","2":"type-product","3":"status-publish","4":"has-post-thumbnail","6":"product_cat-altri-materiali","8":"first","9":"instock","10":"shipping-taxable","11":"product-type-variable"},"acf":[],"_links":{"self":[{"href":"https:\/\/vimaterial.de\/it\/wp-json\/wp\/v2\/product\/1017054","targetHints":{"allow":["GET"]}}],"collection":[{"href":"https:\/\/vimaterial.de\/it\/wp-json\/wp\/v2\/product"}],"about":[{"href":"https:\/\/vimaterial.de\/it\/wp-json\/wp\/v2\/types\/product"}],"replies":[{"embeddable":true,"href":"https:\/\/vimaterial.de\/it\/wp-json\/wp\/v2\/comments?post=1017054"}],"wp:featuredmedia":[{"embeddable":true,"href":"https:\/\/vimaterial.de\/it\/wp-json\/wp\/v2\/media\/1003071"}],"wp:attachment":[{"href":"https:\/\/vimaterial.de\/it\/wp-json\/wp\/v2\/media?parent=1017054"}],"wp:term":[{"taxonomy":"product_brand","embeddable":true,"href":"https:\/\/vimaterial.de\/it\/wp-json\/wp\/v2\/product_brand?post=1017054"},{"taxonomy":"product_cat","embeddable":true,"href":"https:\/\/vimaterial.de\/it\/wp-json\/wp\/v2\/product_cat?post=1017054"},{"taxonomy":"product_tag","embeddable":true,"href":"https:\/\/vimaterial.de\/it\/wp-json\/wp\/v2\/product_tag?post=1017054"}],"curies":[{"name":"wp","href":"https:\/\/api.w.org\/{rel}","templated":true}]}}