{"id":1017021,"date":"2024-06-17T14:58:26","date_gmt":"2024-06-17T06:58:26","guid":{"rendered":"https:\/\/vimaterial.de\/product\/bromuro-di-rame\/"},"modified":"2025-04-11T10:42:48","modified_gmt":"2025-04-11T02:42:48","slug":"bromuro-di-rame","status":"publish","type":"product","link":"https:\/\/vimaterial.de\/it\/product\/bromuro-di-rame\/","title":{"rendered":"Bromuro di rame"},"content":{"rendered":"<p><span style=\"color: #0000ff;\"><a style=\"color: #0000ff;\" href=\"https:\/\/vimaterial.de\/it\/prodotti-in-polvere\/\">La polvere di bromuro di rame<\/a><\/span> \u00e8 una polvere grigio chiaro ampiamente utilizzata nella sintesi organica, nella tecnologia laser e in altri campi.<\/p>\n<p>VIMATERIAL fornisce polvere di bromuro di rame con purezza che va da bassa purezza ad alta purezza, specifiche complete, prestazioni stabili del prodotto, piccoli imballaggi e bottiglie squisite. Abbiamo un team tecnico di ricerca e sviluppo professionale, non esitate <span style=\"color: #0000ff;\"><a style=\"color: #0000ff;\" href=\"https:\/\/vimaterial.de\/it\/contatto\/\">a contattarci<\/a><\/span>.<\/p>\n<h2><span style=\"font-size: 14pt;\">Propriet\u00e0 fisiche<\/span><\/h2>\n<p>Formula molecolare: CuBr<\/p>\n<p>Peso molecolare: 143,45 g\/mol<\/p>\n<p>Aspetto: Di solito polvere bianca, ma il campione \u00e8 spesso colorato a causa delle impurit\u00e0 del rame (II) e diventer\u00e0 da verde a blu scuro sotto la luce.<\/p>\n<p>Densit\u00e0: 4,71 g\/cm\u00b3<\/p>\n<p>Punto di fusione: circa 492 \u00b0C<\/p>\n<p>Punto di ebollizione: 1345 \u00b0C<\/p>\n<p>Struttura cristallina: adotta una struttura polimerica simile al solfuro di zinco, in cui gli ioni rame sono coordinati tetraedrici e gli ioni bromuro vengono utilizzati come leganti ponte per collegare gli ioni rame.<\/p>\n<h2><span style=\"font-size: 14pt;\">Applicazioni<\/span><\/h2>\n<p>Campo di sintesi organica: pu\u00f2 essere utilizzato come catalizzatore per reazioni di sintesi organica, come la partecipazione alla polimerizzazione attiva dei radicali liberi del metacrilato di metile.<\/p>\n<p>Campo della tecnologia laser: \u00e8 un importante mezzo di radiazione nei laser al rame-bromo.<\/p>\n<p>Campo di materiale fotosensibile: pu\u00f2 essere utilizzato per la fotografia a colori, utilizzando le sue propriet\u00e0 come la decomposizione della luce per registrare immagini.<\/p>\n<p>Campo del materiale polimerico: pu\u00f2 essere utilizzato per sintetizzare materiali polimerici come cloruro di polivinile e polibutadiene con gruppi laterali di benzoxazina.<\/p>\n<p>Campo della chimica di coordinazione: Reagisce con tioeteri eterociclici per generare complessi mononucleari.<\/p>\n<p>Campo chimico fine: Nella reazione di Sandmeyer, i sali di diazonio possono essere convertiti in corrispondenti bromuri aromatici.<\/p>\n<h2><span style=\"font-size: 14pt;\">Controllo qualit\u00e0<\/span><\/h2>\n<p><a href=\"https:\/\/vimaterial.de\/it\/controllo-qualita\/\"><span style=\"color: #0000ff;\">Ogni lotto<\/span><\/a> di prodotti ha un rigoroso processo di controllo della qualit\u00e0. Forniremo campioni ai clienti per testare nuovamente ogni lotto e supporteremo anche i clienti nella designazione di agenzie di test di terze parti per i test.<\/p>\n<h2><span style=\"font-size: 14pt;\">Imballaggio e stoccaggio<\/span><\/h2>\n<p>La polvere di bromuro di rame \u00e8 confezionata in sacchetti sottovuoto a doppio strato o bottiglie sottovuoto.<br \/>\nLa polvere di bromuro di rame deve essere conservata in un ambiente asciutto, fresco, a prova di luce e ben sigillato. Evitare il contatto con aria, acqua, acidi forti e forti ossidanti. Tenere lontano da fonti di calore e fuoco per evitare ossidazione, deliquescenza e reazioni chimiche e deterioramento.<\/p>\n","protected":false},"excerpt":{"rendered":"<p><span style=\"color: #0000ff;\"><a style=\"color: #0000ff;\" href=\"https:\/\/vimaterial.de\/it\/prodotti-in-polvere\/\">La polvere di bromuro di rame<\/a><\/span> \u00e8 una polvere grigio chiaro ampiamente utilizzata nella sintesi organica, nella tecnologia laser e in altri campi.<\/p>\n<p>VIMATERIAL fornisce polvere di bromuro di rame con purezza che va da bassa purezza ad alta purezza, specifiche complete, prestazioni stabili del prodotto, piccoli imballaggi e bottiglie squisite. Abbiamo un team tecnico di ricerca e sviluppo professionale, non esitate <span style=\"color: #0000ff;\"><a style=\"color: #0000ff;\" href=\"https:\/\/vimaterial.de\/it\/contatto\/\">a contattarci<\/a><\/span>.<\/p>\n","protected":false},"featured_media":1003091,"comment_status":"open","ping_status":"closed","template":"","meta":{"_acf_changed":false},"product_brand":[],"product_cat":[201],"product_tag":[],"class_list":{"0":"post-1017021","1":"product","2":"type-product","3":"status-publish","4":"has-post-thumbnail","6":"product_cat-materiali-a-base-di-alogenuri","8":"first","9":"instock","10":"shipping-taxable","11":"purchasable","12":"product-type-variable"},"acf":[],"_links":{"self":[{"href":"https:\/\/vimaterial.de\/it\/wp-json\/wp\/v2\/product\/1017021","targetHints":{"allow":["GET"]}}],"collection":[{"href":"https:\/\/vimaterial.de\/it\/wp-json\/wp\/v2\/product"}],"about":[{"href":"https:\/\/vimaterial.de\/it\/wp-json\/wp\/v2\/types\/product"}],"replies":[{"embeddable":true,"href":"https:\/\/vimaterial.de\/it\/wp-json\/wp\/v2\/comments?post=1017021"}],"wp:featuredmedia":[{"embeddable":true,"href":"https:\/\/vimaterial.de\/it\/wp-json\/wp\/v2\/media\/1003091"}],"wp:attachment":[{"href":"https:\/\/vimaterial.de\/it\/wp-json\/wp\/v2\/media?parent=1017021"}],"wp:term":[{"taxonomy":"product_brand","embeddable":true,"href":"https:\/\/vimaterial.de\/it\/wp-json\/wp\/v2\/product_brand?post=1017021"},{"taxonomy":"product_cat","embeddable":true,"href":"https:\/\/vimaterial.de\/it\/wp-json\/wp\/v2\/product_cat?post=1017021"},{"taxonomy":"product_tag","embeddable":true,"href":"https:\/\/vimaterial.de\/it\/wp-json\/wp\/v2\/product_tag?post=1017021"}],"curies":[{"name":"wp","href":"https:\/\/api.w.org\/{rel}","templated":true}]}}