{"id":1016984,"date":"2024-06-17T14:58:29","date_gmt":"2024-06-17T06:58:29","guid":{"rendered":"https:\/\/vimaterial.de\/product\/lega-di-rame-e-cromo\/"},"modified":"2025-04-11T09:44:23","modified_gmt":"2025-04-11T01:44:23","slug":"lega-di-rame-e-cromo","status":"publish","type":"product","link":"https:\/\/vimaterial.de\/it\/product\/lega-di-rame-e-cromo\/","title":{"rendered":"Lega di rame e cromo"},"content":{"rendered":"<p>Il bersaglio per sputtering in lega di rame e cromo \u00e8 un materiale per sputtering in lega composto da rame e cromo. Ha una buona conduttivit\u00e0, resistenza alla corrosione e stabilit\u00e0 termica. Viene utilizzato nei processi di rivestimento come lo sputtering del magnetron. Pu\u00f2 depositare film di lega di rame-cromo con propriet\u00e0 specifiche sul substrato e svolgere un ruolo importante nei campi dell&#8217;elettronica e dell&#8217;ottica.<\/p>\n<p>VIMATERIAL fornisce bersagli sputtering in lega di rame e cromo ad alta purezza. Siamo in grado di fornire servizi vincolanti e personalizzare le proporzioni del prodotto. I nostri prodotti sono altamente affidabili, di ottima qualit\u00e0 e hanno un buon servizio post-vendita. <span style=\"color: #0000ff;\"><a style=\"color: #0000ff;\" href=\"https:\/\/vimaterial.de\/it\/contatto\/\"> Contattateci<\/a><\/span>.<\/p>\n<h2><span style=\"font-size: 14pt;\">Propriet\u00e0 fisiche<\/span><\/h2>\n<p>Formula molecolare: CuCr<\/p>\n<p>Aspetto: Solitamente lucentezza metallica, il colore varia con diversi rapporti rame-cromo<\/p>\n<p>Densit\u00e0: 8,3 &#8211; 8,4 g\/cm<\/p>\n<p>Punto di fusione: Il punto di fusione della lega rame-cromo \u00e8 compreso tra i due a causa dei diversi rapporti di composizione, generalmente intorno a 1000 \u00b0C -1500 \u00b0C.<\/p>\n<p>Punto di ebollizione: Anche il punto di ebollizione della lega rame-cromo varia in base alla composizione, all&#8217;incirca tra 1000\u00b0C e 1500\u00b0C. 2000\u00b0C o superiore<\/p>\n<h2><span style=\"font-size: 14pt;\">Applicazioni<\/span><\/h2>\n<p>Campo dei dispositivi elettronici: utilizzato per produrre contatti elettrici e interconnessioni in dispositivi elettronici per migliorare la conduttivit\u00e0 e la resistenza meccanica.<\/p>\n<p>Campo di produzione industriale: rivestito sulla superficie di utensili e parti industriali per migliorarne la resistenza all&#8217;usura e prolungarne la durata.<\/p>\n<p>Campo di gestione termica: grazie all&#8217;eccellente conduttivit\u00e0 termica del rame, pu\u00f2 essere utilizzato per produrre componenti di gestione termica come dissipatori di calore in apparecchiature elettroniche e sistemi di alimentazione.<\/p>\n<p>Campo ottico: pu\u00f2 essere utilizzato per realizzare rivestimenti ad alta riflettivit\u00e0 e durevoli su componenti ottici come lenti e lenti.<\/p>\n<p>Campo magnetico: le sue propriet\u00e0 magnetiche possono essere utilizzate in specifiche schermature magnetiche e nei relativi componenti di apparecchiature.<\/p>\n<p>Campo dei semiconduttori: come strato barriera o contatto elettrico nei dispositivi a semiconduttore, migliora le prestazioni e l&#8217;affidabilit\u00e0.<\/p>\n<p>Settore aerospaziale: utilizzato in componenti ad alta temperatura come l&#8217;aerospaziale che hanno requisiti rigorosi in termini di conducibilit\u00e0 termica e resistenza meccanica.<\/p>\n<h2><span style=\"font-size: 14pt;\">Controllo qualit\u00e0<\/span><\/h2>\n<p><span style=\"color: #0000ff;\"><a style=\"color: #0000ff;\" href=\"https:\/\/vimaterial.de\/it\/controllo-qualita\/\">Ogni lotto<\/a><\/span> di prodotti ha un rigoroso processo di controllo della qualit\u00e0. Forniremo campioni ai clienti per ispezionare nuovamente ogni lotto e supporteremo anche i clienti nella designazione di agenzie di test di terze parti per i test.<\/p>\n<h2><span style=\"font-size: 14pt;\">Imballaggio e stoccaggio<\/span><\/h2>\n<p>I bersagli sputtering in lega di rame e cromo sono confezionati in sacchetti sottovuoto a doppio strato o scatole sottovuoto.<br \/>\nI bersagli per sputtering in lega di rame e cromo devono essere conservati in un ambiente asciutto, fresco e ben ventilato. Devono essere protetti dall&#8217;umidit\u00e0, dall&#8217;ossidazione e dalla corrosione da sostanze corrosive. Dovrebbero anche essere protetti dalla collisione meccanica o dall&#8217;estrusione e dovrebbero essere tenuti lontani dal fuoco e da fonti di calore per garantire la stabilit\u00e0 delle loro propriet\u00e0 fisiche e chimiche.<\/p>\n","protected":false},"excerpt":{"rendered":"<p>Il bersaglio per sputtering in lega di rame e cromo \u00e8 un materiale per sputtering in lega composto da rame e cromo. Ha una buona conduttivit\u00e0, resistenza alla corrosione e stabilit\u00e0 termica. Viene utilizzato nei processi di rivestimento come lo sputtering del magnetron. Pu\u00f2 depositare film di lega di rame-cromo con propriet\u00e0 specifiche sul substrato e svolgere un ruolo importante nei campi dell&#8217;elettronica e dell&#8217;ottica.<\/p>\n","protected":false},"featured_media":1003114,"comment_status":"open","ping_status":"closed","template":"","meta":{"_acf_changed":false},"product_brand":[],"product_cat":[197],"product_tag":[],"class_list":{"0":"post-1016984","1":"product","2":"type-product","3":"status-publish","4":"has-post-thumbnail","6":"product_cat-obiettivi-di-sputtering-planari","8":"first","9":"instock","10":"shipping-taxable","11":"purchasable","12":"product-type-variable"},"acf":[],"_links":{"self":[{"href":"https:\/\/vimaterial.de\/it\/wp-json\/wp\/v2\/product\/1016984","targetHints":{"allow":["GET"]}}],"collection":[{"href":"https:\/\/vimaterial.de\/it\/wp-json\/wp\/v2\/product"}],"about":[{"href":"https:\/\/vimaterial.de\/it\/wp-json\/wp\/v2\/types\/product"}],"replies":[{"embeddable":true,"href":"https:\/\/vimaterial.de\/it\/wp-json\/wp\/v2\/comments?post=1016984"}],"wp:featuredmedia":[{"embeddable":true,"href":"https:\/\/vimaterial.de\/it\/wp-json\/wp\/v2\/media\/1003114"}],"wp:attachment":[{"href":"https:\/\/vimaterial.de\/it\/wp-json\/wp\/v2\/media?parent=1016984"}],"wp:term":[{"taxonomy":"product_brand","embeddable":true,"href":"https:\/\/vimaterial.de\/it\/wp-json\/wp\/v2\/product_brand?post=1016984"},{"taxonomy":"product_cat","embeddable":true,"href":"https:\/\/vimaterial.de\/it\/wp-json\/wp\/v2\/product_cat?post=1016984"},{"taxonomy":"product_tag","embeddable":true,"href":"https:\/\/vimaterial.de\/it\/wp-json\/wp\/v2\/product_tag?post=1016984"}],"curies":[{"name":"wp","href":"https:\/\/api.w.org\/{rel}","templated":true}]}}