{"id":1016933,"date":"2024-06-17T15:09:13","date_gmt":"2024-06-17T07:09:13","guid":{"rendered":"https:\/\/vimaterial.de\/product\/seleniuro-di-gallio-2\/"},"modified":"2024-07-12T11:59:06","modified_gmt":"2024-07-12T03:59:06","slug":"seleniuro-di-gallio-2","status":"publish","type":"product","link":"https:\/\/vimaterial.de\/it\/product\/seleniuro-di-gallio-2\/","title":{"rendered":"Seleniuro di gallio"},"content":{"rendered":"<p>CaratteristicaIl seleniuro di gallio (II) (GaSe) \u00e8 un composto chimico. Ha una struttura a strati esagonali, simile a quella del GaS. \u00c8 un fotoconduttore, un cristallo di seconda generazione armonica in ottica non lineare, ed \u00e8 stato utilizzato come materiale di conversione nel lontano infrarosso a 14-31 THz e oltre. Formula chimica:GaSeMassa molare:148,69 g\/molAspetto:solido marroneDensit\u00e0:5,03 g\/cm3Punto di fusione:960 \u00b0C (1.760 \u00b0F; 1.230 K)Banda proibita :2,1 eV (indiretta)Indice di rifrazione (nD):2,6Struttura cristallina:esagonale, hP8ApplicazioneSi dice che abbia un potenziale per applicazioni ottiche, ma lo sfruttamento di questo potenziale \u00e8 stato limitato dalla capacit\u00e0 di far crescere facilmente i singoli cristalli I cristalli di seleniuro di gallio sono molto promettenti come materiale ottico non lineare e fotoconduttore. Esistono diversi metodi di conversione di frequenza utilizzando materiali ottici non lineari. La generazione di seconda armonica porta al raddoppio della frequenza dei laser ad anidride carbonica a infrarossi. I singoli strati di seleniuro di gallio sono semiconduttori bidimensionali dinamicamente stabili, in cui la banda di valenza ha una forma a cappello messicano invertita, che porta a una transizione di Lifshitz quando il drogaggio delle lacune \u00e8 aumentato.<\/p>\n","protected":false},"excerpt":{"rendered":"<p>CaratteristicaIl seleniuro di gallio (II) (GaSe) \u00e8 un composto chimico. Ha una struttura a strati esagonali, simile a quella del GaS. \u00c8 un fotoconduttore, un cristallo di seconda generazione armonica in ottica non lineare, ed \u00e8 stato utilizzato come materiale di conversione nel lontano infrarosso a 14-31 THz e oltre. Formula chimica:GaSeMassa molare:148,69 g\/molAspetto:solido marroneDensit\u00e0:5,03 [&hellip;]<\/p>\n","protected":false},"featured_media":1004094,"comment_status":"open","ping_status":"closed","template":"","meta":{"_acf_changed":false},"product_brand":[],"product_cat":[200],"product_tag":[],"class_list":{"0":"post-1016933","1":"product","2":"type-product","3":"status-publish","4":"has-post-thumbnail","6":"product_cat-materiali-calcogenidici","8":"first","9":"instock","10":"shipping-taxable","11":"product-type-variable"},"acf":[],"_links":{"self":[{"href":"https:\/\/vimaterial.de\/it\/wp-json\/wp\/v2\/product\/1016933","targetHints":{"allow":["GET"]}}],"collection":[{"href":"https:\/\/vimaterial.de\/it\/wp-json\/wp\/v2\/product"}],"about":[{"href":"https:\/\/vimaterial.de\/it\/wp-json\/wp\/v2\/types\/product"}],"replies":[{"embeddable":true,"href":"https:\/\/vimaterial.de\/it\/wp-json\/wp\/v2\/comments?post=1016933"}],"wp:featuredmedia":[{"embeddable":true,"href":"https:\/\/vimaterial.de\/it\/wp-json\/wp\/v2\/media\/1004094"}],"wp:attachment":[{"href":"https:\/\/vimaterial.de\/it\/wp-json\/wp\/v2\/media?parent=1016933"}],"wp:term":[{"taxonomy":"product_brand","embeddable":true,"href":"https:\/\/vimaterial.de\/it\/wp-json\/wp\/v2\/product_brand?post=1016933"},{"taxonomy":"product_cat","embeddable":true,"href":"https:\/\/vimaterial.de\/it\/wp-json\/wp\/v2\/product_cat?post=1016933"},{"taxonomy":"product_tag","embeddable":true,"href":"https:\/\/vimaterial.de\/it\/wp-json\/wp\/v2\/product_tag?post=1016933"}],"curies":[{"name":"wp","href":"https:\/\/api.w.org\/{rel}","templated":true}]}}