{"id":1016897,"date":"2024-06-17T14:58:33","date_gmt":"2024-06-17T06:58:33","guid":{"rendered":"https:\/\/vimaterial.de\/product\/seleniuro-di-rame-e-gallio-3\/"},"modified":"2025-04-10T18:29:34","modified_gmt":"2025-04-10T10:29:34","slug":"seleniuro-di-rame-e-gallio-3","status":"publish","type":"product","link":"https:\/\/vimaterial.de\/it\/product\/seleniuro-di-rame-e-gallio-3\/","title":{"rendered":"Seleniuro di rame e gallio"},"content":{"rendered":"<p>La polvere di <span style=\"color: #0000ff;\"><a style=\"color: #0000ff;\" href=\"https:\/\/vimaterial.de\/it\/product\/seleniuro-di-rame-e-gallio\/\">seleniuro di rame e gallio<\/a> <\/span>\u00e8 una polvere composta da rame, gallio e selenio. Di solito \u00e8 di colore scuro ed \u00e8 un materiale funzionale con potenziali applicazioni in optoelettronica, semiconduttori e altri campi.<\/p>\n<p>VIMATERIAL fornisce polvere di seleniuro di rame e gallio di elevata purezza. I nostri prodotti sono altamente affidabili, di ottima qualit\u00e0 e con un buon servizio post-vendita. <span style=\"color: #0000ff;\"><a style=\"color: #0000ff;\" href=\"https:\/\/vimaterial.de\/it\/contatto\/\">Contattaci<\/a><\/span> subito.<\/p>\n<h2><span style=\"font-size: 14pt;\">Propriet\u00e0 fisiche<\/span><\/h2>\n<p>Formula molecolare: CuGaSe\u2082<\/p>\n<p>Peso molecolare: 291,19<\/p>\n<p>Aspetto: polvere grigia<\/p>\n<p>Densit\u00e0: 5,56 g\/cm\u00b3<\/p>\n<p>Punto di fusione: 1697\u00b0C<\/p>\n<p>Struttura cristallina: Sistema tetragonale<\/p>\n<h2><span style=\"font-size: 14pt;\">Applicazioni<\/span><\/h2>\n<p>Campo fotovoltaico: la polvere di seleniuro di rame gallio pu\u00f2 essere utilizzata per preparare celle solari, che possono assorbire efficacemente la luce solare e convertirla in energia elettrica.<\/p>\n<p>Campo dei semiconduttori: come importante materiale semiconduttore, pu\u00f2 essere utilizzato per produrre vari dispositivi a semiconduttore, come transistor, diodi, ecc., Il che aiuta a ottenere un funzionamento ad alte prestazioni dei dispositivi elettronici.<\/p>\n<p>Campo optoelettronico: svolge un ruolo nella produzione di fotorivelatori, pu\u00f2 convertire i segnali ottici in segnali elettrici e viene utilizzato nelle comunicazioni ottiche, nel monitoraggio ambientale e in altri campi.<\/p>\n<p>Campo di visualizzazione: pu\u00f2 essere utilizzato nella tecnologia di visualizzazione, come display a cristalli liquidi, display a diodi organici a emissione di luce, ecc., Il che aiuta a migliorare la qualit\u00e0 e le prestazioni del display.<\/p>\n<h2><span style=\"font-size: 14pt;\">Controllo qualit\u00e0<\/span><\/h2>\n<p><span style=\"color: #0000ff;\"><a style=\"color: #0000ff;\" href=\"https:\/\/vimaterial.de\/it\/controllo-qualita\/\">Ogni lotto<\/a><\/span> di prodotti ha un rigoroso processo di controllo della qualit\u00e0. Forniremo campioni ai clienti per ispezionare nuovamente ogni lotto e supporteremo anche i clienti nella designazione di agenzie di test di terze parti per i test.<\/p>\n<h2><span style=\"font-size: 14pt;\">Imballaggio e stoccaggio<\/span><\/h2>\n<p>La polvere di seleniuro di rame e gallio \u00e8 confezionata in sacchetti sottovuoto a doppio strato o flaconi sottovuoto a doppio strato e sono disponibili piccole confezioni.<br \/>\nLa polvere di seleniuro di rame e gallio deve essere conservata in un ambiente asciutto, fresco e ben sigillato per evitare il contatto con aria, umidit\u00e0, acidi forti, alcali forti e altre sostanze per prevenire l&#8217;ossidazione, la deliquescenza e le reazioni chimiche. Va inoltre tenuto lontano da fuoco e fonti di calore.<\/p>\n","protected":false},"excerpt":{"rendered":"<p>La polvere di <span style=\"color: #0000ff;\"><a style=\"color: #0000ff;\" href=\"https:\/\/vimaterial.de\/it\/product\/seleniuro-di-rame-e-gallio\/\">seleniuro di rame e gallio<\/a> <\/span>\u00e8 una polvere composta da rame, gallio e selenio. Di solito \u00e8 di colore scuro ed \u00e8 un materiale funzionale con potenziali applicazioni in optoelettronica, semiconduttori e altri campi.<\/p>\n<p>VIMATERIAL fornisce polvere di seleniuro di rame e gallio di elevata purezza. I nostri prodotti sono altamente affidabili, di ottima qualit\u00e0 e con un buon servizio post-vendita. <span style=\"color: #0000ff;\"><a style=\"color: #0000ff;\" href=\"https:\/\/vimaterial.de\/it\/contatto\/\">Contattaci<\/a><\/span> subito.<\/p>\n","protected":false},"featured_media":1003122,"comment_status":"open","ping_status":"closed","template":"","meta":{"_acf_changed":false},"product_brand":[],"product_cat":[200],"product_tag":[],"class_list":{"0":"post-1016897","1":"product","2":"type-product","3":"status-publish","4":"has-post-thumbnail","6":"product_cat-materiali-calcogenidici","8":"first","9":"instock","10":"shipping-taxable","11":"product-type-variable"},"acf":[],"_links":{"self":[{"href":"https:\/\/vimaterial.de\/it\/wp-json\/wp\/v2\/product\/1016897","targetHints":{"allow":["GET"]}}],"collection":[{"href":"https:\/\/vimaterial.de\/it\/wp-json\/wp\/v2\/product"}],"about":[{"href":"https:\/\/vimaterial.de\/it\/wp-json\/wp\/v2\/types\/product"}],"replies":[{"embeddable":true,"href":"https:\/\/vimaterial.de\/it\/wp-json\/wp\/v2\/comments?post=1016897"}],"wp:featuredmedia":[{"embeddable":true,"href":"https:\/\/vimaterial.de\/it\/wp-json\/wp\/v2\/media\/1003122"}],"wp:attachment":[{"href":"https:\/\/vimaterial.de\/it\/wp-json\/wp\/v2\/media?parent=1016897"}],"wp:term":[{"taxonomy":"product_brand","embeddable":true,"href":"https:\/\/vimaterial.de\/it\/wp-json\/wp\/v2\/product_brand?post=1016897"},{"taxonomy":"product_cat","embeddable":true,"href":"https:\/\/vimaterial.de\/it\/wp-json\/wp\/v2\/product_cat?post=1016897"},{"taxonomy":"product_tag","embeddable":true,"href":"https:\/\/vimaterial.de\/it\/wp-json\/wp\/v2\/product_tag?post=1016897"}],"curies":[{"name":"wp","href":"https:\/\/api.w.org\/{rel}","templated":true}]}}