{"id":1016891,"date":"2024-06-17T14:58:30","date_gmt":"2024-06-17T06:58:30","guid":{"rendered":"https:\/\/vimaterial.de\/product\/seleniuro-di-rame-e-gallio-2\/"},"modified":"2025-04-11T09:26:59","modified_gmt":"2025-04-11T01:26:59","slug":"seleniuro-di-rame-e-gallio-2","status":"publish","type":"product","link":"https:\/\/vimaterial.de\/it\/product\/seleniuro-di-rame-e-gallio-2\/","title":{"rendered":"Seleniuro di rame e gallio"},"content":{"rendered":"<p>I granuli di <span style=\"color: #0000ff;\"><a style=\"color: #0000ff;\" href=\"https:\/\/vimaterial.de\/it\/product\/seleniuro-di-rame-e-gallio\/\">seleniuro di rame e gallio<\/a><\/span> sono particelle semiconduttrici con eccellenti propriet\u00e0 fotoelettriche e sono ampiamente utilizzati in campi high-tech come il fotovoltaico e i dispositivi fotoelettrici.<\/p>\n<p>VIMATERIAL fornisce granuli di seleniuro di rame e gallio ad alta purezza. Pu\u00f2 supportare ordini di piccoli lotti e pu\u00f2 anche essere confezionato in piccoli imballaggi. I nostri prodotti sono altamente affidabili, di ottima qualit\u00e0 e hanno un buon servizio post-vendita. <span style=\"color: #0000ff;\"><a style=\"color: #0000ff;\" href=\"https:\/\/vimaterial.de\/it\/contatto\/\">Contattaci<\/a><\/span> subito.<\/p>\n<h2><span style=\"font-size: 14pt;\">Propriet\u00e0 fisiche<\/span><\/h2>\n<p>Formula molecolare: CuGaSe\u2082<\/p>\n<p>Peso molecolare: 291,19 o 291,21 g\/mol<\/p>\n<p>Aspetto: particelle grigie<\/p>\n<p>Densit\u00e0: 5,56 g\/cm\u00b3<\/p>\n<p>Punto di fusione: 1697 \u00b0C<\/p>\n<p>Struttura cristallina: sistema tetragonale, con struttura cristallina a calcopirite<\/p>\n<h2><span style=\"font-size: 14pt;\">Applicazioni<\/span><\/h2>\n<p>Campo fotovoltaico: le particelle di seleniuro di rame e gallio sono materiali chiave per la preparazione di celle solari ad alta efficienza, che possono migliorare notevolmente l&#8217;efficienza della conversione fotoelettrica.<\/p>\n<p>Campo dei dispositivi optoelettronici: utilizzato per produrre fotodiodi, rivelatori fotovoltaici, fotorivelatori a infrarossi e altri dispositivi optoelettronici e realizzare la conversione di segnali ottici e segnali elettrici con le sue eccellenti propriet\u00e0 optoelettroniche.<\/p>\n<p>Campo di visualizzazione: pu\u00f2 essere utilizzato come materiale di destinazione per preparare film funzionali in dispositivi di visualizzazione attraverso il processo di rivestimento sputtering, come LCD, display a diodi organici a emissione di luce, ecc., che svolgono un ruolo importante.<\/p>\n<p>Campo aerospaziale: le celle solari da esso prodotte possono fornire energia efficiente e stabile a droni, veicoli spaziali, ecc., per soddisfare il loro fabbisogno di elettricit\u00e0 in ambienti speciali come lo spazio.<\/p>\n<h2><span style=\"font-size: 14pt;\">Controllo qualit\u00e0<\/span><\/h2>\n<p><span style=\"color: #0000ff;\"><a style=\"color: #0000ff;\" href=\"https:\/\/vimaterial.de\/it\/controllo-qualita\/\">Ogni lotto<\/a><\/span> di prodotti ha un rigoroso processo di controllo della qualit\u00e0. Forniremo campioni ai clienti per ispezionare nuovamente ogni lotto e supporteremo anche i clienti nella designazione di agenzie di test di terze parti per i test.<\/p>\n<h2><span style=\"font-size: 14pt;\">Imballaggio e stoccaggio<\/span><\/h2>\n<p>I granuli di seleniuro di rame e gallio sono confezionati in sacchetti sottovuoto a doppio strato o in flaconi sottovuoto a doppio strato.<br \/>\nI granuli di seleniuro di rame gallio devono essere conservati in un ambiente asciutto, fresco e ben sigillato, lontano da aria, umidit\u00e0, acidi forti, alcali forti e forti ossidanti per prevenire reazioni chimiche come l&#8217;ossidazione e l&#8217;idrolisi. Allo stesso tempo, devono essere tenuti lontani dal fuoco e da fonti di calore per garantire che la composizione chimica e le propriet\u00e0 fisiche dei granuli non vengano danneggiate.<\/p>\n","protected":false},"excerpt":{"rendered":"<p>I granuli di <span style=\"color: #0000ff;\"><a style=\"color: #0000ff;\" href=\"https:\/\/vimaterial.de\/it\/product\/seleniuro-di-rame-e-gallio\/\">seleniuro di rame e gallio<\/a><\/span> sono particelle semiconduttrici con eccellenti propriet\u00e0 fotoelettriche e sono ampiamente utilizzati in campi high-tech come il fotovoltaico e i dispositivi fotoelettrici.<\/p>\n<p>VIMATERIAL fornisce granuli di seleniuro di rame e gallio ad alta purezza. Pu\u00f2 supportare ordini di piccoli lotti e pu\u00f2 anche essere confezionato in piccoli imballaggi. I nostri prodotti sono altamente affidabili, di ottima qualit\u00e0 e hanno un buon servizio post-vendita. <span style=\"color: #0000ff;\"><a style=\"color: #0000ff;\" href=\"https:\/\/vimaterial.de\/it\/contatto\/\">Contattaci<\/a><\/span> subito.<\/p>\n","protected":false},"featured_media":1003122,"comment_status":"open","ping_status":"closed","template":"","meta":{"_acf_changed":false},"product_brand":[],"product_cat":[198],"product_tag":[],"class_list":{"0":"post-1016891","1":"product","2":"type-product","3":"status-publish","4":"has-post-thumbnail","6":"product_cat-materiali-per-levaporazione","8":"first","9":"instock","10":"shipping-taxable","11":"product-type-variable"},"acf":[],"_links":{"self":[{"href":"https:\/\/vimaterial.de\/it\/wp-json\/wp\/v2\/product\/1016891","targetHints":{"allow":["GET"]}}],"collection":[{"href":"https:\/\/vimaterial.de\/it\/wp-json\/wp\/v2\/product"}],"about":[{"href":"https:\/\/vimaterial.de\/it\/wp-json\/wp\/v2\/types\/product"}],"replies":[{"embeddable":true,"href":"https:\/\/vimaterial.de\/it\/wp-json\/wp\/v2\/comments?post=1016891"}],"wp:featuredmedia":[{"embeddable":true,"href":"https:\/\/vimaterial.de\/it\/wp-json\/wp\/v2\/media\/1003122"}],"wp:attachment":[{"href":"https:\/\/vimaterial.de\/it\/wp-json\/wp\/v2\/media?parent=1016891"}],"wp:term":[{"taxonomy":"product_brand","embeddable":true,"href":"https:\/\/vimaterial.de\/it\/wp-json\/wp\/v2\/product_brand?post=1016891"},{"taxonomy":"product_cat","embeddable":true,"href":"https:\/\/vimaterial.de\/it\/wp-json\/wp\/v2\/product_cat?post=1016891"},{"taxonomy":"product_tag","embeddable":true,"href":"https:\/\/vimaterial.de\/it\/wp-json\/wp\/v2\/product_tag?post=1016891"}],"curies":[{"name":"wp","href":"https:\/\/api.w.org\/{rel}","templated":true}]}}