{"id":1016879,"date":"2024-06-17T14:58:33","date_gmt":"2024-06-17T06:58:33","guid":{"rendered":"https:\/\/vimaterial.de\/product\/seleniuro-di-rame-e-gallio\/"},"modified":"2025-04-10T18:23:50","modified_gmt":"2025-04-10T10:23:50","slug":"seleniuro-di-rame-e-gallio","status":"publish","type":"product","link":"https:\/\/vimaterial.de\/it\/product\/seleniuro-di-rame-e-gallio\/","title":{"rendered":"Seleniuro di rame e gallio"},"content":{"rendered":"<p>Il bersaglio sputtering al <span style=\"color: #0000ff;\"><a style=\"color: #0000ff;\" href=\"https:\/\/vimaterial.de\/it\/product\/seleniuro-di-rame-e-gallio-2\/\">seleniuro di rame e gallio<\/a><\/span> \u00e8 un bersaglio multicomponente utilizzato per lo sputtering con magnetron e altre tecnologie di rivestimento. Pu\u00f2 formare un film sottile con propriet\u00e0 specifiche sul substrato attraverso il processo di sputtering. \u00c8 ampiamente utilizzato nella preparazione di dispositivi optoelettronici come celle solari e fotorivelatori.<\/p>\n<p>VIMATERIAL fornisce bersagli sputtering in seleniuro di rame e gallio ad alta purezza. I nostri prodotti sono altamente affidabili, di ottima qualit\u00e0 e hanno un buon servizio post-vendita. <span style=\"color: #0000ff;\"><a style=\"color: #0000ff;\" href=\"https:\/\/vimaterial.de\/it\/contatto\/\">Contattateci.<\/a><\/span><\/p>\n<h2><span style=\"font-size: 14pt;\">Propriet\u00e0 fisiche<\/span><\/h2>\n<p>Formula molecolare: CuGaSe\u2082<\/p>\n<p>Peso molecolare: circa 212,24<\/p>\n<p>Aspetto: generalmente nero o grigio-nero<\/p>\n<p>Densit\u00e0: 5,56 g\/cm\u00b3<\/p>\n<p>Punto di fusione: circa 950\u00b0C<\/p>\n<p>Struttura cristallina: sistema tetragonale<\/p>\n<h2><span style=\"font-size: 14pt;\">Applicazioni<\/span><\/h2>\n<p>Campo delle celle solari: utilizzato per la preparazione di celle solari a film sottile, pu\u00f2 formare uno strato di assorbimento di alta qualit\u00e0 e migliorare l&#8217;efficienza di conversione fotoelettrica della cella.<\/p>\n<p>Campo fotorivelatore: pu\u00f2 produrre rivelatori sensibili alla luce di una specifica lunghezza d&#8217;onda, realizzare l&#8217;efficace conversione di segnali ottici in segnali elettrici e viene utilizzato nelle comunicazioni ottiche, nel monitoraggio ambientale, ecc.<\/p>\n<p>Campo dei semiconduttori: come materiale semiconduttore, pu\u00f2 essere utilizzato per produrre dispositivi elettronici in circuiti integrati, come transistor, diodi, ecc., per migliorare le prestazioni del dispositivo.<\/p>\n<p>Campo della tecnologia di visualizzazione: Applicato nella produzione di pannelli di visualizzazione, aiuta a ottenere una risoluzione pi\u00f9 elevata e migliori effetti di visualizzazione, come l&#8217;utilizzo come materiale per elettrodi nei display OLED.<\/p>\n<p>Campo di rivestimento ottico: pu\u00f2 produrre film con propriet\u00e0 ottiche specifiche per lenti ottiche, filtri, ecc., Per soddisfare diversi requisiti di applicazioni ottiche, come il miglioramento della trasmissione della luce e l&#8217;aumento della riflettivit\u00e0.<\/p>\n<h2><span style=\"font-size: 14pt;\">Controllo qualit\u00e0<\/span><\/h2>\n<p><span style=\"color: #0000ff;\"><a style=\"color: #0000ff;\" href=\"https:\/\/vimaterial.de\/it\/controllo-qualita\/\">Ogni lotto<\/a><\/span> di prodotti ha un rigoroso processo di controllo della qualit\u00e0. Forniremo campioni ai clienti per ispezionare nuovamente ogni lotto e supporteremo anche i clienti nella designazione di agenzie di test di terze parti per i test.<\/p>\n<h2><span style=\"font-size: 14pt;\">Imballaggio e stoccaggio<\/span><\/h2>\n<p>I bersagli sputtering in seleniuro di rame e gallio sono confezionati in sacchetti o scatole sottovuoto a doppio strato.<\/p>\n<p>I bersagli sputtering in seleniuro di rame e gallio devono essere conservati in un ambiente asciutto, fresco, ben ventilato e pulito. Devono essere protetti da umidit\u00e0, ossidazione, danni meccanici e contaminazione chimica. Allo stesso tempo, devono essere tenuti lontani da fonti di calore e fuoco e sigillati per mantenere le loro prestazioni stabili.<\/p>\n","protected":false},"excerpt":{"rendered":"<p>Il bersaglio sputtering al <span style=\"color: #0000ff;\"><a style=\"color: #0000ff;\" href=\"https:\/\/vimaterial.de\/it\/product\/seleniuro-di-rame-e-gallio-2\/\">seleniuro di rame e gallio<\/a><\/span> \u00e8 un bersaglio multicomponente utilizzato per lo sputtering con magnetron e altre tecnologie di rivestimento. Pu\u00f2 formare un film sottile con propriet\u00e0 specifiche sul substrato attraverso il processo di sputtering. \u00c8 ampiamente utilizzato nella preparazione di dispositivi optoelettronici come celle solari e fotorivelatori.<\/p>\n<p>VIMATERIAL fornisce bersagli sputtering in seleniuro di rame e gallio ad alta purezza. I nostri prodotti sono altamente affidabili, di ottima qualit\u00e0 e hanno un buon servizio post-vendita. <span style=\"color: #0000ff;\"><a style=\"color: #0000ff;\" href=\"https:\/\/vimaterial.de\/it\/contatto\/\">Contattateci.<\/a><\/span><\/p>\n","protected":false},"featured_media":1003122,"comment_status":"open","ping_status":"closed","template":"","meta":{"_acf_changed":false},"product_brand":[],"product_cat":[197],"product_tag":[],"class_list":{"0":"post-1016879","1":"product","2":"type-product","3":"status-publish","4":"has-post-thumbnail","6":"product_cat-obiettivi-di-sputtering-planari","8":"first","9":"instock","10":"shipping-taxable","11":"product-type-variable"},"acf":[],"_links":{"self":[{"href":"https:\/\/vimaterial.de\/it\/wp-json\/wp\/v2\/product\/1016879","targetHints":{"allow":["GET"]}}],"collection":[{"href":"https:\/\/vimaterial.de\/it\/wp-json\/wp\/v2\/product"}],"about":[{"href":"https:\/\/vimaterial.de\/it\/wp-json\/wp\/v2\/types\/product"}],"replies":[{"embeddable":true,"href":"https:\/\/vimaterial.de\/it\/wp-json\/wp\/v2\/comments?post=1016879"}],"wp:featuredmedia":[{"embeddable":true,"href":"https:\/\/vimaterial.de\/it\/wp-json\/wp\/v2\/media\/1003122"}],"wp:attachment":[{"href":"https:\/\/vimaterial.de\/it\/wp-json\/wp\/v2\/media?parent=1016879"}],"wp:term":[{"taxonomy":"product_brand","embeddable":true,"href":"https:\/\/vimaterial.de\/it\/wp-json\/wp\/v2\/product_brand?post=1016879"},{"taxonomy":"product_cat","embeddable":true,"href":"https:\/\/vimaterial.de\/it\/wp-json\/wp\/v2\/product_cat?post=1016879"},{"taxonomy":"product_tag","embeddable":true,"href":"https:\/\/vimaterial.de\/it\/wp-json\/wp\/v2\/product_tag?post=1016879"}],"curies":[{"name":"wp","href":"https:\/\/api.w.org\/{rel}","templated":true}]}}