{"id":1016868,"date":"2024-06-17T14:59:27","date_gmt":"2024-06-17T06:59:27","guid":{"rendered":"https:\/\/vimaterial.de\/product\/tellururo-di-rame-e-gallio\/"},"modified":"2025-04-10T17:57:04","modified_gmt":"2025-04-10T09:57:04","slug":"tellururo-di-rame-e-gallio","status":"publish","type":"product","link":"https:\/\/vimaterial.de\/it\/product\/tellururo-di-rame-e-gallio\/","title":{"rendered":"Tellururo di gallio rame"},"content":{"rendered":"<p>La polvere di <span style=\"color: #0000ff;\"><a style=\"color: #0000ff;\" href=\"https:\/\/vimaterial.de\/it\/product\/tellururo-di-rame-e-gallio-2\/\">Tellururo di gallio rame<\/a>\u00a0<\/span>\u00e8 una polvere composta da rame (Cu), gallio (Ga) e tellurio (Te). \u00c8 ampiamente utilizzato nel fotovoltaico e in altri campi e pu\u00f2 essere utilizzato per preparare materiali per strati di assorbimento di celle solari ad alta efficienza.<\/p>\n<p>La polvere di tellururo di rame gallio fornita da VIMATERIAL ha un&#8217;elevata purezza, una piccola quantit\u00e0 minima d&#8217;ordine, un imballaggio piccolo e pu\u00f2 essere personalizzata in base alle proprie esigenze. Abbiamo un team tecnico professionale. Se hai delle esigenze, non esitare a <span style=\"color: #0000ff;\"><a style=\"color: #0000ff;\" href=\"https:\/\/vimaterial.de\/it\/contatto\/\">contattarci.<\/a><\/span><\/p>\n<h2><span style=\"font-size: 14pt;\">Propriet\u00e0 fisiche<\/span><\/h2>\n<p>Formula molecolare: CuGaTe2<\/p>\n<p>Peso molecolare: 388,47 g\/mol.<\/p>\n<p>Aspetto: polvere da oro a grigio<\/p>\n<p>Punto di fusione: 2127\u00b0C<\/p>\n<p>Struttura cristallina: Sistema tetragonale (struttura calcopirite)<\/p>\n<h2><span style=\"font-size: 14pt;\">Applicazioni<\/span><\/h2>\n<p>Campo fotovoltaico: utilizzato per preparare il materiale dello strato di assorbimento delle celle solari ad alta efficienza, che pu\u00f2 convertire l&#8217;energia solare in energia elettrica.<\/p>\n<p>Campo termoelettrico: come materiale termoelettrico, pu\u00f2 essere utilizzato per fabbricare generatori termoelettrici e frigoriferi termoelettrici per ottenere la conversione reciproca di energia termica ed energia elettrica.<\/p>\n<p>Campo dei dispositivi elettronici: nella produzione di dispositivi elettronici, pu\u00f2 essere utilizzato per preparare film sottili di semiconduttori, elettrodi e altri componenti elettronici attraverso processi come la deposizione fisica da vapore.<\/p>\n<p>Campo optoelettronico: pu\u00f2 essere utilizzato nello sviluppo di dispositivi optoelettronici come fotorivelatori e sensori ottici per convertire i segnali ottici in segnali elettrici.<\/p>\n<h2><span style=\"font-size: 14pt;\">Controllo qualit\u00e0<\/span><\/h2>\n<p><span style=\"color: #0000ff;\"><a style=\"color: #0000ff;\" href=\"https:\/\/vimaterial.de\/it\/controllo-qualita\/\">Ogni lotto<\/a><\/span> di prodotti ha un rigoroso processo di controllo della qualit\u00e0. Forniremo campioni ai clienti per ispezionare nuovamente ogni lotto e supporteremo anche i clienti nella designazione di agenzie di test di terze parti per i test.<\/p>\n<h2><span style=\"font-size: 14pt;\">Imballaggio e stoccaggio<\/span><\/h2>\n<p>La polvere di tellururo di rame gallio \u00e8 confezionata in sacchetti sottovuoto a doppio strato o flaconi sottovuoto a doppio strato e sono disponibili piccole confezioni.<br \/>\nLa polvere di tellururo di rame e gallio deve essere conservata in un ambiente asciutto, fresco e ben ventilato, sigillata e protetta da umidit\u00e0, ossidazione e contatto con sostanze corrosive come acidi e alcali.<\/p>\n","protected":false},"excerpt":{"rendered":"<p>La polvere di <span style=\"color: #0000ff;\"><a style=\"color: #0000ff;\" href=\"https:\/\/vimaterial.de\/it\/product\/tellururo-di-rame-e-gallio-2\/\">Tellururo di gallio rame<\/a>\u00a0<\/span>\u00e8 una polvere composta da rame (Cu), gallio (Ga) e tellurio (Te). \u00c8 ampiamente utilizzato nel fotovoltaico e in altri campi e pu\u00f2 essere utilizzato per preparare materiali per strati di assorbimento di celle solari ad alta efficienza.<\/p>\n<p>La polvere di tellururo di rame gallio fornita da VIMATERIAL ha un&#8217;elevata purezza, una piccola quantit\u00e0 minima d&#8217;ordine, un imballaggio piccolo e pu\u00f2 essere personalizzata in base alle proprie esigenze. Abbiamo un team tecnico professionale. Se hai delle esigenze, non esitare a <span style=\"color: #0000ff;\"><a style=\"color: #0000ff;\" href=\"https:\/\/vimaterial.de\/it\/contatto\/\">contattarci.<\/a><\/span><\/p>\n<p>&nbsp;<\/p>\n","protected":false},"featured_media":1003133,"comment_status":"open","ping_status":"closed","template":"","meta":{"_acf_changed":false},"product_brand":[],"product_cat":[200],"product_tag":[],"class_list":{"0":"post-1016868","1":"product","2":"type-product","3":"status-publish","4":"has-post-thumbnail","6":"product_cat-materiali-calcogenidici","8":"first","9":"instock","10":"shipping-taxable","11":"product-type-variable"},"acf":[],"_links":{"self":[{"href":"https:\/\/vimaterial.de\/it\/wp-json\/wp\/v2\/product\/1016868","targetHints":{"allow":["GET"]}}],"collection":[{"href":"https:\/\/vimaterial.de\/it\/wp-json\/wp\/v2\/product"}],"about":[{"href":"https:\/\/vimaterial.de\/it\/wp-json\/wp\/v2\/types\/product"}],"replies":[{"embeddable":true,"href":"https:\/\/vimaterial.de\/it\/wp-json\/wp\/v2\/comments?post=1016868"}],"wp:featuredmedia":[{"embeddable":true,"href":"https:\/\/vimaterial.de\/it\/wp-json\/wp\/v2\/media\/1003133"}],"wp:attachment":[{"href":"https:\/\/vimaterial.de\/it\/wp-json\/wp\/v2\/media?parent=1016868"}],"wp:term":[{"taxonomy":"product_brand","embeddable":true,"href":"https:\/\/vimaterial.de\/it\/wp-json\/wp\/v2\/product_brand?post=1016868"},{"taxonomy":"product_cat","embeddable":true,"href":"https:\/\/vimaterial.de\/it\/wp-json\/wp\/v2\/product_cat?post=1016868"},{"taxonomy":"product_tag","embeddable":true,"href":"https:\/\/vimaterial.de\/it\/wp-json\/wp\/v2\/product_tag?post=1016868"}],"curies":[{"name":"wp","href":"https:\/\/api.w.org\/{rel}","templated":true}]}}