{"id":1016839,"date":"2024-06-17T14:59:31","date_gmt":"2024-06-17T06:59:31","guid":{"rendered":"https:\/\/vimaterial.de\/product\/ioduro-di-rame-i-2\/"},"modified":"2025-04-10T16:54:47","modified_gmt":"2025-04-10T08:54:47","slug":"ioduro-di-rame-i-2","status":"publish","type":"product","link":"https:\/\/vimaterial.de\/it\/product\/ioduro-di-rame-i-2\/","title":{"rendered":"Ioduro di rame (I)"},"content":{"rendered":"<p>I granuli di <span style=\"color: #0000ff;\"><a style=\"color: #0000ff;\" href=\"https:\/\/vimaterial.de\/it\/product\/ioduro-di-rame-i\/\">rame (I) ioduro<\/a><\/span> sono un composto inorganico insolubile in acqua, di colore da bianco a giallo chiaro, utilizzato principalmente come catalizzatori di sintesi organica, materiali fotosensibili, materiali elettronici e preparati farmaceutici.<\/p>\n<p>I granuli di rame (I) ioduro forniti da VIMATERIAL sono di elevata purezza e possono supportare ordini di piccoli lotti. Anche l&#8217;imballaggio \u00e8 di piccole dimensioni. C&#8217;\u00e8 abbastanza stock. Se ne hai bisogno, ti preghiamo di <span style=\"color: #0000ff;\"><a style=\"color: #0000ff;\" href=\"https:\/\/vimaterial.de\/it\/contatto\/\">contattarci<\/a><\/span> il prima possibile.<\/p>\n<h2><span style=\"font-size: 14pt;\">Propriet\u00e0 fisiche<\/span><\/h2>\n<p>Formula analitica: CuI<\/p>\n<p>Peso molecolare: 190,45<\/p>\n<p>Aspetto: solido da bianco a giallo chiaro, solitamente polvere biancastra<\/p>\n<p>Densit\u00e0: 5,67 g\/cm\u00b3<\/p>\n<p>Punto di fusione: 606 \u00b0C<\/p>\n<p>Punto di ebollizione: 1290 \u00b0C<\/p>\n<p>Struttura cristallina: al di sotto di 390 \u00b0C, adotta una struttura di blenda di zinco, gli ioni sono coordinati tetraedricamente e la lunghezza del legame Cu-I \u00e8 2,338 \u00c5; tra 390\u00b0C e 440\u00b0C, adotta la struttura della wurtzite; sopra i 440 \u00b0C, adotta quando si utilizza la struttura del salgemma.<\/p>\n<h2><span style=\"font-size: 14pt;\">Applicazioni<\/span><\/h2>\n<p>Campo di sintesi organica: come catalizzatore, viene utilizzato per catalizzare la reazione di conversione degli idrocarburi bromoaromatici in corrispondenti ioduri.<\/p>\n<p>Campo di materiale fotosensibile: \u00e8 un componente per la preparazione di pellicole fotosensibili, batterie fotosensibili, ecc., che possono generare corrente o svilupparsi sotto la luce.<\/p>\n<p>Campo dei materiali elettronici: pu\u00f2 essere utilizzato per preparare materiali semiconduttori, film conduttivi, ecc., Con eccellente conduttivit\u00e0 e stabilit\u00e0.<\/p>\n<p>Campo di preparazione farmaceutica: pu\u00f2 essere utilizzato per preparare farmaci antibatterici, disinfettanti, ecc. e svolgere effetti antibatterici e antiossidanti.<\/p>\n<h2><span style=\"font-size: 14pt;\">Controllo qualit\u00e0<\/span><\/h2>\n<p><span style=\"color: #0000ff;\"><a style=\"color: #0000ff;\" href=\"https:\/\/vimaterial.de\/it\/controllo-qualita\/\">Ogni lotto<\/a><\/span> di prodotti ha un rigoroso processo di controllo della qualit\u00e0. Forniremo campioni ai clienti per riesaminare ogni lotto e supporteremo anche i clienti nella designazione di agenzie di ispezione di terze parti per l&#8217;ispezione.<\/p>\n<h2><span style=\"font-size: 14pt;\">Imballaggio e stoccaggio<\/span><\/h2>\n<p>I granuli Ioduro di rame sono confezionati in sacchetti sottovuoto a doppio strato o in bottiglie sottovuoto a doppio strato. Sono disponibili piccoli pacchetti.<br \/>\nI granuli di rame (I) ioduro devono essere conservati in un ambiente fresco, asciutto, a prova di luce e ben sigillato. Devono essere conservati separatamente da forti ossidanti, acidi forti e altri prodotti chimici e devono essere tenuti lontano dal fuoco e da fonti di calore.<\/p>\n","protected":false},"excerpt":{"rendered":"<p>I granuli <mark>di rame <\/mark>sono un composto inorganico insolubile in acqua, di colore da bianco a giallo chiaro, utilizzato principalmente come catalizzatori di sintesi organica, materiali fotosensibili, materiali elettronici e preparati farmaceutici.<\/p>\n<p>I granuli di rame (I) ioduro forniti da VIMATERIAL sono di elevata purezza e possono supportare ordini di piccoli lotti. Anche l&#8217;imballaggio \u00e8 di piccole dimensioni. C&#8217;\u00e8 abbastanza stock. Se ne hai bisogno, ti preghiamo di <span style=\"color: #0000ff;\"><a style=\"color: #0000ff;\" href=\"https:\/\/vimaterial.de\/it\/contatto\/\">contattarci<\/a><\/span> il prima possibile.<\/p>\n","protected":false},"featured_media":1003151,"comment_status":"open","ping_status":"closed","template":"","meta":{"_acf_changed":false},"product_brand":[],"product_cat":[198],"product_tag":[],"class_list":{"0":"post-1016839","1":"product","2":"type-product","3":"status-publish","4":"has-post-thumbnail","6":"product_cat-materiali-per-levaporazione","8":"first","9":"instock","10":"shipping-taxable","11":"purchasable","12":"product-type-variable"},"acf":[],"_links":{"self":[{"href":"https:\/\/vimaterial.de\/it\/wp-json\/wp\/v2\/product\/1016839","targetHints":{"allow":["GET"]}}],"collection":[{"href":"https:\/\/vimaterial.de\/it\/wp-json\/wp\/v2\/product"}],"about":[{"href":"https:\/\/vimaterial.de\/it\/wp-json\/wp\/v2\/types\/product"}],"replies":[{"embeddable":true,"href":"https:\/\/vimaterial.de\/it\/wp-json\/wp\/v2\/comments?post=1016839"}],"wp:featuredmedia":[{"embeddable":true,"href":"https:\/\/vimaterial.de\/it\/wp-json\/wp\/v2\/media\/1003151"}],"wp:attachment":[{"href":"https:\/\/vimaterial.de\/it\/wp-json\/wp\/v2\/media?parent=1016839"}],"wp:term":[{"taxonomy":"product_brand","embeddable":true,"href":"https:\/\/vimaterial.de\/it\/wp-json\/wp\/v2\/product_brand?post=1016839"},{"taxonomy":"product_cat","embeddable":true,"href":"https:\/\/vimaterial.de\/it\/wp-json\/wp\/v2\/product_cat?post=1016839"},{"taxonomy":"product_tag","embeddable":true,"href":"https:\/\/vimaterial.de\/it\/wp-json\/wp\/v2\/product_tag?post=1016839"}],"curies":[{"name":"wp","href":"https:\/\/api.w.org\/{rel}","templated":true}]}}