{"id":1016822,"date":"2024-06-17T14:59:32","date_gmt":"2024-06-17T06:59:32","guid":{"rendered":"https:\/\/vimaterial.de\/product\/ioduro-di-rame-i\/"},"modified":"2025-04-10T16:28:22","modified_gmt":"2025-04-10T08:28:22","slug":"ioduro-di-rame-i","status":"publish","type":"product","link":"https:\/\/vimaterial.de\/it\/product\/ioduro-di-rame-i\/","title":{"rendered":"Ioduro di rame (I)"},"content":{"rendered":"<p>Il bersaglio sputtering dello <span style=\"color: #0000ff;\"><a style=\"color: #0000ff;\" href=\"https:\/\/vimaterial.de\/it\/product\/ioduro-di-rame-i-2\/\">ioduro di rame (I)<\/a><\/span> \u00e8 un materiale target sputtering fatto di ioduro di rame, che viene utilizzato nello sputtering magnetron e in altre tecniche di rivestimento per depositare film sottili di ioduro di rame sul substrato e ha potenziali applicazioni nei campi dell&#8217;ottica e dell&#8217;elettronica.<\/p>\n<p>Rame (I) Ioduro sputtering target, elevata purezza e buona planarit\u00e0, alta finitura superficiale, possiamo anche fornire un servizio di legatura, abbiamo un team tecnico professionale, particolarmente bravo a fare una variet\u00e0 di composti target, se avete bisogno di <span style=\"color: #0000ff;\"><a style=\"color: #0000ff;\" href=\"https:\/\/vimaterial.de\/it\/contatto\/\">contattarci<\/a><\/span>.<\/p>\n<h2><span style=\"font-size: 14pt;\">Propriet\u00e0 fisiche<\/span><\/h2>\n<p>Formula molecolare: CuI<\/p>\n<p>Peso molecolare: 190,45<\/p>\n<p>Aspetto: polvere biancastra<\/p>\n<p>Densit\u00e0: 5,62 g\/mL a 25 \u00b0C<\/p>\n<p>Punto di fusione: 605 \u00b0C<\/p>\n<p>Punto di ebollizione: 1290 \u00b0C<\/p>\n<p>Struttura cristallina: Tipica struttura cristallina ionica<\/p>\n<h2><span style=\"font-size: 14pt;\">Applicazioni<\/span><\/h2>\n<p>Dispositivi elettronici: utilizzati nella preparazione di film conduttivi ed elettrodi in dispositivi elettronici per migliorare le propriet\u00e0 elettriche dei dispositivi.<\/p>\n<p>Campo dei semiconduttori: utilizzato come strato barriera nel processo di produzione di chip semiconduttori e come materiale per incapsulare strati di cablaggio metallico, influenzando la velocit\u00e0 di trasmissione e la stabilit\u00e0 del chip.<\/p>\n<p>Campo fotovoltaico: viene utilizzato nell&#8217;elettrodo posteriore delle celle solari a film sottile e nello strato conduttore delle celle a eterogiunzione, che aiuta a migliorare le prestazioni delle celle.<\/p>\n<p>Campo di visualizzazione a schermo piatto: pu\u00f2 essere utilizzato nella preparazione di display a schermo piatto nell&#8217;elettrodo metallico, nell&#8217;elettrodo conduttivo trasparente e in altri strati di pellicola, per garantire l&#8217;uniformit\u00e0 dello strato di pellicola di grandi dimensioni, migliorare la qualit\u00e0 del display.<\/p>\n<p>Campo ottico: pu\u00f2 essere utilizzato nel rivestimento di componenti ottici, come la preparazione di pellicole di miglioramento della trasmittanza, pellicole riflettenti, ecc., Per migliorare le prestazioni ottiche dei componenti ottici.<\/p>\n<p>Campo del sensore: pu\u00f2 essere utilizzato come materiale di rivestimento sulla superficie degli elementi sensibili del sensore per migliorare le prestazioni di risposta del sensore a sostanze specifiche o quantit\u00e0 fisiche e migliorare la sensibilit\u00e0 e la stabilit\u00e0 del sensore.<\/p>\n<h2><span style=\"font-size: 14pt;\">Controllo qualit\u00e0<\/span><\/h2>\n<p><span style=\"color: #0000ff;\"><a style=\"color: #0000ff;\" href=\"https:\/\/vimaterial.de\/it\/controllo-qualita\/\">Ogni lotto<\/a> <\/span>di prodotti ha un rigoroso processo di controllo della qualit\u00e0, forniremo campioni di ogni lotto per i clienti per una nuova ispezione, ma supporteremo anche i clienti per specificare l&#8217;ispezione dell&#8217;organizzazione di ispezione di terze parti.<\/p>\n<h2><span style=\"font-size: 14pt;\">Imballaggio e stoccaggio<\/span><\/h2>\n<p>I bersagli sputtering di rame (I) ioduro sono confezionati in doppi sacchetti sottovuoto.<\/p>\n<p>I bersagli per polverizzazione sputtering di rame (I) ioduro devono essere sigillati e conservati in un luogo fresco, asciutto e a prova di luce, lontano da fuoco, agenti ossidanti, acidi forti e alcali.<\/p>\n","protected":false},"excerpt":{"rendered":"<p>Il bersaglio sputtering dello <span style=\"color: #0000ff;\"><a style=\"color: #0000ff;\" href=\"https:\/\/vimaterial.de\/it\/product\/ioduro-di-rame-i-2\/\">ioduro di rame (I)<\/a><\/span> \u00e8 un materiale target sputtering fatto di ioduro di rame, che viene utilizzato nello sputtering magnetron e in altre tecniche di rivestimento per depositare film sottili di ioduro di rame sul substrato e ha potenziali applicazioni nei campi dell&#8217;ottica e dell&#8217;elettronica.<\/p>\n<p>Rame (I) Ioduro sputtering target, elevata purezza e buona planarit\u00e0, alta finitura superficiale, possiamo anche fornire un servizio di legatura, abbiamo un team tecnico professionale, particolarmente bravo a fare una variet\u00e0 di composti target, se avete bisogno di <span style=\"color: #0000ff;\"><a style=\"color: #0000ff;\" href=\"https:\/\/vimaterial.de\/it\/contatto\/\">contattarci<\/a><\/span>.<\/p>\n","protected":false},"featured_media":1003165,"comment_status":"open","ping_status":"closed","template":"","meta":{"_acf_changed":false},"product_brand":[],"product_cat":[197],"product_tag":[],"class_list":{"0":"post-1016822","1":"product","2":"type-product","3":"status-publish","4":"has-post-thumbnail","6":"product_cat-obiettivi-di-sputtering-planari","8":"first","9":"instock","10":"shipping-taxable","11":"product-type-variable"},"acf":[],"_links":{"self":[{"href":"https:\/\/vimaterial.de\/it\/wp-json\/wp\/v2\/product\/1016822","targetHints":{"allow":["GET"]}}],"collection":[{"href":"https:\/\/vimaterial.de\/it\/wp-json\/wp\/v2\/product"}],"about":[{"href":"https:\/\/vimaterial.de\/it\/wp-json\/wp\/v2\/types\/product"}],"replies":[{"embeddable":true,"href":"https:\/\/vimaterial.de\/it\/wp-json\/wp\/v2\/comments?post=1016822"}],"wp:featuredmedia":[{"embeddable":true,"href":"https:\/\/vimaterial.de\/it\/wp-json\/wp\/v2\/media\/1003165"}],"wp:attachment":[{"href":"https:\/\/vimaterial.de\/it\/wp-json\/wp\/v2\/media?parent=1016822"}],"wp:term":[{"taxonomy":"product_brand","embeddable":true,"href":"https:\/\/vimaterial.de\/it\/wp-json\/wp\/v2\/product_brand?post=1016822"},{"taxonomy":"product_cat","embeddable":true,"href":"https:\/\/vimaterial.de\/it\/wp-json\/wp\/v2\/product_cat?post=1016822"},{"taxonomy":"product_tag","embeddable":true,"href":"https:\/\/vimaterial.de\/it\/wp-json\/wp\/v2\/product_tag?post=1016822"}],"curies":[{"name":"wp","href":"https:\/\/api.w.org\/{rel}","templated":true}]}}