{"id":1016799,"date":"2024-06-17T14:59:33","date_gmt":"2024-06-17T06:59:33","guid":{"rendered":"https:\/\/vimaterial.de\/product\/lega-di-rame-e-indio\/"},"modified":"2025-04-10T16:14:14","modified_gmt":"2025-04-10T08:14:14","slug":"lega-di-rame-e-indio","status":"publish","type":"product","link":"https:\/\/vimaterial.de\/it\/product\/lega-di-rame-e-indio\/","title":{"rendered":"Lega di rame indio"},"content":{"rendered":"<p>La <a href=\"https:\/\/vimaterial.de\/it\/product\/lega-di-rame-e-indio-2\/\"><span style=\"color: #0000ff;\"><span style=\"color: #000000;\">polvere<\/span> di lega di rame indio<\/span><\/a> \u00e8 una polvere di lega composta da rame e indio con buona conduttivit\u00e0 elettrica, stabilit\u00e0 termica e basso punto di fusione, che pu\u00f2 essere utilizzata nella preparazione di materiali per elettronica, semiconduttori e altri campi.<\/p>\n<p>VImaterial fornisce un&#8217;elevata purezza e una polvere di lega di rame all&#8217;inio di alta qualit\u00e0, questa polvere ha un&#8217;elevata purezza, la dimensione delle particelle del prodotto pu\u00f2 essere selezionata tra una variet\u00e0 di opzioni, disponiamo di attrezzature mature, personale stabile, rigoroso controllo di qualit\u00e0, abbiamo anche un team tecnico professionale, pu\u00f2 essere personalizzato in base alla proporzione del materiale per evitare le tue preoccupazioni, Abbiamo un prezzo basso, vi preghiamo di <span style=\"color: #0000ff;\"><a style=\"color: #0000ff;\" href=\"https:\/\/vimaterial.de\/it\/contatto\/\">contattarci<\/a><\/span> rapidamente.<\/p>\n<h2><span style=\"font-size: 14pt;\">Caratteristiche fisiche<\/span><\/h2>\n<p>Formula molecolare: CuIn<\/p>\n<p>Peso molecolare: circa 178,36 g\/mol<\/p>\n<p>Aspetto: solitamente polvere metallizzata grigia o grigio-nera<\/p>\n<p>Punto di fusione: il micron \u00e8 generalmente compreso tra 540-640\u00b0C<\/p>\n<p>Struttura cristallina: le strutture cristalline comuni includono una struttura cubica a facce centrate.<\/p>\n<h2><span style=\"font-size: 14pt;\">Applicazioni<\/span><\/h2>\n<p>Campo dell&#8217;energia solare: come uno degli obiettivi di base dei materiali per l&#8217;energia solare a film sottile CIG (rame indio gallio) e CIGS (rame indio gallio selenio), viene utilizzato nella produzione di elettrodi, strati assorbenti e altri componenti delle celle solari, che possono migliorare efficacemente l&#8217;efficienza della conversione fotoelettrica.<\/p>\n<p>Campo elettrico ed elettronico: utilizzato nella produzione di generatori, sbarre, cavi, quadri elettrici, trasformatori e altre apparecchiature elettriche, per garantire il funzionamento efficiente e stabile delle apparecchiature.<\/p>\n<p>Campo della stampa 3D: pu\u00f2 essere utilizzato come materia prima per la stampa 3D per produrre componenti elettronici o parti con propriet\u00e0 specifiche e forme complesse.<\/p>\n<p>Ricerca scientifica: come materiale importante negli esperimenti di ricerca scientifica, viene utilizzato per studiare le propriet\u00e0 fisiche e chimiche delle leghe rame-indio e per sviluppare nuovi materiali e applicazioni di lega.<\/p>\n<h2><span style=\"font-size: 14pt;\">Controllo qualit\u00e0<\/span><\/h2>\n<p><span style=\"color: #0000ff;\"><a style=\"color: #0000ff;\" href=\"https:\/\/vimaterial.de\/it\/controllo-qualita\/\">Ogni lotto<\/a> <\/span>di prodotti deve essere ispezionato per verificare la dimensione e la composizione delle particelle e possiamo anche fornire campioni ai clienti per una nuova ispezione. Se hai bisogno di un&#8217;organizzazione di ispezione di terze parti per l&#8217;ispezione, ti supportiamo anche.<\/p>\n<h2><span style=\"font-size: 14pt;\">Imballaggio e stoccaggio<\/span><\/h2>\n<p>Le polveri di lega di rame indio sono generalmente disponibili in sacchetti sottovuoto doppi o flaconi sottovuoto doppi.<br \/>\nLe polveri in lega di rame indio devono essere conservate in un ambiente asciutto, fresco, ben ventilato e ben sigillato per evitare umidit\u00e0 e ossidazione, lontano dal fuoco e da forti agenti ossidanti e preferibilmente sotto la protezione di gas inerte.<\/p>\n<p>&nbsp;<\/p>\n","protected":false},"excerpt":{"rendered":"<p>La <a href=\"https:\/\/vimaterial.de\/it\/product\/lega-di-rame-e-indio-2\/\"><span style=\"color: #0000ff;\"><span style=\"color: #000000;\">polvere<\/span> di lega di rame indio<\/span><\/a> \u00e8 una polvere di lega composta da rame e indio con buona conduttivit\u00e0 elettrica, stabilit\u00e0 termica e basso punto di fusione, che pu\u00f2 essere utilizzata nella preparazione di materiali per elettronica, semiconduttori e altri campi.<\/p>\n<p>VImaterial fornisce un&#8217;elevata purezza e una polvere di lega di rame all&#8217;inio di alta qualit\u00e0, questa polvere ha un&#8217;elevata purezza, la dimensione delle particelle del prodotto pu\u00f2 essere selezionata tra una variet\u00e0 di opzioni, disponiamo di attrezzature mature, personale stabile, rigoroso controllo di qualit\u00e0, abbiamo anche un team tecnico professionale, pu\u00f2 essere personalizzato in base alla proporzione del materiale per evitare le tue preoccupazioni, Abbiamo un prezzo basso, vi preghiamo di <span style=\"color: #0000ff;\"><a style=\"color: #0000ff;\" href=\"https:\/\/vimaterial.de\/it\/contatto\/\">contattarci<\/a><\/span> rapidamente.<\/p>\n","protected":false},"featured_media":1003174,"comment_status":"open","ping_status":"closed","template":"","meta":{"_acf_changed":false},"product_brand":[],"product_cat":[212],"product_tag":[],"class_list":{"0":"post-1016799","1":"product","2":"type-product","3":"status-publish","4":"has-post-thumbnail","6":"product_cat-polvere-di-metallo-puro-e-leghe","8":"first","9":"instock","10":"shipping-taxable","11":"product-type-variable"},"acf":[],"_links":{"self":[{"href":"https:\/\/vimaterial.de\/it\/wp-json\/wp\/v2\/product\/1016799","targetHints":{"allow":["GET"]}}],"collection":[{"href":"https:\/\/vimaterial.de\/it\/wp-json\/wp\/v2\/product"}],"about":[{"href":"https:\/\/vimaterial.de\/it\/wp-json\/wp\/v2\/types\/product"}],"replies":[{"embeddable":true,"href":"https:\/\/vimaterial.de\/it\/wp-json\/wp\/v2\/comments?post=1016799"}],"wp:featuredmedia":[{"embeddable":true,"href":"https:\/\/vimaterial.de\/it\/wp-json\/wp\/v2\/media\/1003174"}],"wp:attachment":[{"href":"https:\/\/vimaterial.de\/it\/wp-json\/wp\/v2\/media?parent=1016799"}],"wp:term":[{"taxonomy":"product_brand","embeddable":true,"href":"https:\/\/vimaterial.de\/it\/wp-json\/wp\/v2\/product_brand?post=1016799"},{"taxonomy":"product_cat","embeddable":true,"href":"https:\/\/vimaterial.de\/it\/wp-json\/wp\/v2\/product_cat?post=1016799"},{"taxonomy":"product_tag","embeddable":true,"href":"https:\/\/vimaterial.de\/it\/wp-json\/wp\/v2\/product_tag?post=1016799"}],"curies":[{"name":"wp","href":"https:\/\/api.w.org\/{rel}","templated":true}]}}