{"id":1016791,"date":"2024-06-17T14:59:35","date_gmt":"2024-06-17T06:59:35","guid":{"rendered":"https:\/\/vimaterial.de\/product\/seleniuro-di-rame-e-indio-e-gallio-cigs-2\/"},"modified":"2025-04-10T14:50:10","modified_gmt":"2025-04-10T06:50:10","slug":"seleniuro-di-rame-e-indio-e-gallio-cigs-2","status":"publish","type":"product","link":"https:\/\/vimaterial.de\/it\/product\/seleniuro-di-rame-e-indio-e-gallio-cigs-2\/","title":{"rendered":"Seleniuro di rame indio gallio (CIGS)"},"content":{"rendered":"<p>La polvere di <span style=\"color: #0000ff;\"><a style=\"color: #0000ff;\" href=\"https:\/\/vimaterial.de\/it\/product\/seleniuro-di-rame-e-indio-e-gallio-cigs\/\">seleniuro di rame indio gallio<\/a><\/span> ha un aspetto grigio-argento, struttura cristallina tetragonale, formula chimica CuInGaSe, densit\u00e0 5,7 g \/ cm\u00b3, punto di fusione 990-1070 \u00b0C, insolubile in acqua, utilizzata principalmente nelle celle solari e in altre aree dei materiali in polvere semiconduttori multicomposti.<\/p>\n<p>VImaterial \u00e8 in grado di fornire polvere di seleniuro di rame indio gallio di elevata purezza e alta qualit\u00e0, disponiamo di un team tecnico professionale, pu\u00f2 essere personalizzato in base al rapporto di produzione. I nostri prodotti sono disponibili in piccole confezioni, in piccole quantit\u00e0 iniziali e in magazzino, eliminando la necessit\u00e0 di lunghi tempi di consegna e costi elevati. <span style=\"color: #0000ff;\"><a style=\"color: #0000ff;\" href=\"https:\/\/vimaterial.de\/it\/contatto\/\"> Contattaci.<\/a><\/span><\/p>\n<h2><span style=\"font-size: 14pt;\">Propriet\u00e0 fisiche<\/span><\/h2>\n<p>Formula molecolare: CuInGaSe<\/p>\n<p>Aspetto: polvere grigio-nera<\/p>\n<p>Densit\u00e0: circa 5,7 g\/cm\u00b3.<\/p>\n<p>Punto di fusione: 990-1070\u00b0C<\/p>\n<p>Struttura cristallina: Sistema cristallino tetragonale, con struttura cristallina a calcopirite.<\/p>\n<h2><span style=\"font-size: 14pt;\">Applicazioni<\/span><\/h2>\n<p>Fotovoltaico: la polvere di seleniuro di rame indio gallio \u00e8 un materiale chiave nella produzione di celle solari e pu\u00f2 essere utilizzata per produrre pannelli solari altamente efficienti e flessibili.<\/p>\n<p>Aerospaziale: l&#8217;elevata efficienza e la leggerezza delle celle solari realizzate con questa polvere le rendono una fonte di energia ideale per droni e veicoli spaziali, prolungandone la durata e il tempo di viaggio.<\/p>\n<p>Elettronica: come materiale semiconduttore, le polveri di rame indio gallio seleniuro sono utilizzate nella produzione di dispositivi elettronici ad alte prestazioni come transistor e circuiti integrati.<\/p>\n<p>Accumulo di energia: pu\u00f2 essere utilizzato nella ricerca e nello sviluppo di nuove batterie di accumulo di energia, che possono aiutare a migliorare la densit\u00e0 energetica e le prestazioni di carica\/scarica delle batterie.<\/p>\n<h2><span style=\"font-size: 14pt;\">Controllo qualit\u00e0<\/span><\/h2>\n<p><span style=\"color: #0000ff;\"><a style=\"color: #0000ff;\" href=\"https:\/\/vimaterial.de\/it\/controllo-qualita\/\"><span style=\"color: #0000ff;\">Ogni lotto<\/span><\/a><\/span> di prodotti sar\u00e0 ispezionato, il nostro processo di produzione ha un rigoroso sistema di controllo della qualit\u00e0, dalle materie prime all&#8217;ispezione finale, ogni collegamento di produzione ha un&#8217;autoispezione e una nuova ispezione e un&#8217;ispezione IPQC. Forniamo anche campioni per i clienti per una nuova ispezione, se il cliente dispone di un&#8217;organizzazione di ispezione designata, supportiamo anche l&#8217;ispezione di terze parti e rilasciamo rapporti di ispezione.<\/p>\n<h2><span style=\"font-size: 14pt;\">Imballaggio e stoccaggio<\/span><\/h2>\n<p>Le polveri di seleniuro di rame indio gallio sono solitamente fornite in doppi sacchetti sottovuoto o flaconi sottovuoto I granuli di solfuro di rame indio devono essere conservati in un ambiente asciutto, fresco e ben ventilato in contenitori sigillati lontano da umidit\u00e0, luce, calore e sostanze corrosive per prevenire l&#8217;ossidazione, la deliquescenza o l&#8217;alterazione della struttura chimica e per garantire che non siano esposti all&#8217;umidit\u00e0. Ci\u00f2 previene l&#8217;ossidazione, la deliquescenza o i cambiamenti nella struttura chimica e garantisce la stabilit\u00e0 delle propriet\u00e0.<\/p>\n","protected":false},"excerpt":{"rendered":"<p>La polvere di <span style=\"color: #0000ff;\"><a style=\"color: #0000ff;\" href=\"https:\/\/vimaterial.de\/it\/product\/seleniuro-di-rame-e-indio-e-gallio-cigs\/\">seleniuro di rame indio gallio<\/a><\/span> ha un aspetto grigio-argento, struttura cristallina tetragonale, formula chimica CuInGaSe, densit\u00e0 5,7 g \/ cm\u00b3, punto di fusione 990-1070 \u00b0C, insolubile in acqua, utilizzata principalmente nelle celle solari e in altre aree dei materiali in polvere semiconduttori multicomposti.<\/p>\n<p>VImaterial \u00e8 in grado di fornire polvere di seleniuro di rame indio gallio di elevata purezza e alta qualit\u00e0, disponiamo di un team tecnico professionale, pu\u00f2 essere personalizzato in base al rapporto di produzione. I nostri prodotti sono disponibili in piccole confezioni, in piccole quantit\u00e0 iniziali e in magazzino, eliminando la necessit\u00e0 di lunghi tempi di consegna e costi elevati. <span style=\"color: #0000ff;\"><a style=\"color: #0000ff;\" href=\"https:\/\/vimaterial.de\/it\/contatto\/\"> Contattaci.<\/a><\/span><\/p>\n","protected":false},"featured_media":1003198,"comment_status":"open","ping_status":"closed","template":"","meta":{"_acf_changed":false},"product_brand":[],"product_cat":[200],"product_tag":[],"class_list":{"0":"post-1016791","1":"product","2":"type-product","3":"status-publish","4":"has-post-thumbnail","6":"product_cat-materiali-calcogenidici","8":"first","9":"instock","10":"shipping-taxable","11":"product-type-variable"},"acf":[],"_links":{"self":[{"href":"https:\/\/vimaterial.de\/it\/wp-json\/wp\/v2\/product\/1016791","targetHints":{"allow":["GET"]}}],"collection":[{"href":"https:\/\/vimaterial.de\/it\/wp-json\/wp\/v2\/product"}],"about":[{"href":"https:\/\/vimaterial.de\/it\/wp-json\/wp\/v2\/types\/product"}],"replies":[{"embeddable":true,"href":"https:\/\/vimaterial.de\/it\/wp-json\/wp\/v2\/comments?post=1016791"}],"wp:featuredmedia":[{"embeddable":true,"href":"https:\/\/vimaterial.de\/it\/wp-json\/wp\/v2\/media\/1003198"}],"wp:attachment":[{"href":"https:\/\/vimaterial.de\/it\/wp-json\/wp\/v2\/media?parent=1016791"}],"wp:term":[{"taxonomy":"product_brand","embeddable":true,"href":"https:\/\/vimaterial.de\/it\/wp-json\/wp\/v2\/product_brand?post=1016791"},{"taxonomy":"product_cat","embeddable":true,"href":"https:\/\/vimaterial.de\/it\/wp-json\/wp\/v2\/product_cat?post=1016791"},{"taxonomy":"product_tag","embeddable":true,"href":"https:\/\/vimaterial.de\/it\/wp-json\/wp\/v2\/product_tag?post=1016791"}],"curies":[{"name":"wp","href":"https:\/\/api.w.org\/{rel}","templated":true}]}}