{"id":1016781,"date":"2024-06-17T14:59:34","date_gmt":"2024-06-17T06:59:34","guid":{"rendered":"https:\/\/vimaterial.de\/product\/rame-indio-gallio\/"},"modified":"2025-04-10T15:18:51","modified_gmt":"2025-04-10T07:18:51","slug":"rame-indio-gallio","status":"publish","type":"product","link":"https:\/\/vimaterial.de\/it\/product\/rame-indio-gallio\/","title":{"rendered":"Rame Indio Gallio"},"content":{"rendered":"<p>Il bersaglio sputtering di <span style=\"color: #0000ff;\"><a style=\"color: #0000ff;\" href=\"https:\/\/vimaterial.de\/it\/product\/lega-di-rame-e-indio-2\/\">rame indio gallio<\/a> <\/span>\u00e8 un materiale di base chiave composto da rame, indio, gallio e altri elementi utilizzati per la preparazione di materiali a film sottile mediante processo di sputtering, che ha importanti applicazioni nei settori dell&#8217;elettronica e dei semiconduttori.<\/p>\n<p>VImaterial offre bersagli sputtering in rame indio gallio di alta purezza e alta qualit\u00e0 con eccellente finitura superficiale, planarit\u00e0 e stabilit\u00e0. Offriamo anche dimensioni e rapporti personalizzati, nonch\u00e9 servizi di rilegatura mirata, quindi<span style=\"color: #0000ff;\"><a style=\"color: #0000ff;\" href=\"https:\/\/vimaterial.de\/it\/contatto\/\"> vi preghiamo di contattarci<\/a><\/span> presto.<\/p>\n<h2><span style=\"font-size: 14pt;\">Caratteristiche fisiche<\/span><\/h2>\n<p>Formula molecolare: CuInGa<\/p>\n<p>Aspetto: solitamente nero o grigio-nero solido<\/p>\n<p>Densit\u00e0: La densit\u00e0 della CIGS \u00e8 di circa 5,7-5,9 g\/cm3.<\/p>\n<p>Punto di fusione: CIGS \u00e8 un composto polimerico, circa 1050-1100\u00b0C<\/p>\n<p>Struttura cristallina: CIGS ha una struttura calcopirite e appartiene al sistema cristallino tetragonale.<\/p>\n<h2><span style=\"font-size: 14pt;\">Applicazioni<\/span><\/h2>\n<p>Campo solare fotovoltaico: utilizzato nella produzione di celle solari a film sottile a film sottile CIGS (Copper Indium Gallium Seleniuro), che presentano i vantaggi di alta efficienza, flessibilit\u00e0, ecc. E possono essere utilizzate in una variet\u00e0 di scenari, come il fotovoltaico integrato negli edifici.<\/p>\n<p>Campo dei semiconduttori: utilizzato come materiale chiave nella deposizione di film sottili di chip e altri dispositivi elettronici, che aiuta a migliorare le prestazioni e l&#8217;integrazione del dispositivo.<\/p>\n<p>Campo di comunicazione ottica: svolge un ruolo importante nella produzione di dispositivi di comunicazione ottica e pu\u00f2 essere utilizzato per depositare film sottili rilevanti per migliorare le prestazioni ottiche e l&#8217;efficienza della comunicazione.<\/p>\n<p>Campo aerospaziale: pu\u00f2 essere utilizzato per produrre componenti elettronici ad alte prestazioni e parti ottiche in apparecchiature aerospaziali per soddisfare i severi requisiti di prestazioni e affidabilit\u00e0 dei materiali.<\/p>\n<p>Settore automobilistico: applicato alla produzione di componenti elettronici per autoveicoli, come sensori, display, ecc., per migliorare il livello di intelligenza e tecnologia dell&#8217;informazione automobilistica.<\/p>\n<h2><span style=\"font-size: 14pt;\">Controllo qualit\u00e0<\/span><\/h2>\n<p><span style=\"color: #0000ff;\"><a style=\"color: #0000ff;\" href=\"https:\/\/vimaterial.de\/it\/controllo-qualita\/\">Ogni lotto<\/a> <\/span>di prodotti deve controllare le dimensioni e la composizione, possiamo anche fornire campioni per i clienti per una nuova ispezione. Se hai bisogno di un&#8217;organizzazione di ispezione di terze parti per l&#8217;ispezione, ti supportiamo anche.<\/p>\n<h2><span style=\"font-size: 14pt;\">Imballaggio e stoccaggio<\/span><\/h2>\n<p>I bersagli sputtering in rame indio gallio sono generalmente confezionati in doppi sacchetti sottovuoto o possono essere inscatolati per protezione.<br \/>\nI bersagli sputtering rame-indio gallio devono essere conservati in confezioni sottovuoto con una barriera all&#8217;umidit\u00e0 incorporata per evitare umidit\u00e0, ossidazione ed esposizione alle impurit\u00e0.<\/p>\n<p>&nbsp;<\/p>\n","protected":false},"excerpt":{"rendered":"<p>Il bersaglio sputtering di <span style=\"color: #0000ff;\"><a style=\"color: #0000ff;\" href=\"https:\/\/vimaterial.de\/it\/product\/lega-di-rame-e-indio-2\/\">rame indio gallio<\/a> <\/span>\u00e8 un materiale di base chiave composto da rame, indio, gallio e altri elementi utilizzati per la preparazione di materiali a film sottile mediante processo di sputtering, che ha importanti applicazioni nei settori dell&#8217;elettronica e dei semiconduttori.<\/p>\n<p>VImaterial offre bersagli sputtering in rame indio gallio di alta purezza e alta qualit\u00e0 con eccellente finitura superficiale, planarit\u00e0 e stabilit\u00e0. Offriamo anche dimensioni e rapporti personalizzati, nonch\u00e9 servizi di rilegatura mirata, quindi<span style=\"color: #0000ff;\"><a style=\"color: #0000ff;\" href=\"https:\/\/vimaterial.de\/it\/contatto\/\"> vi preghiamo di contattarci<\/a><\/span> presto.<\/p>\n","protected":false},"featured_media":1003189,"comment_status":"open","ping_status":"closed","template":"","meta":{"_acf_changed":false},"product_brand":[],"product_cat":[197],"product_tag":[],"class_list":{"0":"post-1016781","1":"product","2":"type-product","3":"status-publish","4":"has-post-thumbnail","6":"product_cat-obiettivi-di-sputtering-planari","8":"first","9":"instock","10":"shipping-taxable","11":"product-type-variable"},"acf":[],"_links":{"self":[{"href":"https:\/\/vimaterial.de\/it\/wp-json\/wp\/v2\/product\/1016781","targetHints":{"allow":["GET"]}}],"collection":[{"href":"https:\/\/vimaterial.de\/it\/wp-json\/wp\/v2\/product"}],"about":[{"href":"https:\/\/vimaterial.de\/it\/wp-json\/wp\/v2\/types\/product"}],"replies":[{"embeddable":true,"href":"https:\/\/vimaterial.de\/it\/wp-json\/wp\/v2\/comments?post=1016781"}],"wp:featuredmedia":[{"embeddable":true,"href":"https:\/\/vimaterial.de\/it\/wp-json\/wp\/v2\/media\/1003189"}],"wp:attachment":[{"href":"https:\/\/vimaterial.de\/it\/wp-json\/wp\/v2\/media?parent=1016781"}],"wp:term":[{"taxonomy":"product_brand","embeddable":true,"href":"https:\/\/vimaterial.de\/it\/wp-json\/wp\/v2\/product_brand?post=1016781"},{"taxonomy":"product_cat","embeddable":true,"href":"https:\/\/vimaterial.de\/it\/wp-json\/wp\/v2\/product_cat?post=1016781"},{"taxonomy":"product_tag","embeddable":true,"href":"https:\/\/vimaterial.de\/it\/wp-json\/wp\/v2\/product_tag?post=1016781"}],"curies":[{"name":"wp","href":"https:\/\/api.w.org\/{rel}","templated":true}]}}