{"id":1016736,"date":"2024-06-17T15:00:39","date_gmt":"2024-06-17T07:00:39","guid":{"rendered":"https:\/\/vimaterial.de\/product\/solfuro-di-rame-e-indio-2\/"},"modified":"2025-04-08T17:57:56","modified_gmt":"2025-04-08T09:57:56","slug":"solfuro-di-rame-e-indio-2","status":"publish","type":"product","link":"https:\/\/vimaterial.de\/it\/product\/solfuro-di-rame-e-indio-2\/","title":{"rendered":"Solfuro di rame indio"},"content":{"rendered":"<p><span style=\"color: #3366ff;\"><a style=\"color: #3366ff;\" href=\"https:\/\/vimaterial.de\/it\/product\/solfuro-di-rame-e-indio\/\">Solfuro di rame indio<\/a> <\/span>La polvere \u00e8 una polvere composta da rame, indio e zolfo, solitamente di colore nero o grigio scuro, ha importanti applicazioni nel campo delle celle solari, dei materiali fotovoltaici e di altri campi, \u00e8 un materiale semiconduttore con buone propriet\u00e0 fotovoltaiche.<\/p>\n<p>VImaterial produce polvere di solfuro di rame indio con un prezzo economico e un&#8217;elevata purezza, questo prodotto viene spesso utilizzato nella produzione di eccellenti propriet\u00e0 optoelettroniche, la nostra azienda parte da una piccola quantit\u00e0, il prodotto \u00e8 confezionato in piccole confezioni, che possono essere utilizzate per i tuoi esperimenti, abbiamo un team tecnico professionale, se hai domande non esitare <span style=\"color: #3366ff;\"><a style=\"color: #3366ff;\" href=\"https:\/\/vimaterial.de\/it\/contatto\/\">a contattarci<\/a><\/span>.<\/p>\n<h2><span style=\"font-size: 14pt;\">Propriet\u00e0 fisiche<\/span><\/h2>\n<p>Formula molecolare: CuInS2<\/p>\n<p>Peso molecolare: circa 242,5<\/p>\n<p>Aspetto: polvere solitamente nera o grigio scuro<\/p>\n<p>Punto di fusione: 1127\u00b0C-1145\u00b0C<\/p>\n<p>Punto di ebollizione: 1354\u00b0C<\/p>\n<p>Struttura cristallina: appartiene al sistema cristallino tetragonale<\/p>\n<h2><span style=\"font-size: 14pt;\">Applicazioni<\/span><\/h2>\n<p>Campo delle celle solari: come materiale dello strato di assorbimento nella cella solare a film sottile, pu\u00f2 assorbire efficacemente l&#8217;energia solare e convertirla in elettricit\u00e0.<\/p>\n<p>Optoelettronica: utilizzata nella produzione di diodi emettitori di luce e nella tecnologia dei display, offre la possibilit\u00e0 di un&#8217;illuminazione efficiente dal punto di vista energetico e di display a colori di alta qualit\u00e0.<\/p>\n<p>Microelettronica: come strato attivo nei transistor a film sottile, svolge un ruolo importante nella realizzazione di alte prestazioni e miniaturizzazione di dispositivi elettronici.<\/p>\n<p>Fotorilevamento: pu\u00f2 essere utilizzato per produrre fotorilevatori, in grado di rilevare la luce in un&#8217;ampia gamma di lunghezze d&#8217;onda, realizzando cos\u00ec il rilevamento e la conversione di segnali luminosi.<\/p>\n<h2><span style=\"font-size: 14pt;\">Controllo qualit\u00e0<\/span><\/h2>\n<p><span style=\"color: #3366ff;\"><a style=\"color: #3366ff;\" href=\"https:\/\/vimaterial.de\/it\/controllo-qualita\/\">Ogni lotto <\/a><\/span>di prodotti sar\u00e0 ispezionato per il dosaggio, eseguiamo un rigoroso controllo di qualit\u00e0, dalle materie prime all&#8217;ispezione finale, e possiamo fornire campioni per la nuova ispezione dei clienti. Se i clienti hanno esigenze particolari, possiamo anche incaricare organizzazioni di ispezione di terze parti per eseguire ispezioni ed emettere rapporti di ispezione.<\/p>\n<h2><span style=\"font-size: 14pt;\">Imballaggio e stoccaggio<\/span><\/h2>\n<p>Le polveri di solfuro di rame indio sono solitamente confezionate in doppi sacchetti sottovuoto o bottiglie sottovuoto, le polveri di solfuro di rame indio devono essere conservate in un ambiente asciutto, fresco e ben ventilato, evitando umidit\u00e0, ossidazione e contatto con sostanze corrosive come acidi e alcali, e devono essere ermeticamente sigillate e tenute lontane da fonti di calore e accensione, in modo da evitare cambiamenti nelle loro propriet\u00e0 fisiche e chimiche. Cambiare.<\/p>\n","protected":false},"excerpt":{"rendered":"<p><span style=\"color: #3366ff;\"><a style=\"color: #3366ff;\" href=\"https:\/\/vimaterial.de\/it\/product\/solfuro-di-rame-e-indio\/\">Solfuro di rame indio<\/a> <\/span>La polvere \u00e8 una polvere composta da rame, indio e zolfo, solitamente di colore nero o grigio scuro, ha importanti applicazioni nel campo delle celle solari, dei materiali fotovoltaici e di altri campi, \u00e8 un materiale semiconduttore con buone propriet\u00e0 fotovoltaiche.<\/p>\n<p>VImaterial produce polvere di solfuro di rame indio con un prezzo economico e un&#8217;elevata purezza, questo prodotto viene spesso utilizzato nella produzione di eccellenti propriet\u00e0 optoelettroniche, la nostra azienda parte da una piccola quantit\u00e0, il prodotto \u00e8 confezionato in piccole confezioni, che possono essere utilizzate per i tuoi esperimenti, abbiamo un team tecnico professionale, se hai domande non esitare <span style=\"color: #3366ff;\"><a style=\"color: #3366ff;\" href=\"https:\/\/vimaterial.de\/it\/contatto\/\">a contattarci<\/a><\/span>.<\/p>\n","protected":false},"featured_media":1003217,"comment_status":"open","ping_status":"closed","template":"","meta":{"_acf_changed":false},"product_brand":[],"product_cat":[200],"product_tag":[],"class_list":{"0":"post-1016736","1":"product","2":"type-product","3":"status-publish","4":"has-post-thumbnail","6":"product_cat-materiali-calcogenidici","8":"first","9":"instock","10":"shipping-taxable","11":"product-type-variable"},"acf":[],"_links":{"self":[{"href":"https:\/\/vimaterial.de\/it\/wp-json\/wp\/v2\/product\/1016736","targetHints":{"allow":["GET"]}}],"collection":[{"href":"https:\/\/vimaterial.de\/it\/wp-json\/wp\/v2\/product"}],"about":[{"href":"https:\/\/vimaterial.de\/it\/wp-json\/wp\/v2\/types\/product"}],"replies":[{"embeddable":true,"href":"https:\/\/vimaterial.de\/it\/wp-json\/wp\/v2\/comments?post=1016736"}],"wp:featuredmedia":[{"embeddable":true,"href":"https:\/\/vimaterial.de\/it\/wp-json\/wp\/v2\/media\/1003217"}],"wp:attachment":[{"href":"https:\/\/vimaterial.de\/it\/wp-json\/wp\/v2\/media?parent=1016736"}],"wp:term":[{"taxonomy":"product_brand","embeddable":true,"href":"https:\/\/vimaterial.de\/it\/wp-json\/wp\/v2\/product_brand?post=1016736"},{"taxonomy":"product_cat","embeddable":true,"href":"https:\/\/vimaterial.de\/it\/wp-json\/wp\/v2\/product_cat?post=1016736"},{"taxonomy":"product_tag","embeddable":true,"href":"https:\/\/vimaterial.de\/it\/wp-json\/wp\/v2\/product_tag?post=1016736"}],"curies":[{"name":"wp","href":"https:\/\/api.w.org\/{rel}","templated":true}]}}