{"id":1016725,"date":"2024-06-17T15:00:43","date_gmt":"2024-06-17T07:00:43","guid":{"rendered":"https:\/\/vimaterial.de\/product\/seleniuro-di-rame-e-indio-2\/"},"modified":"2025-04-08T13:30:38","modified_gmt":"2025-04-08T05:30:38","slug":"seleniuro-di-rame-e-indio-2","status":"publish","type":"product","link":"https:\/\/vimaterial.de\/it\/product\/seleniuro-di-rame-e-indio-2\/","title":{"rendered":"Seleniuro di rame indio"},"content":{"rendered":"<p>La polvere di <span style=\"color: #0000ff;\"><a style=\"color: #0000ff;\" href=\"https:\/\/vimaterial.de\/it\/product\/seleniuro-di-rame-e-indio\/\">seleniuro di rame indio<\/a> <\/span>\u00e8 una polvere solida nera con formula molecolare CuInSe\u2082 e peso molecolare di 336.284, che viene utilizzata principalmente nei campi delle celle solari, dei fotorivelatori e dell&#8217;imaging termico.<\/p>\n<p>La polvere di seleniuro di rame indio di VIMATERIAL \u00e8 una polvere nera ad alta purezza al 99,999%. La nostra polvere di seleniuro di rame indio \u00e8 di elevata purezza e qualit\u00e0 e pu\u00f2 essere personalizzata in piccole quantit\u00e0 per soddisfare le vostre esigenze. Forniamo un team di ricerca e sviluppo professionale, puoi <span style=\"color: #0000ff;\"><a style=\"color: #0000ff;\" href=\"https:\/\/vimaterial.de\/it\/contatto\/\">contattarci<\/a><\/span> se hai domande.<\/p>\n<h2><span style=\"font-size: 14pt;\">Propriet\u00e0 fisiche<\/span><\/h2>\n<p>Formula molecolare: CuInSe\u2082<\/p>\n<p>Peso molecolare: 336,284<\/p>\n<p>Aspetto: solitamente polvere nera<\/p>\n<p>Densit\u00e0: circa 5,77 g\/cc<\/p>\n<p>Punto di fusione: circa 1327\u00b0C<\/p>\n<p>Struttura cristallina: Struttura tetragonale calcopirite<\/p>\n<h2><span style=\"font-size: 14pt;\">Applicazioni<\/span><\/h2>\n<p>Energia solare: la polvere di seleniuro di rame indio \u00e8 un materiale chiave nella produzione di celle solari a film sottile, in grado di convertire in modo efficiente la luce solare in elettricit\u00e0.<\/p>\n<p>Termoelettricit\u00e0: come materiale termoelettrico, pu\u00f2 essere utilizzato per la generazione di energia a differenza di temperatura, realizzando la conversione reciproca di energia termica ed energia elettrica e applicato al recupero del calore di scarto.<\/p>\n<p>Campo dei dispositivi optoelettronici: in base alle sue propriet\u00e0 di semiconduttore, pu\u00f2 essere utilizzato per produrre fotorilevatori per il rilevamento della luce infrarossa e del vicino infrarosso, che svolge un ruolo nel campo della comunicazione e del monitoraggio ambientale.<\/p>\n<p>Campo ottico a infrarossi: la polvere ha una buona trasmissione della luce nella banda infrarossa, pu\u00f2 essere utilizzata per produrre finestre a infrarossi, lenti e altri componenti ottici, utilizzati nelle termocamere e in altre apparecchiature.<\/p>\n<p>Campo di imaging termico: \u00e8 un materiale importante per termocamere e sensori, che aiuta a visualizzare i modelli termici e le differenze di temperatura e viene utilizzato per la sicurezza e l&#8217;ispezione industriale.<\/p>\n<p>Ricerca sui materiali: \u00e8 un oggetto importante per gli scienziati dei materiali per studiare materiali avanzati e viene utilizzato per esplorare le propriet\u00e0 elettroniche e sviluppare nuovi composti con nuove caratteristiche.<\/p>\n<h2><span style=\"font-size: 14pt;\">Controllo qualit\u00e0<\/span><\/h2>\n<p><span style=\"color: #0000ff;\"><a style=\"color: #0000ff;\" href=\"https:\/\/vimaterial.de\/it\/controllo-qualita\/\">Ogni lotto<\/a> <\/span>di prodotti sar\u00e0 testato per composizione, dimensione delle particelle e altre caratteristiche e verr\u00e0 emesso un rapporto di ispezione e campioni di ogni lotto di prodotti saranno forniti ai clienti per una nuova ispezione. Su richiesta \u00e8 disponibile anche l&#8217;ispezione di terze parti.<\/p>\n<h2><span style=\"font-size: 14pt;\">Imballaggio e stoccaggio<\/span><\/h2>\n<p>Utilizziamo sacchetti a doppio vuoto o flaconi a doppio vuoto con una confezione minima di 50 g. Sono disponibili anche pacchetti pi\u00f9 piccoli in base alle vostre esigenze.<\/p>\n<p>La polvere di seleniuro di rame indio deve essere conservata in un ambiente asciutto, fresco, a prova di luce e ben sigillato per evitare umidit\u00e0, ossidazione e lontano da fuoco e fonti di calore, e allo stesso tempo deve essere protetta da danni meccanici e dal contatto con sostanze incompatibili in conformit\u00e0 con i requisiti per lo stoccaggio di sostanze chimiche pericolose.<\/p>\n","protected":false},"excerpt":{"rendered":"<p>La polvere di <span style=\"color: #0000ff;\"><a style=\"color: #0000ff;\" href=\"https:\/\/vimaterial.de\/it\/product\/seleniuro-di-rame-e-indio\/\">seleniuro di rame indio<\/a> <\/span>\u00e8 una polvere solida nera con formula molecolare CuInSe\u2082 e peso molecolare di 336.284, che viene utilizzata principalmente nei campi delle celle solari, dei fotorivelatori e dell&#8217;imaging termico.<\/p>\n<p>La polvere di seleniuro di rame indio di VIMATERIAL \u00e8 una polvere nera ad alta purezza al 99,999%. La nostra polvere di seleniuro di rame indio \u00e8 di elevata purezza e qualit\u00e0 e pu\u00f2 essere personalizzata in piccole quantit\u00e0 per soddisfare le vostre esigenze. Forniamo un team di ricerca e sviluppo professionale, puoi <span style=\"color: #0000ff;\"><a style=\"color: #0000ff;\" href=\"https:\/\/vimaterial.de\/it\/contatto\/\">contattarci<\/a><\/span> se hai domande.<\/p>\n","protected":false},"featured_media":1003227,"comment_status":"open","ping_status":"closed","template":"","meta":{"_acf_changed":false},"product_brand":[],"product_cat":[200],"product_tag":[],"class_list":{"0":"post-1016725","1":"product","2":"type-product","3":"status-publish","4":"has-post-thumbnail","6":"product_cat-materiali-calcogenidici","8":"first","9":"instock","10":"shipping-taxable","11":"product-type-variable"},"acf":[],"_links":{"self":[{"href":"https:\/\/vimaterial.de\/it\/wp-json\/wp\/v2\/product\/1016725","targetHints":{"allow":["GET"]}}],"collection":[{"href":"https:\/\/vimaterial.de\/it\/wp-json\/wp\/v2\/product"}],"about":[{"href":"https:\/\/vimaterial.de\/it\/wp-json\/wp\/v2\/types\/product"}],"replies":[{"embeddable":true,"href":"https:\/\/vimaterial.de\/it\/wp-json\/wp\/v2\/comments?post=1016725"}],"wp:featuredmedia":[{"embeddable":true,"href":"https:\/\/vimaterial.de\/it\/wp-json\/wp\/v2\/media\/1003227"}],"wp:attachment":[{"href":"https:\/\/vimaterial.de\/it\/wp-json\/wp\/v2\/media?parent=1016725"}],"wp:term":[{"taxonomy":"product_brand","embeddable":true,"href":"https:\/\/vimaterial.de\/it\/wp-json\/wp\/v2\/product_brand?post=1016725"},{"taxonomy":"product_cat","embeddable":true,"href":"https:\/\/vimaterial.de\/it\/wp-json\/wp\/v2\/product_cat?post=1016725"},{"taxonomy":"product_tag","embeddable":true,"href":"https:\/\/vimaterial.de\/it\/wp-json\/wp\/v2\/product_tag?post=1016725"}],"curies":[{"name":"wp","href":"https:\/\/api.w.org\/{rel}","templated":true}]}}