{"id":1016671,"date":"2024-06-17T15:00:45","date_gmt":"2024-06-17T07:00:45","guid":{"rendered":"https:\/\/vimaterial.de\/product\/ossido-rameico-ii-3\/"},"modified":"2025-04-02T10:44:15","modified_gmt":"2025-04-02T02:44:15","slug":"ossido-rameico-ii-3","status":"publish","type":"product","link":"https:\/\/vimaterial.de\/it\/product\/ossido-rameico-ii-3\/","title":{"rendered":"Ossido rameico (II)"},"content":{"rendered":"<p><a href=\"https:\/\/vimaterial.de\/it\/product\/ossido-rameico-ii\/\"><span style=\"color: #0000ff;\">Ossido rameico (II) <\/span><\/a>La polvere \u00e8 un cristallo monoclino nero o una polvere cristallina amorfa nera da nera a brunastra, insolubile in acqua e alcol, solubile in acidi diluiti, ecc. Ha una vasta gamma di applicazioni come reagente analitico, agente ossidante, catalizzatore e viene utilizzato anche nella colorazione di ceramica e vetro, nella produzione di batterie, nella desolforazione del petrolio, nella saldatura e in altri campi.<\/p>\n<p>VIMATERIAL produce polvere di ossido rameico (II) con purezza che varia dal 99,9% al 99,995%, dalla nanopolvere alla polvere micronizzata. Il nostro controllo qualit\u00e0 \u00e8 molto rigoroso, con controlli di qualit\u00e0 a tutto tondo su ogni lotto e ogni prodotto. Per tutte le materie prime \u00e8 possibile risalire alla causa principale. <a href=\"https:\/\/vimaterial.de\/it\/contatto\/\"><span style=\"color: #0000ff;\">contattaci.<\/span><\/a><\/p>\n<h2><span style=\"font-size: 14pt;\">Propriet\u00e0 fisiche<\/span><\/h2>\n<p>Formula molecolare: CuO<\/p>\n<p>Peso molecolare: 79,545 g\/mol<\/p>\n<p>Aspetto: Di solito cristallo monoclino nero o polvere cristallina amorfa nera da nera a brunastra.<\/p>\n<p>Densit\u00e0: 6.315 g\/cm\u00b3<\/p>\n<p>Punto di fusione: 1326\u00b0C.<\/p>\n<p>Punto di ebollizione: 2000\u00b0C.<\/p>\n<p>Struttura cristallina: monoclina.<\/p>\n<h2><span style=\"font-size: 14pt;\">Composizione chimica <\/span><\/h2>\n<table style=\"border-collapse: collapse; width: 100%; height: 72px;\">\n<tbody>\n<tr style=\"height: 24px;\">\n<td style=\"width: 11.1111%; height: 24px; text-align: center;\" colspan=\"9\"><strong>composizione dell&#8217;ossido rameico (II) (in peso%)<\/strong><\/td>\n<\/tr>\n<tr style=\"height: 24px;\">\n<td style=\"width: 11.1111%; height: 24px; text-align: center;\">CuO<\/td>\n<td style=\"width: 11.1111%; height: 24px; text-align: center;\">Fe<\/td>\n<td style=\"width: 11.1111%; height: 24px; text-align: center;\">Ni<\/td>\n<td style=\"width: 11.1111%; height: 24px; text-align: center;\">Al<\/td>\n<td style=\"width: 11.1111%; height: 24px; text-align: center;\">Zn<\/td>\n<td style=\"width: 11.1111%; height: 24px; text-align: center;\">Mg<\/td>\n<td style=\"width: 11.1111%; height: 24px; text-align: center;\">Mn<\/td>\n<td style=\"width: 11.1111%; height: 24px; text-align: center;\">Cr<\/td>\n<td style=\"width: 11.1111%; height: 24px; text-align: center;\">Cd<\/td>\n<\/tr>\n<tr style=\"height: 24px;\">\n<td style=\"width: 11.1111%; height: 24px; text-align: center;\">99.99<\/td>\n<td style=\"width: 11.1111%; height: 24px; text-align: center;\">0.002<\/td>\n<td style=\"width: 11.1111%; height: 24px; text-align: center;\">0.001<\/td>\n<td style=\"width: 11.1111%; height: 24px; text-align: center;\">0.001<\/td>\n<td style=\"width: 11.1111%; height: 24px; text-align: center;\">0.001<\/td>\n<td style=\"width: 11.1111%; height: 24px; text-align: center;\">0.0008<\/td>\n<td style=\"width: 11.1111%; height: 24px; text-align: center;\">0.0003<\/td>\n<td style=\"width: 11.1111%; height: 24px; text-align: center;\">0.00001<\/td>\n<td style=\"width: 11.1111%; height: 24px; text-align: center;\">0.0001<\/td>\n<\/tr>\n<\/tbody>\n<\/table>\n<p>&nbsp;<\/p>\n<h2><span style=\"font-size: 14pt;\">Applicazioni<\/span><\/h2>\n<p>Industria delle batterie: \u00e8 una delle materie prime pi\u00f9 importanti per la produzione di batterie, ad esempio svolge un ruolo nelle batterie zinco-rame.<\/p>\n<p>Industria petrolchimica: come desolforatore di petrolio, rimuovendo efficacemente lo zolfo nel petrolio.<\/p>\n<p>Campo catalitico: comunemente usato come catalizzatore per reazioni di sintesi organica, come nell&#8217;ossidazione di alcoli come catalizzatore.<\/p>\n<p>Materiali elettronici: possono essere utilizzati per preparare materiali semiconduttori, materiali superconduttori, ecc., con propriet\u00e0 elettriche uniche.<\/p>\n<p>Campo ottico: come agente lucidante per vetro ottico, utilizzato per migliorare la qualit\u00e0 superficiale e le propriet\u00e0 ottiche del vetro ottico.<\/p>\n<h2><span style=\"font-size: 14pt;\">Controllo qualit\u00e0<\/span><\/h2>\n<p><span style=\"color: #0000ff;\"><a style=\"color: #0000ff;\" href=\"https:\/\/vimaterial.de\/it\/controllo-qualita\/\">Ogni lotto<\/a><\/span> di prodotti sar\u00e0 testato per composizione, dimensione delle particelle e altre caratteristiche e verr\u00e0 emesso un rapporto di ispezione e campioni di ogni lotto di prodotti saranno forniti ai clienti per una nuova ispezione. Su richiesta \u00e8 disponibile anche l&#8217;ispezione di terze parti.<\/p>\n<h2><span style=\"font-size: 14pt;\">Imballaggio e stoccaggio<\/span><\/h2>\n<p>Utilizziamo sacchetti sottovuoto doppi o flaconi sottovuoto doppi con una capacit\u00e0 minima di 50g.<\/p>\n<p>Le polveri di ossido rameico (II) devono essere conservate in un ambiente asciutto e ben ventilato, lontano da fuoco, calore e acidi, e devono essere sigillate per evitare l&#8217;umidit\u00e0 e il contatto con altre sostanze potenzialmente reattive, nonch\u00e9 etichettate e protette in conformit\u00e0 con le norme di sicurezza pertinenti.<\/p>\n","protected":false},"excerpt":{"rendered":"<p><a href=\"https:\/\/vimaterial.de\/it\/product\/ossido-rameico-ii\/\"><span style=\"color: #0000ff;\">Ossido rameico (II) <\/span><\/a>La polvere \u00e8 un cristallo monoclino nero o una polvere cristallina amorfa nera da nera a brunastra, insolubile in acqua e alcol, solubile in acidi diluiti, ecc. Ha una vasta gamma di applicazioni come reagente analitico, agente ossidante, catalizzatore e viene utilizzato anche nella colorazione di ceramica e vetro, nella produzione di batterie, nella desolforazione del petrolio, nella saldatura e in altri campi.<\/p>\n<p>VIMATERIAL produce polvere di ossido rameico (II) con purezza che varia dal 99,9% al 99,995%, dalla nanopolvere alla polvere micronizzata. Il nostro controllo qualit\u00e0 \u00e8 molto rigoroso, con controlli di qualit\u00e0 a tutto tondo su ogni lotto e ogni prodotto. Per tutte le materie prime \u00e8 possibile risalire alla causa principale. <a href=\"https:\/\/vimaterial.de\/it\/contatto\/\"><span style=\"color: #0000ff;\">contattaci.<\/span><\/a><\/p>\n","protected":false},"featured_media":1003262,"comment_status":"open","ping_status":"closed","template":"","meta":{"_acf_changed":false},"product_brand":[],"product_cat":[205],"product_tag":[],"class_list":{"0":"post-1016671","1":"product","2":"type-product","3":"status-publish","4":"has-post-thumbnail","6":"product_cat-materiali-ossidi-idrossidi","8":"first","9":"instock","10":"shipping-taxable","11":"purchasable","12":"product-type-variable"},"acf":[],"_links":{"self":[{"href":"https:\/\/vimaterial.de\/it\/wp-json\/wp\/v2\/product\/1016671","targetHints":{"allow":["GET"]}}],"collection":[{"href":"https:\/\/vimaterial.de\/it\/wp-json\/wp\/v2\/product"}],"about":[{"href":"https:\/\/vimaterial.de\/it\/wp-json\/wp\/v2\/types\/product"}],"replies":[{"embeddable":true,"href":"https:\/\/vimaterial.de\/it\/wp-json\/wp\/v2\/comments?post=1016671"}],"wp:featuredmedia":[{"embeddable":true,"href":"https:\/\/vimaterial.de\/it\/wp-json\/wp\/v2\/media\/1003262"}],"wp:attachment":[{"href":"https:\/\/vimaterial.de\/it\/wp-json\/wp\/v2\/media?parent=1016671"}],"wp:term":[{"taxonomy":"product_brand","embeddable":true,"href":"https:\/\/vimaterial.de\/it\/wp-json\/wp\/v2\/product_brand?post=1016671"},{"taxonomy":"product_cat","embeddable":true,"href":"https:\/\/vimaterial.de\/it\/wp-json\/wp\/v2\/product_cat?post=1016671"},{"taxonomy":"product_tag","embeddable":true,"href":"https:\/\/vimaterial.de\/it\/wp-json\/wp\/v2\/product_tag?post=1016671"}],"curies":[{"name":"wp","href":"https:\/\/api.w.org\/{rel}","templated":true}]}}