{"id":1016648,"date":"2024-06-17T15:00:46","date_gmt":"2024-06-17T07:00:46","guid":{"rendered":"https:\/\/vimaterial.de\/product\/ossido-rameico-ii\/"},"modified":"2024-07-17T12:36:55","modified_gmt":"2024-07-17T04:36:55","slug":"ossido-rameico-ii","status":"publish","type":"product","link":"https:\/\/vimaterial.de\/it\/product\/ossido-rameico-ii\/","title":{"rendered":"Ossido rameico (II)"},"content":{"rendered":"<p>CaratteristicaL&#8217;ossido di rame(II) o ossido rameico \u00e8 il composto inorganico con la formula CuO. Un solido nero, \u00e8 uno dei due ossidi stabili del rame, l&#8217;altro \u00e8 Cu2O o ossido rameoso. Come minerale, \u00e8 noto come tenorite. \u00c8 un prodotto dell&#8217;estrazione del rame e il precursore di molti altri prodotti e composti chimici contenenti rame. Formula chimica:CuOMerme molare:79,545 g\/molAspetto:polvere da nera a marroneDensit\u00e0:6,315 g\/cm3Punto di fusione:1.326 \u00b0C (2.419 \u00b0F; 1.599 K)Punto di ebollizione:2.000 \u00b0C (3.630 \u00b0F; 2.270 K)Solubilit\u00e0 in acqua:insolubileBand gap:1,2 eVMisubilit\u00e0 agnetica (\u03c7):+238,9\u00b710\u22126 cm3\/molIndice di rifrazione (nD):2,63Struttura cristallina:monoclino, mS8ApplicazioneEssendo un prodotto significativo dell&#8217;estrazione del rame, l&#8217;ossido di rame(II) \u00e8 il punto di partenza per la produzione di altri sali di rame. Ad esempio, molti conservanti per legno sono prodotti dall&#8217;ossido di rame. L&#8217;ossido rameico \u00e8 usato come pigmento nella ceramica per produrre smalti blu, rossi e verdi, e talvolta grigi, rosa o neri. Viene anche utilizzato in modo errato come integratore alimentare nei mangimi per animali. A causa della bassa bioattivit\u00e0, il rame trascurabile viene assorbito. Viene utilizzato anche per la saldatura con leghe di rame. Un elettrodo di ossido di rame faceva parte del primo tipo di batteria noto come cella di Edison-Lalande. L&#8217;ossido di rame \u00e8 stato utilizzato anche in un tipo di batteria al litio<\/p>\n","protected":false},"excerpt":{"rendered":"<p>CaratteristicaL&#8217;ossido di rame(II) o ossido rameico \u00e8 il composto inorganico con la formula CuO. Un solido nero, \u00e8 uno dei due ossidi stabili del rame, l&#8217;altro \u00e8 Cu2O o ossido rameoso. Come minerale, \u00e8 noto come tenorite. \u00c8 un prodotto dell&#8217;estrazione del rame e il precursore di molti altri prodotti e composti chimici contenenti rame. [&hellip;]<\/p>\n","protected":false},"featured_media":1003271,"comment_status":"open","ping_status":"closed","template":"","meta":{"_acf_changed":false},"product_brand":[],"product_cat":[197],"product_tag":[],"class_list":{"0":"post-1016648","1":"product","2":"type-product","3":"status-publish","4":"has-post-thumbnail","6":"product_cat-obiettivi-di-sputtering-planari","8":"first","9":"instock","10":"shipping-taxable","11":"purchasable","12":"product-type-variable"},"acf":[],"_links":{"self":[{"href":"https:\/\/vimaterial.de\/it\/wp-json\/wp\/v2\/product\/1016648","targetHints":{"allow":["GET"]}}],"collection":[{"href":"https:\/\/vimaterial.de\/it\/wp-json\/wp\/v2\/product"}],"about":[{"href":"https:\/\/vimaterial.de\/it\/wp-json\/wp\/v2\/types\/product"}],"replies":[{"embeddable":true,"href":"https:\/\/vimaterial.de\/it\/wp-json\/wp\/v2\/comments?post=1016648"}],"wp:featuredmedia":[{"embeddable":true,"href":"https:\/\/vimaterial.de\/it\/wp-json\/wp\/v2\/media\/1003271"}],"wp:attachment":[{"href":"https:\/\/vimaterial.de\/it\/wp-json\/wp\/v2\/media?parent=1016648"}],"wp:term":[{"taxonomy":"product_brand","embeddable":true,"href":"https:\/\/vimaterial.de\/it\/wp-json\/wp\/v2\/product_brand?post=1016648"},{"taxonomy":"product_cat","embeddable":true,"href":"https:\/\/vimaterial.de\/it\/wp-json\/wp\/v2\/product_cat?post=1016648"},{"taxonomy":"product_tag","embeddable":true,"href":"https:\/\/vimaterial.de\/it\/wp-json\/wp\/v2\/product_tag?post=1016648"}],"curies":[{"name":"wp","href":"https:\/\/api.w.org\/{rel}","templated":true}]}}