{"id":1016623,"date":"2024-06-17T15:00:47","date_gmt":"2024-06-17T07:00:47","guid":{"rendered":"https:\/\/vimaterial.de\/product\/solfuro-di-rame-4\/"},"modified":"2025-04-02T09:52:34","modified_gmt":"2025-04-02T01:52:34","slug":"solfuro-di-rame-4","status":"publish","type":"product","link":"https:\/\/vimaterial.de\/it\/product\/solfuro-di-rame-4\/","title":{"rendered":"Solfuro di rame"},"content":{"rendered":"<p>Il bersaglio sputtering del <span style=\"color: #0000ff;\"><a style=\"color: #0000ff;\" href=\"https:\/\/vimaterial.de\/it\/product\/solfuro-di-rame-3\/\">solfuro di rame<\/a> <\/span>\u00e8 un materiale utilizzato nella tecnica di deposizione fisica del vapore, in cui gli atomi di solfuro di rame vengono spruzzati sulla superficie di un substrato mediante bombardamento ionico in un ambiente sottovuoto per formare un rivestimento con le caratteristiche di un film sottile di solfuro di rame, che viene utilizzato nei campi dell&#8217;ottica, dell&#8217;elettronica e cos\u00ec via.<\/p>\n<p>VIMATERIAL fornisce bersagli sputtering di solfuro di rame ad alta purezza con una purezza del 99,999%. I nostri obiettivi sono caratterizzati da una buona planarit\u00e0 superficiale, un&#8217;elevata purezza del prodotto e consistenza del prodotto e offriamo servizi di personalizzazione e rilegatura. Abbiamo molti anni di esperienza nei materiali chimici inorganici, vi preghiamo di <span style=\"color: #0000ff;\"><a style=\"color: #0000ff;\" href=\"https:\/\/vimaterial.de\/it\/contatto\/\">contattarci<\/a><\/span> per le vostre esigenze o richieste tecniche.<\/p>\n<h2><span style=\"font-size: 14pt;\">Propriet\u00e0 fisiche<\/span><\/h2>\n<p>Formula molecolare: CuS<\/p>\n<p>Peso molecolare: 95,61<\/p>\n<p>Aspetto: marrone nero<\/p>\n<p>Densit\u00e0: 4,6 g\/cm\u00b3<\/p>\n<p>Punto di fusione: Decomposto a 220\u00b0C<\/p>\n<p>Struttura cristallina: il CuS esiste in una variet\u00e0 di strutture cristalline, quelle comuni sono il sistema cristallino esagonale e il sistema cristallino cubico, ecc. Nel sistema cristallino esagonale, il rame si trova nel sistema cristallino esagonale e nel sistema cristallino cubico.<\/p>\n<h2><span style=\"font-size: 14pt;\">Applicazione<\/span><\/h2>\n<p>Campo dei semiconduttori: pu\u00f2 essere utilizzato nella produzione di semiconduttori per formare un film sottile di semiconduttori attraverso il processo di rivestimento sputtering, fornendo materiali chiave per la produzione di circuiti integrati.<\/p>\n<p>Optoelettronica: Nel campo dell&#8217;optoelettronica, il CuS pu\u00f2 essere utilizzato nella preparazione di fotorivelatori ed elettrodi per dispositivi optoelettronici, ecc., Utilizzando le sue propriet\u00e0 optoelettroniche uniche per realizzare la conversione di segnali ottici in segnali elettrici.<\/p>\n<p>Celle solari: Utilizzato nelle celle solari a film sottile come strato assorbente o materiale per elettrodi, aiuta a migliorare l&#8217;efficienza di conversione fotoelettrica della cella e promuovere l&#8217;utilizzo efficace dell&#8217;energia solare.<\/p>\n<p>Campo ottico: pu\u00f2 essere utilizzato nella produzione di lenti ottiche, filtri e altri componenti ottici del rivestimento, modificando le caratteristiche superficiali dei componenti ottici per migliorare le prestazioni ottiche e la funzionalit\u00e0.<\/p>\n<p>Campo catalitico: i bersagli sputtering CuS possono essere utilizzati come catalizzatori in alcune reazioni chimiche per ridurre l&#8217;energia di attivazione della reazione, accelerare la velocit\u00e0 di reazione e migliorare l&#8217;efficienza della reazione.<\/p>\n<h2><span style=\"font-size: 14pt;\">Controllo qualit\u00e0<\/span><\/h2>\n<p><span style=\"color: #0000ff;\"><a style=\"color: #0000ff;\" href=\"https:\/\/vimaterial.de\/it\/controllo-qualita\/\">Ogni lotto<\/a><\/span> \u00e8 soggetto a rigorosi standard di controllo della qualit\u00e0, con registrazioni di dati perfette e un meccanismo di tracciabilit\u00e0 completo del prodotto. Ogni lotto dei nostri prodotti pu\u00f2 fornire campioni per i clienti per una nuova ispezione.<\/p>\n<h2><span style=\"font-size: 14pt;\">Imballaggio e stoccaggio<\/span><\/h2>\n<p>I bersagli sputtering con solfuro di rame sono confezionati in doppi sacchetti sottovuoto e quindi inscatolati per la protezione.<\/p>\n<p>I bersagli sputtering di solfuro di rame devono essere conservati in un ambiente asciutto, fresco, ben ventilato e pulito, imballati in confezioni sigillate per evitare umidit\u00e0 e ossidazione, prevenire il contatto con acidi e forti agenti ossidanti e tenere lontano da fonti di accensione e possibili fonti di elettricit\u00e0 statica per garantire la stabilit\u00e0 delle loro propriet\u00e0 fisiche e chimiche.<\/p>\n","protected":false},"excerpt":{"rendered":"<p>Il bersaglio sputtering del <span style=\"color: #0000ff;\"><a style=\"color: #0000ff;\" href=\"https:\/\/vimaterial.de\/it\/product\/solfuro-di-rame-3\/\">solfuro di rame<\/a> <\/span>\u00e8 un materiale utilizzato nella tecnica di deposizione fisica del vapore, in cui gli atomi di solfuro di rame vengono spruzzati sulla superficie di un substrato mediante bombardamento ionico in un ambiente sottovuoto per formare un rivestimento con le caratteristiche di un film sottile di solfuro di rame, che viene utilizzato nei campi dell&#8217;ottica, dell&#8217;elettronica e cos\u00ec via.<\/p>\n<p>VIMATERIAL fornisce bersagli sputtering di solfuro di rame ad alta purezza con una purezza del 99,999%. I nostri obiettivi sono caratterizzati da una buona planarit\u00e0 superficiale, un&#8217;elevata purezza del prodotto e consistenza del prodotto e offriamo servizi di personalizzazione e rilegatura. Abbiamo molti anni di esperienza nei materiali chimici inorganici, vi preghiamo di <span style=\"color: #0000ff;\"><a style=\"color: #0000ff;\" href=\"https:\/\/vimaterial.de\/it\/contatto\/\">contattarci<\/a><\/span> per le vostre esigenze o richieste tecniche.<\/p>\n","protected":false},"featured_media":1003271,"comment_status":"open","ping_status":"closed","template":"","meta":{"_acf_changed":false},"product_brand":[],"product_cat":[197],"product_tag":[],"class_list":{"0":"post-1016623","1":"product","2":"type-product","3":"status-publish","4":"has-post-thumbnail","6":"product_cat-obiettivi-di-sputtering-planari","8":"first","9":"instock","10":"shipping-taxable","11":"product-type-variable"},"acf":[],"_links":{"self":[{"href":"https:\/\/vimaterial.de\/it\/wp-json\/wp\/v2\/product\/1016623","targetHints":{"allow":["GET"]}}],"collection":[{"href":"https:\/\/vimaterial.de\/it\/wp-json\/wp\/v2\/product"}],"about":[{"href":"https:\/\/vimaterial.de\/it\/wp-json\/wp\/v2\/types\/product"}],"replies":[{"embeddable":true,"href":"https:\/\/vimaterial.de\/it\/wp-json\/wp\/v2\/comments?post=1016623"}],"wp:featuredmedia":[{"embeddable":true,"href":"https:\/\/vimaterial.de\/it\/wp-json\/wp\/v2\/media\/1003271"}],"wp:attachment":[{"href":"https:\/\/vimaterial.de\/it\/wp-json\/wp\/v2\/media?parent=1016623"}],"wp:term":[{"taxonomy":"product_brand","embeddable":true,"href":"https:\/\/vimaterial.de\/it\/wp-json\/wp\/v2\/product_brand?post=1016623"},{"taxonomy":"product_cat","embeddable":true,"href":"https:\/\/vimaterial.de\/it\/wp-json\/wp\/v2\/product_cat?post=1016623"},{"taxonomy":"product_tag","embeddable":true,"href":"https:\/\/vimaterial.de\/it\/wp-json\/wp\/v2\/product_tag?post=1016623"}],"curies":[{"name":"wp","href":"https:\/\/api.w.org\/{rel}","templated":true}]}}