{"id":1016601,"date":"2024-06-17T15:00:48","date_gmt":"2024-06-17T07:00:48","guid":{"rendered":"https:\/\/vimaterial.de\/product\/seleniuro-di-rame-7\/"},"modified":"2025-04-02T09:08:05","modified_gmt":"2025-04-02T01:08:05","slug":"seleniuro-di-rame-7","status":"publish","type":"product","link":"https:\/\/vimaterial.de\/it\/product\/seleniuro-di-rame-7\/","title":{"rendered":"Seleniuro di rame"},"content":{"rendered":"<p>La polvere di <span style=\"color: #0000ff;\"><a style=\"color: #0000ff;\" href=\"https:\/\/vimaterial.de\/it\/product\/seleniuro-di-rame-5\/\">seleniuro di rame<\/a> <\/span>\u00e8 una polvere composta semiconduttiva, di colore blu scuro o nero di rame e selenio con una variet\u00e0 di applicazioni.<\/p>\n<p>VIMATERIAL offre polveri di seleniuro di rame ad alta purezza con una purezza del 99,999%. Le nostre polveri sono caratterizzate da granulometria uniforme, elevata purezza e prestazioni stabili del prodotto e i nostri servizi includono la personalizzazione delle specifiche del prodotto in piccole quantit\u00e0. Abbiamo molti anni di esperienza nei materiali chimici inorganici, vi preghiamo di<span style=\"color: #0000ff;\"><a style=\"color: #0000ff;\" href=\"https:\/\/vimaterial.de\/it\/contatto\/\"> contattarci<\/a><\/span> per le vostre esigenze o richieste tecniche.<\/p>\n<h2><span style=\"font-size: 14pt;\">Propriet\u00e0 fisiche<\/span><\/h2>\n<p>Formula molecolare: CuSe<\/p>\n<p>Peso molecolare: 142,5<\/p>\n<p>Aspetto: colore blu-nero<\/p>\n<p>Struttura cristallina: cristalli lamellari esagonali, ma instabili, a temperatura ambiente, mescolano polvere di rame e selenio, la compressione pu\u00f2 formare cristalli ortorombici a bassa pressione e cristalli cubici ad alta pressione.<\/p>\n<h2><span style=\"font-size: 14pt;\">Applicazioni<\/span><\/h2>\n<p>Campo optoelettronico: pu\u00f2 essere utilizzato per preparare fotorivelatori, le cui propriet\u00e0 fotoelettriche uniche aiutano a convertire i segnali ottici in segnali elettrici, svolgendo un ruolo importante nelle comunicazioni ottiche e nel rilevamento ottico.<\/p>\n<p>Celle solari: le polveri di Cuse possono essere utilizzate come strato assorbente nelle celle solari a film sottile, utilizzando le loro propriet\u00e0 di assorbimento della luce per migliorare l&#8217;efficienza di conversione fotoelettrica delle celle.<\/p>\n<p>Termoelettricit\u00e0: aggiungendo polvere di Cuse ai materiali termoelettrici, l&#8217;effetto termoelettrico pu\u00f2 realizzare la conversione reciproca tra calore ed elettricit\u00e0, che pu\u00f2 essere utilizzata nel recupero del calore di scarto.<\/p>\n<p>Campo catalitico: come catalizzatore in alcune reazioni chimiche (come la reazione di sintesi organica) pu\u00f2 ridurre l&#8217;energia di attivazione della reazione, accelerare la velocit\u00e0 di reazione e migliorare l&#8217;efficienza della reazione.<\/p>\n<h2><span style=\"font-size: 14pt;\">Controllo qualit\u00e0<\/span><\/h2>\n<p><span style=\"color: #0000ff;\"><a style=\"color: #0000ff;\" href=\"https:\/\/vimaterial.de\/it\/controllo-qualita\/\">Ogni lotto<\/a><\/span> \u00e8 soggetto a rigorosi standard di controllo della qualit\u00e0, con registrazioni di dati perfette e un meccanismo di tracciabilit\u00e0 completo del prodotto. Ogni lotto dei nostri prodotti pu\u00f2 fornire campioni per i clienti per una nuova ispezione.<\/p>\n<h2><span style=\"font-size: 14pt;\">Imballaggio e stoccaggio<\/span><\/h2>\n<p>Le polveri di seleniuro di rame sono confezionate in flaconi a doppio vuoto o in sacchetti a doppio vuoto. L&#8217;unit\u00e0 di imballaggio minima \u00e8 di 100 g.<\/p>\n<p>La polvere di seleniuro di rame deve essere conservata in un ambiente asciutto, fresco e ben ventilato, in una confezione sigillata, evitare il contatto con forti agenti ossidanti, acidi e altre sostanze che possono avere reazioni chimiche e allo stesso tempo deve essere tenuta lontana da fonti di accensione e calore, per evitare che si deteriori a causa di umidit\u00e0, ossidazione o altre reazioni chimiche.<\/p>\n","protected":false},"excerpt":{"rendered":"<p>La polvere di <span style=\"color: #0000ff;\"><a style=\"color: #0000ff;\" href=\"https:\/\/vimaterial.de\/it\/product\/seleniuro-di-rame-5\/\">seleniuro di rame<\/a> <\/span>\u00e8 una polvere composta semiconduttiva, di colore blu scuro o nero di rame e selenio con una variet\u00e0 di applicazioni.<\/p>\n<p>VIMATERIAL offre polveri di seleniuro di rame ad alta purezza con una purezza del 99,999%. Le nostre polveri sono caratterizzate da granulometria uniforme, elevata purezza e prestazioni stabili del prodotto e i nostri servizi includono la personalizzazione delle specifiche del prodotto in piccole quantit\u00e0. Abbiamo molti anni di esperienza nei materiali chimici inorganici, vi preghiamo di<span style=\"color: #0000ff;\"><a style=\"color: #0000ff;\" href=\"https:\/\/vimaterial.de\/it\/contatto\/\"> contattarci<\/a><\/span> per le vostre esigenze o richieste tecniche.<\/p>\n","protected":false},"featured_media":1003301,"comment_status":"open","ping_status":"closed","template":"","meta":{"_acf_changed":false},"product_brand":[],"product_cat":[200],"product_tag":[],"class_list":{"0":"post-1016601","1":"product","2":"type-product","3":"status-publish","4":"has-post-thumbnail","6":"product_cat-materiali-calcogenidici","8":"first","9":"instock","10":"shipping-taxable","11":"product-type-variable"},"acf":[],"_links":{"self":[{"href":"https:\/\/vimaterial.de\/it\/wp-json\/wp\/v2\/product\/1016601","targetHints":{"allow":["GET"]}}],"collection":[{"href":"https:\/\/vimaterial.de\/it\/wp-json\/wp\/v2\/product"}],"about":[{"href":"https:\/\/vimaterial.de\/it\/wp-json\/wp\/v2\/types\/product"}],"replies":[{"embeddable":true,"href":"https:\/\/vimaterial.de\/it\/wp-json\/wp\/v2\/comments?post=1016601"}],"wp:featuredmedia":[{"embeddable":true,"href":"https:\/\/vimaterial.de\/it\/wp-json\/wp\/v2\/media\/1003301"}],"wp:attachment":[{"href":"https:\/\/vimaterial.de\/it\/wp-json\/wp\/v2\/media?parent=1016601"}],"wp:term":[{"taxonomy":"product_brand","embeddable":true,"href":"https:\/\/vimaterial.de\/it\/wp-json\/wp\/v2\/product_brand?post=1016601"},{"taxonomy":"product_cat","embeddable":true,"href":"https:\/\/vimaterial.de\/it\/wp-json\/wp\/v2\/product_cat?post=1016601"},{"taxonomy":"product_tag","embeddable":true,"href":"https:\/\/vimaterial.de\/it\/wp-json\/wp\/v2\/product_tag?post=1016601"}],"curies":[{"name":"wp","href":"https:\/\/api.w.org\/{rel}","templated":true}]}}