{"id":1016559,"date":"2024-06-17T15:02:06","date_gmt":"2024-06-17T07:02:06","guid":{"rendered":"https:\/\/vimaterial.de\/product\/ossido-di-rame-e-silicio-2\/"},"modified":"2025-04-01T11:18:14","modified_gmt":"2025-04-01T03:18:14","slug":"ossido-di-rame-e-silicio-2","status":"publish","type":"product","link":"https:\/\/vimaterial.de\/it\/product\/ossido-di-rame-e-silicio-2\/","title":{"rendered":"Ossido di silicio di rame"},"content":{"rendered":"<p>Il bersaglio sputtering <span style=\"color: #0000ff;\"><a style=\"color: #0000ff;\" href=\"https:\/\/vimaterial.de\/it\/product\/ossido-di-rame-e-silicio\/\">dell&#8217;ossido di silicio di rame<\/a><\/span> \u00e8 un tipo di bersaglio sputtering composto da elementi di rame, silicio e ossigeno, che viene utilizzato per la preparazione di materiali a film sottile rilevanti mediante magnetron sputtering e altre tecniche e ha importanti applicazioni nell&#8217;elettronica, nell&#8217;ottica e in altri campi.<\/p>\n<p>VIMATERIAL fornisce bersagli sputtering di ossido di silicio di rame ad alta purezza, siamo un fornitore professionale di materie prime chimiche inorganiche, i nostri bersagli sputtering sono caratterizzati da elevata purezza, buona planarit\u00e0 superficiale, prestazioni stabili del prodotto e buona consistenza del prodotto. Supportiamo un servizio personalizzato e un servizio vincolante, in caso di problemi tecnici, non esitate<span style=\"color: #0000ff;\"><a style=\"color: #0000ff;\" href=\"https:\/\/vimaterial.de\/it\/contatto\/\"> a contattarci<\/a><\/span>.<\/p>\n<h2><span style=\"font-size: 14pt;\">Caratteristiche fisiche<\/span><\/h2>\n<p>Formula molecolare: CuSiO\u2083<\/p>\n<p>Peso molecolare: 143,63<\/p>\n<p>Aspetto: solitamente polvere blu o blu-verde<\/p>\n<p>Densit\u00e0: circa 3,8 g\/cm\u00b3.<\/p>\n<p>Struttura cristallina: appartiene al sistema cristallino ortorombico, la sua struttura cristallina di ioni rame, ioni silicio e ioni ossigeno in conformit\u00e0 con una certa disposizione spaziale per formare una struttura reticolare cristallina stabile, il tetraedro di silicio e ossigeno \u00e8 l&#8217;unit\u00e0 strutturale di base, gli ioni rame sono distribuiti nella distribuzione delle sue interazioni circostanti con la formazione del cristallo complessivo.<\/p>\n<h2><span style=\"font-size: 14pt;\">Applicazioni<\/span><\/h2>\n<p>Campo elettronico: utilizzato nella produzione di dispositivi elettronici, pu\u00f2 svolgere un ruolo nella deposizione dello strato isolante dei chip del circuito integrato, il film formato dallo sputtering pu\u00f2 fornire buone propriet\u00e0 dielettriche, che aiutano a migliorare le prestazioni e la stabilit\u00e0 del chip.<\/p>\n<p>Campo ottico: nel rivestimento ottico, pu\u00f2 essere utilizzato per la preparazione di lenti ottiche e filtri, ecc. Il film di ossido di rame e silicio depositato pu\u00f2 regolare l&#8217;indice di rifrazione e la trasmittanza dei componenti ottici, ridurre efficacemente la luce riflessa, aumentare la trasmissione della luce e migliorare la qualit\u00e0 dell&#8217;immagine del sistema ottico.<\/p>\n<p>Campo fotovoltaico: Nella produzione di celle solari, pu\u00f2 essere utilizzato come potenziale materiale per lo strato tampone. Il film sottile di CuSiO\u2083 formato dallo sputtering aiuta a migliorare le prestazioni interfacciali della cella, aumentare l&#8217;efficienza di conversione fotovoltaica e, allo stesso tempo, migliorare la resistenza della cella ai fattori ambientali.<\/p>\n<p>Campo dei semiconduttori: come materiale a film sottile nel processo dei semiconduttori, viene applicato nello strato di passivazione o nella struttura di cablaggio multistrato dei chip semiconduttori, che pu\u00f2 migliorare la resistenza alla corrosione e le prestazioni elettriche del chip e salvaguardare l&#8217;affidabilit\u00e0 e la durata dei dispositivi a semiconduttore.<\/p>\n<h2><span style=\"font-size: 14pt;\">Controllo qualit\u00e0<\/span><\/h2>\n<p><span style=\"color: #0000ff;\"><a style=\"color: #0000ff;\" href=\"https:\/\/vimaterial.de\/it\/controllo-qualita\/\">Ogni lotto<\/a><\/span> di prodotti ha un rigoroso sistema di qualit\u00e0 per garantire che i registri di ispezione completi, tutti i prodotti di fabbrica possano essere tracciati e forniranno campioni al cliente dopo la fabbrica, affinch\u00e9 i clienti possano ispezionare nuovamente. Abbiamo una buona consistenza del prodotto e un&#8217;elevata riproducibilit\u00e0 del prodotto.<\/p>\n<h2><span style=\"font-size: 14pt;\">Imballaggio e stoccaggio<\/span><\/h2>\n<p>I bersagli di sputtering di ossido di rame e silicio sono generalmente protetti da doppi sacchetti sottovuoto seguiti da scatole.<\/p>\n<p>I bersagli sputtering di ossido di silicio di rame devono essere conservati in un ambiente asciutto, fresco e ben ventilato per evitare umidit\u00e0 e ossidazione e per evitare che entrino in contatto con sostanze corrosive come acidi e alcali e, allo stesso tempo, dovremmo assicurarci che la temperatura dell&#8217;ambiente di stoccaggio sia stabile, per evitare danni fisici ai bersagli dovuti alle variazioni di temperatura, E dovremmo adottare buone misure per prevenire la polvere.<\/p>\n","protected":false},"excerpt":{"rendered":"<p>Il bersaglio sputtering <span style=\"color: #0000ff;\"><a style=\"color: #0000ff;\" href=\"https:\/\/vimaterial.de\/it\/product\/ossido-di-rame-e-silicio\/\">dell&#8217;ossido di silicio di rame<\/a><\/span> \u00e8 un tipo di bersaglio sputtering composto da elementi di rame, silicio e ossigeno, che viene utilizzato per la preparazione di materiali a film sottile rilevanti mediante magnetron sputtering e altre tecniche e ha importanti applicazioni nell&#8217;elettronica, nell&#8217;ottica e in altri campi.<\/p>\n<p>VIMATERIAL fornisce bersagli sputtering di ossido di silicio di rame ad alta purezza, siamo un fornitore professionale di materie prime chimiche inorganiche, i nostri bersagli sputtering sono caratterizzati da elevata purezza, buona planarit\u00e0 superficiale, prestazioni stabili del prodotto e buona consistenza del prodotto. Supportiamo un servizio personalizzato e un servizio vincolante, in caso di problemi tecnici, non esitate<span style=\"color: #0000ff;\"><a style=\"color: #0000ff;\" href=\"https:\/\/vimaterial.de\/it\/contatto\/\"> a contattarci<\/a><\/span>.<\/p>\n","protected":false},"featured_media":1003317,"comment_status":"open","ping_status":"closed","template":"","meta":{"_acf_changed":false},"product_brand":[],"product_cat":[197],"product_tag":[],"class_list":{"0":"post-1016559","1":"product","2":"type-product","3":"status-publish","4":"has-post-thumbnail","6":"product_cat-obiettivi-di-sputtering-planari","8":"first","9":"instock","10":"shipping-taxable","11":"product-type-variable"},"acf":[],"_links":{"self":[{"href":"https:\/\/vimaterial.de\/it\/wp-json\/wp\/v2\/product\/1016559","targetHints":{"allow":["GET"]}}],"collection":[{"href":"https:\/\/vimaterial.de\/it\/wp-json\/wp\/v2\/product"}],"about":[{"href":"https:\/\/vimaterial.de\/it\/wp-json\/wp\/v2\/types\/product"}],"replies":[{"embeddable":true,"href":"https:\/\/vimaterial.de\/it\/wp-json\/wp\/v2\/comments?post=1016559"}],"wp:featuredmedia":[{"embeddable":true,"href":"https:\/\/vimaterial.de\/it\/wp-json\/wp\/v2\/media\/1003317"}],"wp:attachment":[{"href":"https:\/\/vimaterial.de\/it\/wp-json\/wp\/v2\/media?parent=1016559"}],"wp:term":[{"taxonomy":"product_brand","embeddable":true,"href":"https:\/\/vimaterial.de\/it\/wp-json\/wp\/v2\/product_brand?post=1016559"},{"taxonomy":"product_cat","embeddable":true,"href":"https:\/\/vimaterial.de\/it\/wp-json\/wp\/v2\/product_cat?post=1016559"},{"taxonomy":"product_tag","embeddable":true,"href":"https:\/\/vimaterial.de\/it\/wp-json\/wp\/v2\/product_tag?post=1016559"}],"curies":[{"name":"wp","href":"https:\/\/api.w.org\/{rel}","templated":true}]}}