{"id":1016551,"date":"2024-06-17T15:00:50","date_gmt":"2024-06-17T07:00:50","guid":{"rendered":"https:\/\/vimaterial.de\/product\/ossido-di-rame-e-silicio\/"},"modified":"2025-04-01T17:03:15","modified_gmt":"2025-04-01T09:03:15","slug":"ossido-di-rame-e-silicio","status":"publish","type":"product","link":"https:\/\/vimaterial.de\/it\/product\/ossido-di-rame-e-silicio\/","title":{"rendered":"Ossido di silicio di rame"},"content":{"rendered":"<p>I granuli di <span style=\"color: #0000ff;\"><a style=\"color: #0000ff;\" href=\"https:\/\/vimaterial.de\/it\/product\/ossido-di-rame-e-silicio-2\/\">ossido di rame e silicio <\/a><\/span>sono sostanze granulari contenenti elementi di rame, silicio e ossigeno, il cui aspetto pu\u00f2 variare a seconda della proporzione dei componenti e di altri fattori, e hanno una certa densit\u00e0, con una struttura cristallina complessa, che svolge un ruolo importante come materia prima o materiale funzionale nei campi dell&#8217;elettronica, ottiche e cos\u00ec via.<\/p>\n<p>VIMATERIAL fornisce granuli di ossido di rame e silicio ad alta purezza, siamo un fornitore professionale di materie prime chimiche inorganiche, le nostre particelle sono caratterizzate da elevata purezza, dimensione delle particelle personalizzabile, prestazioni stabili del prodotto e buona consistenza del prodotto. Supportiamo un servizio personalizzato e un ordine di piccoli lotti, se hai domande tecniche, ti preghiamo di <span style=\"color: #0000ff;\"><a style=\"color: #0000ff;\" href=\"https:\/\/vimaterial.de\/it\/contatto\/\">contattarci<\/a><\/span>.<\/p>\n<h2><span style=\"font-size: 14pt;\">Caratteristiche fisiche<\/span><\/h2>\n<p>Formula molecolare: CuSiO\u2083<\/p>\n<p>Peso molecolare: 143,63<\/p>\n<p>Aspetto: solitamente polvere blu o blu-verde<\/p>\n<p>Densit\u00e0: circa 3,8 g\/cm\u00b3.<\/p>\n<p>Struttura cristallina: appartiene al sistema cristallino ortorombico, la sua struttura cristallina di ioni rame, ioni silicio e ioni ossigeno in conformit\u00e0 con una certa disposizione spaziale per formare una struttura reticolare cristallina stabile, il tetraedro di silicio e ossigeno \u00e8 l&#8217;unit\u00e0 strutturale di base, gli ioni rame sono distribuiti nella distribuzione delle sue interazioni circostanti con la formazione del cristallo complessivo.<\/p>\n<h2><span style=\"font-size: 14pt;\">Applicazioni<\/span><\/h2>\n<p>Elettronica: i granuli di ossido di rame e silicio possono essere utilizzati per la preparazione di materiali per elettrodi nei componenti elettronici per migliorare le prestazioni e la stabilit\u00e0 dei dispositivi elettronici.<\/p>\n<p>Campo ottico: come additivo per materiali ottici, pu\u00f2 migliorare l&#8217;indice di rifrazione e la trasmissione della luce dei materiali ottici e viene utilizzato nella produzione di lenti ottiche e fibre ottiche.<\/p>\n<p>Campo energetico: pu\u00f2 essere applicato a batterie agli ioni di litio e altri dispositivi di accumulo di energia per migliorare le prestazioni di carica e scarica e la durata del ciclo della batteria.<\/p>\n<p>Campo della scienza dei materiali: aggiunto a ceramica, vetro e altri materiali, pu\u00f2 migliorare le propriet\u00e0 meccaniche, la durezza e la resistenza all&#8217;usura del materiale e migliorare la qualit\u00e0 e la durata del materiale.<\/p>\n<p>Campo biomedico: le sue propriet\u00e0 fisico-chimiche uniche lo rendono potenzialmente utile in biosensori, vettori di farmaci, ecc., che possono aiutare nella diagnosi e nel trattamento delle malattie.<\/p>\n<h2><span style=\"font-size: 14pt;\">Controllo qualit\u00e0<\/span><\/h2>\n<p><span style=\"color: #0000ff;\"><a style=\"color: #0000ff;\" href=\"https:\/\/vimaterial.de\/it\/controllo-qualita\/\">Ogni lotto<\/a><\/span> di prodotti ha un rigoroso sistema di qualit\u00e0 per garantire che i registri di ispezione completi, tutti i prodotti di fabbrica possano essere tracciati e forniranno campioni al cliente dopo la fabbrica, affinch\u00e9 i clienti possano ispezionare nuovamente. Abbiamo una buona consistenza del prodotto e un&#8217;elevata riproducibilit\u00e0 del prodotto.<\/p>\n<h2><span style=\"font-size: 14pt;\">Imballaggio e stoccaggio<\/span><\/h2>\n<p>I granuli di ossido di rame e silicio sono solitamente confezionati in doppi sacchetti o bottiglie sottovuoto e la specifica minima di imballaggio \u00e8 di 100 g\/bottiglia.<\/p>\n<p>I granuli di ossido di rame e silicio devono essere conservati in un ambiente asciutto, fresco e ben ventilato, sigillati per prevenire l&#8217;umidit\u00e0, l&#8217;ossidazione o l&#8217;adsorbimento di impurit\u00e0 e devono essere evitati da violente collisioni meccaniche e sbalzi di temperatura e tenuti lontani da acidi e alcali forti e altre sostanze che possono avere reazioni chimiche con essi.<\/p>\n","protected":false},"excerpt":{"rendered":"<p>I granuli di <span style=\"color: #0000ff;\"><a style=\"color: #0000ff;\" href=\"https:\/\/vimaterial.de\/it\/product\/ossido-di-rame-e-silicio-2\/\">ossido di rame e silicio <\/a><\/span>sono sostanze granulari contenenti elementi di rame, silicio e ossigeno, il cui aspetto pu\u00f2 variare a seconda della proporzione dei componenti e di altri fattori, e hanno una certa densit\u00e0, con una struttura cristallina complessa, che svolge un ruolo importante come materia prima o materiale funzionale nei campi dell&#8217;elettronica, ottiche e cos\u00ec via.<\/p>\n<p>VIMATERIAL fornisce granuli di ossido di rame e silicio ad alta purezza, siamo un fornitore professionale di materie prime chimiche inorganiche, le nostre particelle sono caratterizzate da elevata purezza, dimensione delle particelle personalizzabile, prestazioni stabili del prodotto e buona consistenza del prodotto. Supportiamo un servizio personalizzato e un ordine di piccoli lotti, se hai domande tecniche, ti preghiamo di <span style=\"color: #0000ff;\"><a style=\"color: #0000ff;\" href=\"https:\/\/vimaterial.de\/it\/contatto\/\">contattarci<\/a><\/span>.<\/p>\n","protected":false},"featured_media":1003317,"comment_status":"open","ping_status":"closed","template":"","meta":{"_acf_changed":false},"product_brand":[],"product_cat":[198],"product_tag":[],"class_list":{"0":"post-1016551","1":"product","2":"type-product","3":"status-publish","4":"has-post-thumbnail","6":"product_cat-materiali-per-levaporazione","8":"first","9":"instock","10":"shipping-taxable","11":"product-type-variable"},"acf":[],"_links":{"self":[{"href":"https:\/\/vimaterial.de\/it\/wp-json\/wp\/v2\/product\/1016551","targetHints":{"allow":["GET"]}}],"collection":[{"href":"https:\/\/vimaterial.de\/it\/wp-json\/wp\/v2\/product"}],"about":[{"href":"https:\/\/vimaterial.de\/it\/wp-json\/wp\/v2\/types\/product"}],"replies":[{"embeddable":true,"href":"https:\/\/vimaterial.de\/it\/wp-json\/wp\/v2\/comments?post=1016551"}],"wp:featuredmedia":[{"embeddable":true,"href":"https:\/\/vimaterial.de\/it\/wp-json\/wp\/v2\/media\/1003317"}],"wp:attachment":[{"href":"https:\/\/vimaterial.de\/it\/wp-json\/wp\/v2\/media?parent=1016551"}],"wp:term":[{"taxonomy":"product_brand","embeddable":true,"href":"https:\/\/vimaterial.de\/it\/wp-json\/wp\/v2\/product_brand?post=1016551"},{"taxonomy":"product_cat","embeddable":true,"href":"https:\/\/vimaterial.de\/it\/wp-json\/wp\/v2\/product_cat?post=1016551"},{"taxonomy":"product_tag","embeddable":true,"href":"https:\/\/vimaterial.de\/it\/wp-json\/wp\/v2\/product_tag?post=1016551"}],"curies":[{"name":"wp","href":"https:\/\/api.w.org\/{rel}","templated":true}]}}