{"id":1016524,"date":"2024-06-17T15:02:08","date_gmt":"2024-06-17T07:02:08","guid":{"rendered":"https:\/\/vimaterial.de\/product\/solfato-di-rame\/"},"modified":"2025-03-31T17:58:58","modified_gmt":"2025-03-31T09:58:58","slug":"solfato-di-rame","status":"publish","type":"product","link":"https:\/\/vimaterial.de\/it\/product\/solfato-di-rame\/","title":{"rendered":"Solfato di rame"},"content":{"rendered":"<p><span style=\"color: #0000ff;\"><a style=\"color: #0000ff;\" href=\"https:\/\/vimaterial.de\/it\/product\/solfato-di-rame-2\/\">Solfato di rame<\/a> <\/span>La polvere \u00e8 una polvere cristallina blu contenente ioni rame, ioni solfato e acqua di cristallizzazione. Ha una certa densit\u00e0 e perde gradualmente l&#8217;acqua di cristallizzazione quando viene riscaldata e viene utilizzata in molti campi come l&#8217;agricoltura, l&#8217;industria chimica, la medicina, ecc. \u00c8 facilmente solubile in acqua e la soluzione acquosa \u00e8 di colore blu.<\/p>\n<p>VIMATERIAL fornisce polvere di solfato di rame ad alta purezza, siamo un fornitore professionale di materie prime chimiche inorganiche, supportiamo l&#8217;ordine di piccoli lotti, supportiamo anche la personalizzazione del prodotto e gli esperimenti, se hai problemi tecnici, ti preghiamo di <span style=\"color: #0000ff;\"><a style=\"color: #0000ff;\" href=\"https:\/\/vimaterial.de\/it\/contatto\/\">contattarci.<\/a><\/span><\/p>\n<h2><span style=\"font-size: 14pt;\">Caratteristiche fisiche<\/span><\/h2>\n<p>Formula molecolare: CuSO\u2084-5H\u2082O<\/p>\n<p>Peso molecolare: 249,685 g\/mol<\/p>\n<p>Aspetto: polvere cristallina blu o polvere cristallina granulare blu<\/p>\n<p>Densit\u00e0: 2,286 g\/mL<\/p>\n<p>Punto di fusione: perde quattro molecole di acqua di cristallizzazione a 110 \u00b0C, perde tutta l&#8217;acqua di cristallizzazione a 150 \u00b0C in solfato di rame anidro.<\/p>\n<p>Punto di ebollizione: riscaldato a 650 \u00b0C pu\u00f2 essere decomposto in ossido di rame, anidride solforosa e ossigeno.<\/p>\n<p>Struttura cristallina: appartiene al sistema cristallino triclino, nella sua struttura cristallina, gli ioni rame e gli ioni solfato sono combinati attraverso il legame ionico e le molecole d&#8217;acqua sono collegate con ioni rame e ioni solfato attraverso il legame idrogeno, formando una complessa struttura di rete tridimensionale.<\/p>\n<h2><span style=\"font-size: 14pt;\">Applicazioni<\/span><\/h2>\n<p>Campo chimico: nell&#8217;industria galvanica, \u00e8 una materia prima importante per la ramatura, che pu\u00f2 fornire uno strato di ramatura uniforme per gli oggetti placcati; Nella preparazione dei pigmenti, il suo colore blu pu\u00f2 essere utilizzato per produrre pigmenti per vernici, dipinti e altri campi.<\/p>\n<p>Medicina: pu\u00f2 essere usato come emetico, utilizzando le sue propriet\u00e0 chimiche per stimolare lo stomaco umano a produrre una reazione di vomito; Pu\u00f2 anche essere usato per trattare alcune malattie legate alla carenza di rame, integrando gli elementi di rame necessari al corpo umano.<\/p>\n<p>Laboratorio: come reagente chimico comune per la preparazione di altri composti di rame, o come sostanza standard in esperimenti di chimica analitica per l&#8217;analisi quantitativa e qualitativa degli ioni rame.<\/p>\n<h2><span style=\"font-size: 14pt;\">Controllo qualit\u00e0<\/span><\/h2>\n<p><span style=\"color: #0000ff;\"><a style=\"color: #0000ff;\" href=\"https:\/\/vimaterial.de\/it\/controllo-qualita\/\">Ogni lotto<\/a> <\/span>di prodotti ha un rigoroso sistema di qualit\u00e0 per garantire che i registri di ispezione completi, tutti i prodotti di fabbrica possano essere tracciati e forniranno campioni al cliente dopo la fabbrica, affinch\u00e9 i clienti possano ispezionare nuovamente. Abbiamo una buona consistenza del prodotto e un&#8217;elevata riproducibilit\u00e0 del prodotto.<\/p>\n<h2><span style=\"font-size: 14pt;\">Imballaggio e stoccaggio<\/span><\/h2>\n<p>Le polveri di solfato di rame sono generalmente confezionate in flaconi a doppio vuoto. L&#8217;unit\u00e0 di imballaggio minima \u00e8 di 100 g\/bottiglia.<\/p>\n<p>Le polveri di solfato di rame devono essere conservate in un ambiente asciutto, fresco e ben ventilato, sigillato per evitare il contatto con l&#8217;aria umida e la deliquescenza e lontano da fonti di accensione, calore e alcali per evitare il deterioramento dovuto alla reazione chimica.<\/p>\n<p>&nbsp;<\/p>\n","protected":false},"excerpt":{"rendered":"<p><span style=\"color: #0000ff;\"><a style=\"color: #0000ff;\" href=\"https:\/\/vimaterial.de\/it\/product\/solfato-di-rame-2\/\">Solfato di rame<\/a> <\/span>La polvere \u00e8 una polvere cristallina blu contenente ioni rame, ioni solfato e acqua di cristallizzazione. Ha una certa densit\u00e0 e perde gradualmente l&#8217;acqua di cristallizzazione quando viene riscaldata e viene utilizzata in molti campi come l&#8217;agricoltura, l&#8217;industria chimica, la medicina, ecc. \u00c8 facilmente solubile in acqua e la soluzione acquosa \u00e8 di colore blu.<\/p>\n<p>VIMATERIAL fornisce polvere di solfato di rame ad alta purezza, siamo un fornitore professionale di materie prime chimiche inorganiche, supportiamo l&#8217;ordine di piccoli lotti, supportiamo anche la personalizzazione del prodotto e gli esperimenti, se hai problemi tecnici, ti preghiamo di <span style=\"color: #0000ff;\"><a style=\"color: #0000ff;\" href=\"https:\/\/vimaterial.de\/it\/contatto\/\">contattarci.<\/a><\/span><\/p>\n","protected":false},"featured_media":1003343,"comment_status":"open","ping_status":"closed","template":"","meta":{"_acf_changed":false},"product_brand":[],"product_cat":[206],"product_tag":[],"class_list":{"0":"post-1016524","1":"product","2":"type-product","3":"status-publish","4":"has-post-thumbnail","6":"product_cat-altri-materiali","8":"first","9":"instock","10":"shipping-taxable","11":"purchasable","12":"product-type-variable"},"acf":[],"_links":{"self":[{"href":"https:\/\/vimaterial.de\/it\/wp-json\/wp\/v2\/product\/1016524","targetHints":{"allow":["GET"]}}],"collection":[{"href":"https:\/\/vimaterial.de\/it\/wp-json\/wp\/v2\/product"}],"about":[{"href":"https:\/\/vimaterial.de\/it\/wp-json\/wp\/v2\/types\/product"}],"replies":[{"embeddable":true,"href":"https:\/\/vimaterial.de\/it\/wp-json\/wp\/v2\/comments?post=1016524"}],"wp:featuredmedia":[{"embeddable":true,"href":"https:\/\/vimaterial.de\/it\/wp-json\/wp\/v2\/media\/1003343"}],"wp:attachment":[{"href":"https:\/\/vimaterial.de\/it\/wp-json\/wp\/v2\/media?parent=1016524"}],"wp:term":[{"taxonomy":"product_brand","embeddable":true,"href":"https:\/\/vimaterial.de\/it\/wp-json\/wp\/v2\/product_brand?post=1016524"},{"taxonomy":"product_cat","embeddable":true,"href":"https:\/\/vimaterial.de\/it\/wp-json\/wp\/v2\/product_cat?post=1016524"},{"taxonomy":"product_tag","embeddable":true,"href":"https:\/\/vimaterial.de\/it\/wp-json\/wp\/v2\/product_tag?post=1016524"}],"curies":[{"name":"wp","href":"https:\/\/api.w.org\/{rel}","templated":true}]}}