{"id":1016488,"date":"2024-06-17T15:02:12","date_gmt":"2024-06-17T07:02:12","guid":{"rendered":"https:\/\/vimaterial.de\/product\/rame-titanio-3\/"},"modified":"2025-03-31T13:27:45","modified_gmt":"2025-03-31T05:27:45","slug":"rame-titanio-3","status":"publish","type":"product","link":"https:\/\/vimaterial.de\/it\/product\/rame-titanio-3\/","title":{"rendered":"Rame Titanio"},"content":{"rendered":"<p>La polvere di <span style=\"color: #0000ff;\"><a style=\"color: #0000ff;\" href=\"https:\/\/vimaterial.de\/it\/product\/rame-titanio\/\">rame e titanio<\/a><\/span> \u00e8 una polvere di lega composta da rame e titanio con una buona conduttivit\u00e0 elettrica e termica, resistenza e resistenza alla corrosione, che pu\u00f2 essere utilizzata in molti campi come l&#8217;elettronica, la scienza dei materiali, la biomedicina, l&#8217;energia e cos\u00ec via.<\/p>\n<p>VIMATERIAL offre polveri di rame e titanio ad alta purezza, disponibili in un&#8217;ampia gamma di dimensioni delle particelle, con basso contenuto di impurit\u00e0 e prestazioni affidabili. Abbiamo molti anni di esperienza nel campo delle materie prime chimiche inorganiche, supportati da un team tecnico professionale, se hai domande e hai bisogno di consigli,<span style=\"color: #0000ff;\"><a style=\"color: #0000ff;\" href=\"https:\/\/vimaterial.de\/it\/contatto\/\"> contattaci<\/a><\/span>.<\/p>\n<h2><span style=\"font-size: 14pt;\">Caratteristiche fisiche<\/span><\/h2>\n<p>Formula molecolare: CuTi<\/p>\n<p>Peso molecolare: 82,41 g\/mol<\/p>\n<p><span style=\"font-size: 12pt;\">Aspetto: solitamente polvere grigia o nera<\/span><\/p>\n<h2><span style=\"font-size: 14pt;\">Applicazioni<\/span><\/h2>\n<p>Nel campo degli apparecchi elettronici ed elettrici: pu\u00f2 essere utilizzato per preparare materiali per elettrodi per componenti elettronici per migliorare la conduttivit\u00e0 e la stabilit\u00e0 dell&#8217;elettrodo.<\/p>\n<p>Aerospaziale: la polvere pu\u00f2 essere utilizzata come materiale di rivestimento per parti ad alta temperatura come le pale dei motori aerospaziali per migliorare la resistenza alle alte temperature e all&#8217;usura delle parti.<\/p>\n<p>Campo automobilistico di nuova energia: nella produzione di batterie di automobili di nuova energia, pu\u00f2 essere utilizzato per migliorare le prestazioni dell&#8217;elettrodo della batteria, aumentare l&#8217;efficienza di carica e scarica e la durata della batteria.<\/p>\n<p>Produzione meccanica: pu\u00f2 essere aggiunto a materiali metallici per produrre parti meccaniche con elevata resistenza, elevata durezza e buona resistenza all&#8217;usura per migliorare le propriet\u00e0 meccaniche e la durata.<\/p>\n<h2><span style=\"font-size: 14pt;\">Controllo qualit\u00e0<\/span><\/h2>\n<p><span style=\"color: #0000ff;\"><a style=\"color: #0000ff;\" href=\"https:\/\/vimaterial.de\/it\/controllo-qualita\/\">Ogni lotto<\/a><\/span> di prodotti ha un rigoroso sistema di qualit\u00e0 per garantire che i registri di ispezione completi, tutti i prodotti di fabbrica possano essere tracciati e forniranno campioni al cliente dopo la fabbrica, affinch\u00e9 i clienti possano ispezionare nuovamente. Abbiamo una buona consistenza del prodotto e un&#8217;elevata riproducibilit\u00e0 del prodotto.<\/p>\n<h2><span style=\"font-size: 14pt;\">Imballaggio e stoccaggio<\/span><\/h2>\n<p>Le polveri di rame e titanio sono solitamente confezionate in sacchetti o flaconi sottovuoto doppi. L&#8217;unit\u00e0 di imballaggio minima \u00e8 di 100 g\/sacchetto (bottiglia).<\/p>\n<p>Le polveri di rame e titanio devono essere conservate in un ambiente asciutto, fresco e ben ventilato, sigillate per evitare umidit\u00e0, ossidazione e contaminazione da impurit\u00e0 e tenute lontane da fonti di accensione, calore e sostanze corrosive per prevenire reazioni chimiche, combustione o cambiamenti nelle propriet\u00e0 fisiche.<\/p>\n","protected":false},"excerpt":{"rendered":"<p>La polvere di <span style=\"color: #0000ff;\"><a style=\"color: #0000ff;\" href=\"https:\/\/vimaterial.de\/it\/product\/rame-titanio\/\">rame titanio<\/a><\/span> \u00e8 una polvere di lega composta da rame e titanio con una buona conduttivit\u00e0 elettrica e termica, resistenza e resistenza alla corrosione, che pu\u00f2 essere utilizzata in molti campi come l&#8217;elettronica, la scienza dei materiali, la biomedicina, l&#8217;energia e cos\u00ec via.<\/p>\n<p>VIMATERIAL offre polveri di rame e titanio ad alta purezza, disponibili in un&#8217;ampia gamma di dimensioni delle particelle, con basso contenuto di impurit\u00e0 e prestazioni affidabili. Abbiamo molti anni di esperienza nel campo delle materie prime chimiche inorganiche, supportati da un team tecnico professionale, se hai domande e hai bisogno di consigli,<span style=\"color: #0000ff;\"><a style=\"color: #0000ff;\" href=\"https:\/\/vimaterial.de\/it\/contatto\/\"> contattaci<\/a><\/span>.<\/p>\n","protected":false},"featured_media":1003369,"comment_status":"open","ping_status":"closed","template":"","meta":{"_acf_changed":false},"product_brand":[],"product_cat":[206],"product_tag":[],"class_list":{"0":"post-1016488","1":"product","2":"type-product","3":"status-publish","4":"has-post-thumbnail","6":"product_cat-altri-materiali","8":"first","9":"instock","10":"shipping-taxable","11":"product-type-variable"},"acf":[],"_links":{"self":[{"href":"https:\/\/vimaterial.de\/it\/wp-json\/wp\/v2\/product\/1016488","targetHints":{"allow":["GET"]}}],"collection":[{"href":"https:\/\/vimaterial.de\/it\/wp-json\/wp\/v2\/product"}],"about":[{"href":"https:\/\/vimaterial.de\/it\/wp-json\/wp\/v2\/types\/product"}],"replies":[{"embeddable":true,"href":"https:\/\/vimaterial.de\/it\/wp-json\/wp\/v2\/comments?post=1016488"}],"wp:featuredmedia":[{"embeddable":true,"href":"https:\/\/vimaterial.de\/it\/wp-json\/wp\/v2\/media\/1003369"}],"wp:attachment":[{"href":"https:\/\/vimaterial.de\/it\/wp-json\/wp\/v2\/media?parent=1016488"}],"wp:term":[{"taxonomy":"product_brand","embeddable":true,"href":"https:\/\/vimaterial.de\/it\/wp-json\/wp\/v2\/product_brand?post=1016488"},{"taxonomy":"product_cat","embeddable":true,"href":"https:\/\/vimaterial.de\/it\/wp-json\/wp\/v2\/product_cat?post=1016488"},{"taxonomy":"product_tag","embeddable":true,"href":"https:\/\/vimaterial.de\/it\/wp-json\/wp\/v2\/product_tag?post=1016488"}],"curies":[{"name":"wp","href":"https:\/\/api.w.org\/{rel}","templated":true}]}}