{"id":1016483,"date":"2024-06-17T15:02:12","date_gmt":"2024-06-17T07:02:12","guid":{"rendered":"https:\/\/vimaterial.de\/product\/rame-titanio-2\/"},"modified":"2025-03-31T13:42:21","modified_gmt":"2025-03-31T05:42:21","slug":"rame-titanio-2","status":"publish","type":"product","link":"https:\/\/vimaterial.de\/it\/product\/rame-titanio-2\/","title":{"rendered":"Rame Titanio"},"content":{"rendered":"<p>Rame I granuli di <span style=\"color: #0000ff;\"><a style=\"color: #0000ff;\" href=\"https:\/\/vimaterial.de\/it\/product\/rame-titanio-3\/\">titanio<\/a> <\/span>sono sostanze granulari composte da rame e titanio, che possono avere propriet\u00e0 metalliche e svolgere un ruolo in molte aree della scienza dei materiali e dell&#8217;elettronica. Sono utilizzati nella preparazione di leghe e nella fabbricazione di dispositivi elettronici.<\/p>\n<p>VIMATERIAL offre granuli di rame e titanio ad alta purezza, puri, puliti, regolari, a basso contenuto di impurit\u00e0 e affidabili. Abbiamo molti anni di esperienza nel campo delle materie prime chimiche inorganiche, supportati da un team tecnico professionale, se hai domande e hai bisogno di consigli, <span style=\"color: #0000ff;\"><a style=\"color: #0000ff;\" href=\"https:\/\/vimaterial.de\/it\/contatto\/\">contattaci.<\/a><\/span><\/p>\n<h2><span style=\"font-size: 14pt;\">Caratteristiche fisiche<\/span><\/h2>\n<p>Formula molecolare: CuTi<\/p>\n<p>Peso molecolare: 82,41 g\/mol<\/p>\n<p>Aspetto: di solito particelle fini grigio argento o bianco sporco con lucentezza metallica.<\/p>\n<p>Punto di fusione: circa 1083\u00b0C.<\/p>\n<p>Punto di ebollizione: circa 2562\u00b0C.<\/p>\n<p>Struttura cristallina: i tipi comuni includono il reticolo cubico centrato sul corpo e cos\u00ec via.<\/p>\n<h2><span style=\"font-size: 14pt;\">Applicazioni<\/span><\/h2>\n<p>Campo elettronico: pu\u00f2 essere utilizzato nei materiali di imballaggio elettronico e nella pasta elettronica, per migliorare la dissipazione del calore e le propriet\u00e0 elettriche dei dispositivi elettronici e migliorare la conduttivit\u00e0 e l&#8217;adesione della pasta.<\/p>\n<p>Scienza dei materiali: Come elementi di lega o fasi di rinforzo dei materiali compositi, le particelle di CuTi possono migliorare le propriet\u00e0 delle leghe o migliorare la tenacit\u00e0, la resistenza e la conduttivit\u00e0 termica dei materiali della matrice.<\/p>\n<p>Campo biomedico: pu\u00f2 essere utilizzato per l&#8217;estrazione di acidi nucleici dopo il rivestimento superficiale, realizzando una separazione e una purificazione efficienti di acidi nucleici in campioni biologici.<\/p>\n<p>Campo energetico: pu\u00f2 essere applicato ai materiali degli elettrodi delle batterie e ai materiali di stoccaggio dell&#8217;idrogeno per migliorare l&#8217;efficienza di carica e scarica delle batterie, le prestazioni del ciclo e l&#8217;efficienza dello stoccaggio dell&#8217;idrogeno.<\/p>\n<h2><span style=\"font-size: 14pt;\">Controllo qualit\u00e0<\/span><\/h2>\n<p><a href=\"https:\/\/vimaterial.de\/it\/controllo-qualita\/\"><span style=\"color: #0000ff;\">Ogni lotto<\/span><\/a> di prodotti ha un rigoroso sistema di qualit\u00e0 per garantire che i registri di ispezione completi, tutti i prodotti di fabbrica possano essere tracciati e forniranno campioni al cliente dopo la fabbrica, affinch\u00e9 i clienti possano ispezionare nuovamente. Abbiamo una buona consistenza del prodotto e un&#8217;elevata riproducibilit\u00e0 del prodotto.<\/p>\n<h2><span style=\"font-size: 14pt;\">Imballaggio e stoccaggio<\/span><\/h2>\n<p>I granuli di rame e titanio sono generalmente confezionati in doppi sacchetti o bottiglie sottovuoto. L&#8217;unit\u00e0 di imballaggio minima \u00e8 di 100 g\/sacchetto (bottiglia).<\/p>\n<p>I granuli di rame e titanio devono essere conservati in un ambiente asciutto, fresco e ben ventilato, protetto da umidit\u00e0 e ossidazione, lontano da sostanze corrosive e fonti di alta temperatura e preferibilmente in confezioni sigillate per evitare che la superficie dei pellet venga contaminata o che la composizione cambi.<\/p>\n","protected":false},"excerpt":{"rendered":"<p>Rame titanio, composto da granuli di titanio e rame, \u00e8 una sostanza granulare con propriet\u00e0 metalliche che svolge un ruolo cruciale in diverse aree della scienza dei materiali e dell&#8217;elettronica. Questi granuli trovano applicazione nella preparazione di leghe e nella produzione di dispositivi elettronici.<\/p>\n<p>VIMATERIAL offre granuli di rame e titanio ad alta purezza, puri, puliti, regolari, a basso contenuto di impurit\u00e0 e affidabili. Abbiamo molti anni di esperienza nel campo delle materie prime chimiche inorganiche, supportati da un team tecnico professionale, se hai domande e hai bisogno di consigli, <span style=\"color: #0000ff;\"><a style=\"color: #0000ff;\" href=\"https:\/\/vimaterial.de\/it\/contatto\/\">contattaci.<\/a><\/span><\/p>\n","protected":false},"featured_media":1003362,"comment_status":"open","ping_status":"closed","template":"","meta":{"_acf_changed":false},"product_brand":[],"product_cat":[198],"product_tag":[],"class_list":{"0":"post-1016483","1":"product","2":"type-product","3":"status-publish","4":"has-post-thumbnail","6":"product_cat-materiali-per-levaporazione","8":"first","9":"instock","10":"shipping-taxable","11":"product-type-variable"},"acf":[],"_links":{"self":[{"href":"https:\/\/vimaterial.de\/it\/wp-json\/wp\/v2\/product\/1016483","targetHints":{"allow":["GET"]}}],"collection":[{"href":"https:\/\/vimaterial.de\/it\/wp-json\/wp\/v2\/product"}],"about":[{"href":"https:\/\/vimaterial.de\/it\/wp-json\/wp\/v2\/types\/product"}],"replies":[{"embeddable":true,"href":"https:\/\/vimaterial.de\/it\/wp-json\/wp\/v2\/comments?post=1016483"}],"wp:featuredmedia":[{"embeddable":true,"href":"https:\/\/vimaterial.de\/it\/wp-json\/wp\/v2\/media\/1003362"}],"wp:attachment":[{"href":"https:\/\/vimaterial.de\/it\/wp-json\/wp\/v2\/media?parent=1016483"}],"wp:term":[{"taxonomy":"product_brand","embeddable":true,"href":"https:\/\/vimaterial.de\/it\/wp-json\/wp\/v2\/product_brand?post=1016483"},{"taxonomy":"product_cat","embeddable":true,"href":"https:\/\/vimaterial.de\/it\/wp-json\/wp\/v2\/product_cat?post=1016483"},{"taxonomy":"product_tag","embeddable":true,"href":"https:\/\/vimaterial.de\/it\/wp-json\/wp\/v2\/product_tag?post=1016483"}],"curies":[{"name":"wp","href":"https:\/\/api.w.org\/{rel}","templated":true}]}}