{"id":1016469,"date":"2024-06-17T15:02:13","date_gmt":"2024-06-17T07:02:13","guid":{"rendered":"https:\/\/vimaterial.de\/product\/rame-titanio\/"},"modified":"2025-03-28T13:42:06","modified_gmt":"2025-03-28T05:42:06","slug":"rame-titanio","status":"publish","type":"product","link":"https:\/\/vimaterial.de\/it\/product\/rame-titanio\/","title":{"rendered":"Rame Titanio"},"content":{"rendered":"<p>Il bersaglio sputtering in <span style=\"color: #3366ff;\"><a style=\"color: #3366ff;\" href=\"https:\/\/vimaterial.de\/it\/product\/titanato-di-rame-ossido-di-rame-e-titanio-2\/\">rame titanio<\/a><\/span> \u00e8 un materiale in lega composto da due elementi, rame e titanio, ampiamente utilizzato nel campo della deposizione fisica da vapore e della deposizione chimica da vapore al fine di preparare film sottili di bersaglio sputtering in lega di lega di rame e titanio.<\/p>\n<p>I target di sputtering in rame e titanio di VIMATERIAL offrono un&#8217;elevata purezza, dimensioni personalizzate e possono essere forniti con un servizio di legatura. Siamo specializzati in ricerca e sviluppo, quindi vi preghiamo di <span style=\"color: #3366ff;\"><a style=\"color: #3366ff;\" href=\"https:\/\/vimaterial.de\/it\/contatto\/\">contattarci<\/a><\/span> per le vostre esigenze.<\/p>\n<h2><span style=\"font-size: 14pt;\">Propriet\u00e0 fisiche<\/span><\/h2>\n<p>Formula molecolare: CuTi<\/p>\n<p>Peso molecolare: Con un rapporto atomico 1:1 tra rame e titanio, il peso molecolare \u00e8 di circa 111,413.<\/p>\n<p>Aspetto: Di solito un materiale target con lucentezza metallica, il colore \u00e8 correlato al contenuto di rame, di solito colore da rame chiaro a rame.<\/p>\n<h2><span style=\"font-size: 14pt;\">Applicazioni<\/span><\/h2>\n<p>Microelettronica e circuiti integrati: nella produzione di microelettronica e circuiti integrati, pu\u00f2 essere utilizzato per formare strutture a film sottile come strati di interconnessione metallica, migliorare la conduttivit\u00e0 e l&#8217;affidabilit\u00e0 dei circuiti e fornire connessioni elettriche efficienti tra i componenti all&#8217;interno del chip.<\/p>\n<p>Campo di visualizzazione planare: nel display a cristalli liquidi (LCD), nel display a diodi organici a emissione di luce (OLED) e in altre tecnologie di visualizzazione planare, viene utilizzato per preparare elettrodi conduttivi trasparenti, cablaggio di elettrodi e altri film sottili, che aiutano a realizzare l&#8217;alta risoluzione dello schermo e un buon effetto di visualizzazione.<\/p>\n<p>Nuovo campo energetico: nell&#8217;industria solare fotovoltaica, pu\u00f2 essere utilizzato per preparare film sottili come elettrodi o strati di contatto di celle solari, che possono migliorare l&#8217;efficienza e la stabilit\u00e0 della conversione fotoelettrica delle celle e promuovere l&#8217;utilizzo efficiente di nuova energia.<\/p>\n<p>Campo ottico: nella produzione di lenti ottiche, fibre ottiche e altri componenti ottici, i bersagli sputtering CuTi possono essere utilizzati per la preparazione di pellicole ottiche, come pellicole per il miglioramento della trasmittanza, pellicole riflettenti, ecc., Per migliorare le prestazioni ottiche dei componenti ottici e aumentare la trasmittanza o la riflettivit\u00e0 della luce.<\/p>\n<h2><span style=\"font-size: 14pt;\">Controllo qualit\u00e0<\/span><\/h2>\n<p><a href=\"https:\/\/vimaterial.de\/it\/controllo-qualita\/\"><span style=\"color: #3366ff;\">Ogni lotto<\/span> <\/a>di prodotti ha un rigoroso processo di ispezione e pu\u00f2 soddisfare la tracciabilit\u00e0 della qualit\u00e0 e il miglioramento continuo, per garantire che la qualit\u00e0 del materiale target sia stabile e affidabile, prestazioni costanti. Forniremo anche campioni per la nuova ispezione dei clienti.<\/p>\n<h2><span style=\"font-size: 14pt;\">Imballaggio e stoccaggio<\/span><\/h2>\n<p>I bersagli sputtering in rame e titanio vengono confezionati in doppi sacchetti sottovuoto e quindi inscatolati.<\/p>\n<p>I bersagli sputtering in rame titanio devono essere conservati in ambienti asciutti, puliti e ben ventilati con temperatura e umidit\u00e0 relativamente stabili, evitando il contatto con aria, acqua e sostanze corrosive e allo stesso tempo adottando misure contro la collisione e l&#8217;elettricit\u00e0 statica per garantire che le prestazioni e la qualit\u00e0 dei bersagli non siano influenzate.<\/p>\n","protected":false},"excerpt":{"rendered":"<p>Il bersaglio sputtering in <span style=\"color: #3366ff;\"><a style=\"color: #3366ff;\" href=\"https:\/\/vimaterial.de\/it\/product\/titanato-di-rame-ossido-di-rame-e-titanio-2\/\">rame titanio<\/a><\/span> \u00e8 un materiale in lega composto da due elementi, rame e titanio, ampiamente utilizzato nel campo della deposizione fisica da vapore e della deposizione chimica da vapore al fine di preparare film sottili di bersaglio sputtering in lega di lega di rame e titanio.<\/p>\n<p>I target di sputtering in rame e titanio di VIMATERIAL offrono un&#8217;elevata purezza, dimensioni personalizzate e possono essere forniti con un servizio di legatura. Siamo specializzati in ricerca e sviluppo, quindi vi preghiamo di <span style=\"color: #3366ff;\"><a style=\"color: #3366ff;\" href=\"https:\/\/vimaterial.de\/it\/contatto\/\">contattarci<\/a><\/span> per le vostre esigenze.<\/p>\n","protected":false},"featured_media":1003376,"comment_status":"open","ping_status":"closed","template":"","meta":{"_acf_changed":false},"product_brand":[],"product_cat":[197],"product_tag":[],"class_list":{"0":"post-1016469","1":"product","2":"type-product","3":"status-publish","4":"has-post-thumbnail","6":"product_cat-obiettivi-di-sputtering-planari","8":"first","9":"instock","10":"shipping-taxable","11":"purchasable","12":"product-type-variable"},"acf":[],"_links":{"self":[{"href":"https:\/\/vimaterial.de\/it\/wp-json\/wp\/v2\/product\/1016469","targetHints":{"allow":["GET"]}}],"collection":[{"href":"https:\/\/vimaterial.de\/it\/wp-json\/wp\/v2\/product"}],"about":[{"href":"https:\/\/vimaterial.de\/it\/wp-json\/wp\/v2\/types\/product"}],"replies":[{"embeddable":true,"href":"https:\/\/vimaterial.de\/it\/wp-json\/wp\/v2\/comments?post=1016469"}],"wp:featuredmedia":[{"embeddable":true,"href":"https:\/\/vimaterial.de\/it\/wp-json\/wp\/v2\/media\/1003376"}],"wp:attachment":[{"href":"https:\/\/vimaterial.de\/it\/wp-json\/wp\/v2\/media?parent=1016469"}],"wp:term":[{"taxonomy":"product_brand","embeddable":true,"href":"https:\/\/vimaterial.de\/it\/wp-json\/wp\/v2\/product_brand?post=1016469"},{"taxonomy":"product_cat","embeddable":true,"href":"https:\/\/vimaterial.de\/it\/wp-json\/wp\/v2\/product_cat?post=1016469"},{"taxonomy":"product_tag","embeddable":true,"href":"https:\/\/vimaterial.de\/it\/wp-json\/wp\/v2\/product_tag?post=1016469"}],"curies":[{"name":"wp","href":"https:\/\/api.w.org\/{rel}","templated":true}]}}