{"id":1016444,"date":"2024-06-17T15:02:14","date_gmt":"2024-06-17T07:02:14","guid":{"rendered":"https:\/\/vimaterial.de\/product\/titanato-di-rame-ossido-di-rame-e-titanio\/"},"modified":"2025-03-28T11:35:48","modified_gmt":"2025-03-28T03:35:48","slug":"titanato-di-rame-ossido-di-rame-e-titanio","status":"publish","type":"product","link":"https:\/\/vimaterial.de\/it\/product\/titanato-di-rame-ossido-di-rame-e-titanio\/","title":{"rendered":"Titanato di rame (ossido di titanio di rame)"},"content":{"rendered":"<p>La polvere di <a href=\"https:\/\/vimaterial.de\/it\/product\/titanato-di-rame-ossido-di-rame-e-titanio-2\/\"><span style=\"color: #0000ff;\">titanato di rame<\/span><\/a> \u00e8 una polvere cristallina di colore da verde chiaro a grigio scuro, formula molecolare CuTiO\u2083, peso molecolare 159,41, che pu\u00f2 essere applicata in ceramica, industria chimica e altri campi, come quella utilizzata nella produzione di condensatori ceramici con elevate costanti dielettriche e come materiali fotocatalitici.<\/p>\n<p>La purezza della polvere di titanato di rame prodotta da VIMATERIAL pu\u00f2 essere del 99,9%, produciamo polvere di buona qualit\u00e0 con elevata purezza. Questo prodotto ha una buona conduttivit\u00e0 elettrica e termica e pu\u00f2 trasmettere rapidamente corrente e calore. Abbiamo un team tecnico professionale, vi preghiamo di <span style=\"color: #0000ff;\"><a style=\"color: #0000ff;\" href=\"https:\/\/vimaterial.de\/it\/contatto\/\">contattarci<\/a><\/span> se necessario.<\/p>\n<h2><span style=\"font-size: 14pt;\">Propriet\u00e0 fisiche<\/span><\/h2>\n<p>Formula molecolare: CuTiO\u2083<\/p>\n<p>Peso molecolare: 159,41<\/p>\n<p>Aspetto: polvere cristallina da verde chiaro a grigio scuro<\/p>\n<h2><span style=\"font-size: 14pt;\">Composizione chimica<\/span><\/h2>\n<table style=\"border-collapse: collapse; width: 100%; height: 104px;\">\n<tbody>\n<tr style=\"height: 56px;\">\n<td style=\"width: 11.1111%; height: 56px;\" colspan=\"9\">\n<p style=\"text-align: center;\"><strong><span style=\"font-size: 14pt;\">Impurit\u00e0 del 99,9% di titanato di rame (wt%)<\/span><\/strong><\/p>\n<\/td>\n<\/tr>\n<tr style=\"height: 24px;\">\n<td style=\"width: 11.1111%; height: 24px; text-align: center;\"><strong>Fe<\/strong><\/td>\n<td style=\"width: 11.1111%; height: 24px; text-align: center;\"><strong>Ni<\/strong><\/td>\n<td style=\"width: 11.1111%; height: 24px; text-align: center;\"><strong>Cr<\/strong><\/td>\n<td style=\"width: 11.1111%; height: 24px; text-align: center;\"><strong>Mn<\/strong><\/td>\n<td style=\"width: 11.1111%; height: 24px; text-align: center;\"><strong>Al<\/strong><\/td>\n<td style=\"width: 11.1111%; height: 24px; text-align: center;\"><strong>Zn<\/strong><\/td>\n<td style=\"width: 11.1111%; height: 24px; text-align: center;\"><strong>Mg<\/strong><\/td>\n<td style=\"width: 11.1111%; height: 24px; text-align: center;\"><strong>Pb<\/strong><\/td>\n<td style=\"width: 11.1111%; height: 24px; text-align: center;\"><strong>Cd<\/strong><\/td>\n<\/tr>\n<tr style=\"height: 24px;\">\n<td style=\"width: 11.1111%; height: 24px; text-align: center;\">0.03<\/td>\n<td style=\"width: 11.1111%; height: 24px; text-align: center;\">0.02<\/td>\n<td style=\"width: 11.1111%; height: 24px; text-align: center;\">0.003<\/td>\n<td style=\"width: 11.1111%; height: 24px; text-align: center;\">0.003<\/td>\n<td style=\"width: 11.1111%; height: 24px; text-align: center;\">0.003<\/td>\n<td style=\"width: 11.1111%; height: 24px; text-align: center;\">0.003<\/td>\n<td style=\"width: 11.1111%; height: 24px; text-align: center;\">0.004<\/td>\n<td style=\"width: 11.1111%; height: 24px; text-align: center;\">0.0003<\/td>\n<td style=\"width: 11.1111%; height: 24px; text-align: center;\">0.0001<\/td>\n<\/tr>\n<\/tbody>\n<\/table>\n<h2><span style=\"font-size: 14pt;\">Applicazioni<\/span><\/h2>\n<p>Elettronica: le polveri di titanato di rame sono utilizzate nella produzione di componenti elettronici, come condensatori, resistori, ecc., per migliorare le prestazioni e l&#8217;efficienza delle apparecchiature elettroniche grazie alle sue eccellenti propriet\u00e0 elettriche.<\/p>\n<p>Energia: nell&#8217;industria delle batterie di nuova energia, la polvere pu\u00f2 essere utilizzata come materiale per elettrodi o additivi per migliorare le prestazioni e l&#8217;efficienza di carica\/scarica delle batterie.<\/p>\n<p>Aerospaziale: la sua leggerezza, l&#8217;elevata resistenza, la resistenza alle alte temperature e altre caratteristiche lo rendono adatto per la produzione di componenti aerospaziali, come ali di aerei, parti di motori, ecc., che possono garantire le prestazioni riducendo il peso.<\/p>\n<p>Campo automobilistico: pu\u00f2 essere utilizzato per produrre parti di motori di automobili, parti di sistemi frenanti e parti di strutture della carrozzeria, ecc., Per migliorare le prestazioni, la sicurezza e il risparmio di carburante delle automobili.<\/p>\n<p>Campo medico: grazie alla buona biocompatibilit\u00e0 e alle propriet\u00e0 antimicrobiche, pu\u00f2 essere utilizzato nella produzione di dispositivi medici, come strumenti chirurgici, impianti, ecc., per ridurre il rischio di infezione.<\/p>\n<p>Campo ceramico: come additivo per materiali ceramici, pu\u00f2 migliorare le propriet\u00e0 elettriche, meccaniche e termiche della ceramica e viene utilizzato nella produzione di prodotti ceramici ad alte prestazioni, come condensatori ceramici, ceramiche piezoelettriche.<\/p>\n<h2><span style=\"font-size: 14pt;\">Controllo qualit\u00e0<\/span><\/h2>\n<p><span style=\"color: #0000ff;\"><a style=\"color: #0000ff;\" href=\"https:\/\/vimaterial.de\/it\/controllo-qualita\/\">Ogni lotto<\/a><\/span> di prodotti sar\u00e0 testato per composizione, dimensione delle particelle e altre caratteristiche e verr\u00e0 emesso un rapporto di ispezione e campioni di ogni lotto di prodotti saranno forniti ai clienti per una nuova ispezione. Su richiesta \u00e8 disponibile anche l&#8217;ispezione di terze parti.<\/p>\n<h2><span style=\"font-size: 14pt;\">Imballaggio e stoccaggio<\/span><\/h2>\n<p>Utilizziamo sacchetti sottovuoto doppi o flaconi sottovuoto doppi con una capacit\u00e0 minima di 50g.<\/p>\n<p>La polvere di titanato di rame deve essere conservata in un ambiente asciutto, fresco e ben ventilato, sigillata e protetta dall&#8217;umidit\u00e0 e dal contatto con acidi forti, alcali e altre sostanze fortemente corrosive, nonch\u00e9 lontano da fonti di accensione e calore per prevenire il deterioramento e il pericolo.<\/p>\n","protected":false},"excerpt":{"rendered":"<p>La polvere di <a href=\"https:\/\/vimaterial.de\/it\/product\/titanato-di-rame-ossido-di-rame-e-titanio-2\/\"><span style=\"color: #0000ff;\">titanato di rame<\/span><\/a> \u00e8 una polvere cristallina di colore da verde chiaro a grigio scuro, formula molecolare CuTiO\u2083, peso molecolare 159,41, che pu\u00f2 essere applicata in ceramica, industria chimica e altri campi, come quella utilizzata nella produzione di condensatori ceramici con elevate costanti dielettriche e come materiali fotocatalitici.<\/p>\n<p>La purezza della polvere di titanato di rame prodotta da VIMATERIAL pu\u00f2 essere del 99,9%, produciamo polvere di buona qualit\u00e0 con elevata purezza. Questo prodotto ha una buona conduttivit\u00e0 elettrica e termica e pu\u00f2 trasmettere rapidamente corrente e calore. Abbiamo un team tecnico professionale, vi preghiamo di <span style=\"color: #0000ff;\"><a style=\"color: #0000ff;\" href=\"https:\/\/vimaterial.de\/it\/contatto\/\">contattarci<\/a><\/span> se necessario.<\/p>\n","protected":false},"featured_media":1003384,"comment_status":"open","ping_status":"closed","template":"","meta":{"_acf_changed":false},"product_brand":[],"product_cat":[206],"product_tag":[],"class_list":{"0":"post-1016444","1":"product","2":"type-product","3":"status-publish","4":"has-post-thumbnail","6":"product_cat-altri-materiali","8":"first","9":"instock","10":"shipping-taxable","11":"product-type-variable"},"acf":[],"_links":{"self":[{"href":"https:\/\/vimaterial.de\/it\/wp-json\/wp\/v2\/product\/1016444","targetHints":{"allow":["GET"]}}],"collection":[{"href":"https:\/\/vimaterial.de\/it\/wp-json\/wp\/v2\/product"}],"about":[{"href":"https:\/\/vimaterial.de\/it\/wp-json\/wp\/v2\/types\/product"}],"replies":[{"embeddable":true,"href":"https:\/\/vimaterial.de\/it\/wp-json\/wp\/v2\/comments?post=1016444"}],"wp:featuredmedia":[{"embeddable":true,"href":"https:\/\/vimaterial.de\/it\/wp-json\/wp\/v2\/media\/1003384"}],"wp:attachment":[{"href":"https:\/\/vimaterial.de\/it\/wp-json\/wp\/v2\/media?parent=1016444"}],"wp:term":[{"taxonomy":"product_brand","embeddable":true,"href":"https:\/\/vimaterial.de\/it\/wp-json\/wp\/v2\/product_brand?post=1016444"},{"taxonomy":"product_cat","embeddable":true,"href":"https:\/\/vimaterial.de\/it\/wp-json\/wp\/v2\/product_cat?post=1016444"},{"taxonomy":"product_tag","embeddable":true,"href":"https:\/\/vimaterial.de\/it\/wp-json\/wp\/v2\/product_tag?post=1016444"}],"curies":[{"name":"wp","href":"https:\/\/api.w.org\/{rel}","templated":true}]}}