{"id":1016433,"date":"2024-06-17T15:03:05","date_gmt":"2024-06-17T07:03:05","guid":{"rendered":"https:\/\/vimaterial.de\/product\/lega-di-rame-e-zirconio-2\/"},"modified":"2025-03-27T17:27:32","modified_gmt":"2025-03-27T09:27:32","slug":"lega-di-rame-e-zirconio-2","status":"publish","type":"product","link":"https:\/\/vimaterial.de\/it\/product\/lega-di-rame-e-zirconio-2\/","title":{"rendered":"Lega di rame e zirconio"},"content":{"rendered":"<p><span style=\"font-family: arial, helvetica, sans-serif; font-size: 12pt;\">Lega di rame e zirconio: un tipo speciale di bronzo in cui lo zirconio \u00e8 l&#8217;elemento di lega principale. A volte viene aggiunta una piccola quantit\u00e0 di zirconio per aumentare la resistenza. I marchi comuni sono QZr0.2 e QZr0.4. Buona resistenza termica e resistenza allo scorrimento, buona plasticit\u00e0 e conduttivit\u00e0 alle alte temperature.<\/span><\/p>\n<p><span style=\"font-family: arial, helvetica, sans-serif; font-size: 12pt;\">VIMATERIAL \u00e8 in grado di fornire pellet in lega di rame e zirconio in vari pacchetti e specifiche, la nostra azienda produce pellet in lega di rame e zirconio con elevata purezza e qualit\u00e0 eccellente, i nostri clienti hanno un&#8217;ottima risposta alla qualit\u00e0 del prodotto. La lega di rame e zirconio ha una forte ossidazione e gli additivi possono migliorare le propriet\u00e0 del materiale. La lega di rame e zirconio ha forti propriet\u00e0 ossidanti e pu\u00f2 essere utilizzata come additivo per migliorare le propriet\u00e0 del materiale, che ha un ruolo indispensabile nella produzione industriale pratica. <\/span><\/p>\n<p><span style=\"font-family: arial, helvetica, sans-serif; font-size: 12pt; color: #0000ff;\"><a style=\"color: #0000ff;\" href=\"https:\/\/vimaterial.de\/it\/contatto\/\">Contattaci.<\/a><\/span><\/p>\n<h2><span style=\"font-family: arial, helvetica, sans-serif; font-size: 14pt;\">Propriet\u00e0 fisiche:<\/span><\/h2>\n<p><span style=\"font-family: arial, helvetica, sans-serif; font-size: 12pt;\">Lega di rame e zirconio: un tipo speciale di bronzo in cui lo zirconio \u00e8 l&#8217;elemento di lega principale. \u00e8 una lega, non esiste una formula molecolare fissa, i suoi componenti principali sono il rame (Cu) e lo zirconio (Zr). <\/span><\/p>\n<p><span style=\"font-family: arial, helvetica, sans-serif; font-size: 12pt;\">Aspetto: solitamente bianco grigiastro lucentezza metallica.<\/span><\/p>\n<p><span style=\"font-family: arial, helvetica, sans-serif; font-size: 12pt;\">Densit\u00e0: varia in base alla proporzione dei componenti, generalmente intorno ai 7,5 &#8211; 8,5 g\/cm\u00b3. Ad esempio, la densit\u00e0 della lega Cu-10Zr \u00e8 di circa 7,82 g\/cm\u00b3. <\/span><\/p>\n<p><span style=\"font-family: arial, helvetica, sans-serif; font-size: 12pt;\">Punto di fusione: il punto di fusione del rame \u00e8 di circa 1083 \u00b0C, il punto di fusione dello zirconio \u00e8 di circa 1852 \u00b0C, il punto di fusione della lega rame-zirconio \u00e8 compreso tra i due e aumenta con l&#8217;aumento del contenuto di zirconio, come il punto di fusione della lega Cu-10Zr \u00e8 di circa 1050 \u00b0C.<\/span><\/p>\n<p><span style=\"font-family: arial, helvetica, sans-serif; font-size: 12pt;\">Punto di ebollizione: il punto di ebollizione del rame \u00e8 di circa 2567\u00b0C, il punto di ebollizione dello zirconio \u00e8 di circa 4377\u00b0C e anche il punto di ebollizione della lega rame-zirconio \u00e8 compreso in questo intervallo, che varia a seconda della composizione.<\/span><\/p>\n<p><span style=\"font-family: arial, helvetica, sans-serif; font-size: 12pt;\">Struttura cristallina: il rame ha una struttura cubica a facce centrate e lo zirconio ha una struttura esagonale densa a temperatura ambiente. La struttura cristallina delle leghe rame-zirconio \u00e8 complessa e varia in base a fattori quali la composizione e la lavorazione. In generale, quando il contenuto di zirconio \u00e8 basso, gli atomi di zirconio possono essere disciolti solidamente nel reticolo di rame, la formazione di una soluzione solida a base di rame, in questo momento la lega mantiene ancora la struttura cubica a facce centrate; quando il contenuto di zirconio \u00e8 pi\u00f9 elevato, una variet\u00e0 di composti intermetallici pu\u00f2 formare fasi, come CuZr, CuZr\u2082 e cos\u00ec via, questi composti intermetallici hanno la loro struttura cristallina unica, CuZr per la struttura cubica centrata sul corpo, CuZr\u2082 per la struttura quadrilatera. CuZr\u2082 \u00e8 tetragonale, ecc. <\/span><\/p>\n<p><span style=\"font-family: arial, helvetica, sans-serif; font-size: 12pt;\">Peso molecolare: l&#8217;esatto peso molecolare non pu\u00f2 essere determinato a causa dell&#8217;incertezza della composizione, se il contenuto specifico di rame e zirconio \u00e8 noto, pu\u00f2 essere calcolato in base ai pesi atomici dei due, il peso atomico del rame \u00e8 di circa 63,55 e il peso atomico dello zirconio \u00e8 di circa 91,22. Ad esempio, il peso molecolare di una lega Cu-10Zr pu\u00f2 essere approssimato a 63,55\u00d70,9+91,22\u00d70,1=66,32. <\/span><\/p>\n<h2><span style=\"font-family: arial, helvetica, sans-serif; font-size: 14pt;\">Applicazioni:<\/span><\/h2>\n<p><span style=\"font-family: arial, helvetica, sans-serif; font-size: 12pt;\">Cavi e fili: a causa dell&#8217;elevata conducibilit\u00e0 delle leghe rame-zirconio, sono ampiamente utilizzati nella produzione di cavi e fili ad alte prestazioni, soprattutto in applicazioni che richiedono elevata conduttivit\u00e0 e durata.<\/span><\/p>\n<p><span style=\"font-family: arial, helvetica, sans-serif; font-size: 12pt;\">Connettori elettrici: utilizzati nella produzione di una variet\u00e0 di connettori elettrici, come spine, prese, terminali e cos\u00ec via.<\/span><\/p>\n<p><span style=\"font-family: arial, helvetica, sans-serif; font-size: 12pt;\">Interruttori: negli interruttori elettrici, le leghe di rame-zirconio possono essere utilizzate per produrre contatti e altri componenti chiave.<\/span><\/p>\n<p><span style=\"font-family: arial, helvetica, sans-serif; font-size: 12pt;\">Componenti elettronici: come telai di piombo e contatti ad alta tensione nel processo di produzione dei semiconduttori, l&#8217;elevata conduttivit\u00e0 e la resistenza moderata della lega di rame-zirconio possono soddisfare i requisiti di questi componenti in apparecchiature elettroniche di alta precisione e alta affidabilit\u00e0, per garantire la trasmissione accurata dei segnali elettronici e il normale funzionamento dell&#8217;apparecchiatura.<\/span><\/p>\n<h2><span style=\"font-family: arial, helvetica, sans-serif; font-size: 14pt;\">Imballaggio e conservazione:<\/span><\/h2>\n<p><span style=\"font-family: arial, helvetica, sans-serif; font-size: 12pt;\">L&#8217;imballaggio pu\u00f2 essere personalizzato. Selezioneremo il materiale di imballaggio appropriato in base alla natura del materiale granulare. <\/span><\/p>\n<p><span style=\"font-family: arial, helvetica, sans-serif;\">I granuli di lega di rame e zirconio sono confezionati in cartoni dopo il doppio imbottigliamento sottovuoto.<\/span><\/p>\n<p><span style=\"font-family: arial, helvetica, sans-serif;\">I granuli di lega di rame e zirconio devono essere conservati in un luogo asciutto, fresco e ventilato, sigillato per prevenire l&#8217;umidit\u00e0, l&#8217;ossidazione e il contatto con altre sostanze corrosive. <\/span><\/p>\n<h2><span style=\"font-family: arial, helvetica, sans-serif; font-size: 14pt;\">Controllo di qualit\u00e0:<\/span><\/h2>\n<p><span style=\"font-family: arial, helvetica, sans-serif; font-size: 12pt;\">Ogni lotto di merci \u00e8 accompagnato da COA e rapporto di analisi, le merci sono tutte qualificate, non esitate a ordinare.<\/span><\/p>\n","protected":false},"excerpt":{"rendered":"<p><span style=\"font-family: arial, helvetica, sans-serif; font-size: 12pt;\">Lega di rame e zirconio: un tipo speciale di bronzo in cui lo zirconio \u00e8 l&#8217;elemento di lega principale. A volte viene aggiunta una piccola quantit\u00e0 di zirconio per aumentare la resistenza. I marchi comuni sono QZr0.2 e QZr0.4. Buona resistenza termica e resistenza allo scorrimento, buona plasticit\u00e0 e conduttivit\u00e0 alle alte temperature.<\/span><\/p>\n<p><span style=\"font-family: arial, helvetica, sans-serif; font-size: 12pt;\">VIMATERIAL \u00e8 in grado di fornire pellet in lega di rame e zirconio in vari pacchetti e specifiche, la nostra azienda produce pellet in lega di rame e zirconio con elevata purezza e qualit\u00e0 eccellente, i nostri clienti hanno un&#8217;ottima risposta alla qualit\u00e0 del prodotto. La lega di rame e zirconio ha una forte ossidazione e gli additivi possono migliorare le propriet\u00e0 del materiale. La lega di rame e zirconio ha forti propriet\u00e0 ossidanti e pu\u00f2 essere utilizzata come additivo per migliorare le propriet\u00e0 del materiale, che ha un ruolo indispensabile nella produzione industriale pratica. <\/span><\/p>\n","protected":false},"featured_media":1003405,"comment_status":"open","ping_status":"closed","template":"","meta":{"_acf_changed":false},"product_brand":[],"product_cat":[198],"product_tag":[],"class_list":{"0":"post-1016433","1":"product","2":"type-product","3":"status-publish","4":"has-post-thumbnail","6":"product_cat-materiali-per-levaporazione","8":"first","9":"instock","10":"shipping-taxable","11":"product-type-variable"},"acf":[],"_links":{"self":[{"href":"https:\/\/vimaterial.de\/it\/wp-json\/wp\/v2\/product\/1016433","targetHints":{"allow":["GET"]}}],"collection":[{"href":"https:\/\/vimaterial.de\/it\/wp-json\/wp\/v2\/product"}],"about":[{"href":"https:\/\/vimaterial.de\/it\/wp-json\/wp\/v2\/types\/product"}],"replies":[{"embeddable":true,"href":"https:\/\/vimaterial.de\/it\/wp-json\/wp\/v2\/comments?post=1016433"}],"wp:featuredmedia":[{"embeddable":true,"href":"https:\/\/vimaterial.de\/it\/wp-json\/wp\/v2\/media\/1003405"}],"wp:attachment":[{"href":"https:\/\/vimaterial.de\/it\/wp-json\/wp\/v2\/media?parent=1016433"}],"wp:term":[{"taxonomy":"product_brand","embeddable":true,"href":"https:\/\/vimaterial.de\/it\/wp-json\/wp\/v2\/product_brand?post=1016433"},{"taxonomy":"product_cat","embeddable":true,"href":"https:\/\/vimaterial.de\/it\/wp-json\/wp\/v2\/product_cat?post=1016433"},{"taxonomy":"product_tag","embeddable":true,"href":"https:\/\/vimaterial.de\/it\/wp-json\/wp\/v2\/product_tag?post=1016433"}],"curies":[{"name":"wp","href":"https:\/\/api.w.org\/{rel}","templated":true}]}}