{"id":1016430,"date":"2024-06-17T15:03:04","date_gmt":"2024-06-17T07:03:04","guid":{"rendered":"https:\/\/vimaterial.de\/product\/rame-zinco-ottone\/"},"modified":"2025-03-27T17:42:22","modified_gmt":"2025-03-27T09:42:22","slug":"rame-zinco-ottone","status":"publish","type":"product","link":"https:\/\/vimaterial.de\/it\/product\/rame-zinco-ottone\/","title":{"rendered":"Rame Zinco (ottone)"},"content":{"rendered":"<div class=\"message-box-content-wrapper-g6XZZQ\">\n<div class=\"message-content message-box-content-WoA7L1 receive-message-box-content-tsCcMM samantha-message-box-content-kHd1mL\" data-testid=\"message_content\">\n<div class=\"container-p6WrVu flow-markdown-body theme-samantha-_RgbJJ\" dir=\"ltr\" data-testid=\"message_text_content\" data-show-indicator=\"false\">\n<div class=\"auto-hide-last-sibling-br paragraph-z1iNZD paragraph-element br-paragraph-space\">Rame Zinco I bersagli di lega di rame e zinco sono in genere composti da due metalli, ossia rame e zinco, e quelli in ottone tradizionali appartengono a questa categoria. I bersagli in ottone speciali, invece, hanno l&#8217;aggiunta di altri elementi di lega oltre a rame e zinco.<\/div>\n<\/div>\n<\/div>\n<\/div>\n<p><span style=\"font-family: arial, helvetica, sans-serif; font-size: 12pt;\">VIMATERIAL \u00e8 in grado di fornire una variet\u00e0 di imballaggi e specifiche dell&#8217;obiettivo di rame e zinco, la nostra azienda lo produce con elevata purezza, eccellenti caratteristiche di qualit\u00e0, i nostri clienti rispondono alla qualit\u00e0 del prodotto sono molto buoni. Ha una buona conducibilit\u00e0 elettrica e termica, nella produzione industriale attuale ha un ruolo indispensabile.<\/span><\/p>\n<p><span style=\"color: #0000ff; font-family: arial, helvetica, sans-serif; font-size: 12pt;\"><a style=\"color: #0000ff;\" href=\"https:\/\/vimaterial.de\/it\/contatto\/\">Contattaci.<\/a><\/span><\/p>\n<h2><span style=\"font-family: arial, helvetica, sans-serif; font-size: 12pt;\">Applicazioni:<\/span><\/h2>\n<p><span style=\"font-family: arial, helvetica, sans-serif; font-size: 12pt;\">Campo di informazioni elettroniche: pu\u00f2 essere utilizzato per lo sputtering con magnetron per preparare film sottili conduttivi e materiali per elettrodi.<\/span><\/p>\n<p><span style=\"font-family: arial, helvetica, sans-serif; font-size: 12pt;\">Campo ottico: il film sottile preparato dal bersaglio in ottone ha la prestazione di regolare in una certa misura la riflessione e l&#8217;assorbimento della luce, che pu\u00f2 essere utilizzato per la preparazione di pellicole ottiche, filtri e altri componenti ottici, applicati a strumenti ottici, comunicazioni ottiche e altri campi.<\/span><\/p>\n<p><span style=\"font-family: arial, helvetica, sans-serif; font-size: 12pt;\">Campo energetico: come nelle celle solari, le leghe in alcuni elementi o i loro composti possono essere utilizzati come catalizzatori o materiali per elettrodi, coinvolti nel processo di conversione fotoelettrica delle celle solari, aiutano a migliorare le prestazioni e l&#8217;efficienza della batteria.<\/span><\/p>\n<h2><span style=\"font-family: arial, helvetica, sans-serif; font-size: 12pt;\">Imballaggio e conservazione:<\/span><\/h2>\n<p><span style=\"font-family: arial, helvetica, sans-serif;\">Il bersaglio di sputtering di rame e zinco viene inscatolato dopo il doppio sacco a vuoto e imballato in cartone esterno per garantire la sicurezza del trasporto.<\/span><\/p>\n<p><span style=\"font-family: arial, helvetica, sans-serif;\">I bersagli di rame e zinco devono essere conservati in un ambiente asciutto, pulito, a temperatura adeguata e con gas non corrosivi e in un imballaggio sigillato per prevenire l&#8217;ossidazione, l&#8217;inquinamento e l&#8217;umidit\u00e0.<\/span><\/p>\n<h2><span style=\"font-family: arial, helvetica, sans-serif; font-size: 12pt;\">Controllo di qualit\u00e0:<\/span><\/h2>\n<p><span style=\"font-family: arial, helvetica, sans-serif; font-size: 12pt;\">Ogni lotto di merci ha un COA di accompagnamento e un rapporto di analisi, le merci sono tutte qualificate, ti assicuriamo che l&#8217;ordine.<\/span><\/p>\n","protected":false},"excerpt":{"rendered":"<div class=\"message-box-content-wrapper-g6XZZQ\">\n<div class=\"message-content message-box-content-WoA7L1 receive-message-box-content-tsCcMM samantha-message-box-content-kHd1mL\" data-testid=\"message_content\">\n<div class=\"container-p6WrVu flow-markdown-body theme-samantha-_RgbJJ\" dir=\"ltr\" data-testid=\"message_text_content\" data-show-indicator=\"false\">\n<div class=\"auto-hide-last-sibling-br paragraph-z1iNZD paragraph-element br-paragraph-space\">Rame Zinco I bersagli di lega di rame e zinco sono in genere composti da due metalli, ossia rame e zinco, e quelli in ottone tradizionali appartengono a questa categoria. I bersagli in ottone speciali, invece, hanno l&#8217;aggiunta di altri elementi di lega oltre a rame e zinco.<\/div>\n<\/div>\n<\/div>\n<\/div>\n<p><span style=\"font-family: arial, helvetica, sans-serif; font-size: 12pt;\">VIMATERIAL \u00e8 in grado di fornire una variet\u00e0 di imballaggi e specifiche dell&#8217;obiettivo di rame e zinco, la nostra azienda lo produce con elevata purezza, eccellenti caratteristiche di qualit\u00e0, i nostri clienti rispondono alla qualit\u00e0 del prodotto sono molto buoni. Ha una buona conducibilit\u00e0 elettrica e termica, nella produzione industriale attuale ha un ruolo indispensabile.<\/span><\/p>\n","protected":false},"featured_media":1003397,"comment_status":"open","ping_status":"closed","template":"","meta":{"_acf_changed":false},"product_brand":[],"product_cat":[197],"product_tag":[],"class_list":{"0":"post-1016430","1":"product","2":"type-product","3":"status-publish","4":"has-post-thumbnail","6":"product_cat-obiettivi-di-sputtering-planari","8":"first","9":"instock","10":"shipping-taxable","11":"product-type-variable"},"acf":[],"_links":{"self":[{"href":"https:\/\/vimaterial.de\/it\/wp-json\/wp\/v2\/product\/1016430","targetHints":{"allow":["GET"]}}],"collection":[{"href":"https:\/\/vimaterial.de\/it\/wp-json\/wp\/v2\/product"}],"about":[{"href":"https:\/\/vimaterial.de\/it\/wp-json\/wp\/v2\/types\/product"}],"replies":[{"embeddable":true,"href":"https:\/\/vimaterial.de\/it\/wp-json\/wp\/v2\/comments?post=1016430"}],"wp:featuredmedia":[{"embeddable":true,"href":"https:\/\/vimaterial.de\/it\/wp-json\/wp\/v2\/media\/1003397"}],"wp:attachment":[{"href":"https:\/\/vimaterial.de\/it\/wp-json\/wp\/v2\/media?parent=1016430"}],"wp:term":[{"taxonomy":"product_brand","embeddable":true,"href":"https:\/\/vimaterial.de\/it\/wp-json\/wp\/v2\/product_brand?post=1016430"},{"taxonomy":"product_cat","embeddable":true,"href":"https:\/\/vimaterial.de\/it\/wp-json\/wp\/v2\/product_cat?post=1016430"},{"taxonomy":"product_tag","embeddable":true,"href":"https:\/\/vimaterial.de\/it\/wp-json\/wp\/v2\/product_tag?post=1016430"}],"curies":[{"name":"wp","href":"https:\/\/api.w.org\/{rel}","templated":true}]}}