{"id":1016359,"date":"2024-06-17T15:03:08","date_gmt":"2024-06-17T07:03:08","guid":{"rendered":"https:\/\/vimaterial.de\/product\/zinco-metallico-4\/"},"modified":"2025-03-27T17:01:49","modified_gmt":"2025-03-27T09:01:49","slug":"zinco-metallico-4","status":"publish","type":"product","link":"https:\/\/vimaterial.de\/it\/product\/zinco-metallico-4\/","title":{"rendered":"Zinco metallico"},"content":{"rendered":"<p><span style=\"font-family: arial, helvetica, sans-serif; font-size: 12pt;\">L&#8217;asta di zinco metallico \u00e8 un metallo di transizione bianco bluastro, brillante, antimagnetico. \u00c8 leggermente meno denso del ferro e ha una struttura cristallina esagonale.<\/span><\/p>\n<p><span style=\"font-family: arial, helvetica, sans-serif; font-size: 12pt;\">VIMATERIAL \u00e8 in grado di fornire barre di zinco metallico in vari pacchetti e specifiche. Le barre metalliche di zinco prodotte dalla nostra azienda sono caratterizzate da un&#8217;elevata purezza e da un&#8217;eccellente qualit\u00e0, e i nostri clienti hanno risposto molto favorevolmente alla qualit\u00e0 di questo prodotto. Lo zinco \u00e8 chimicamente pi\u00f9 attivo e ha un ruolo indispensabile nella produzione industriale pratica. <\/span><\/p>\n<p><span style=\"color: #0000ff; font-family: arial, helvetica, sans-serif; font-size: 12pt;\"><a style=\"color: #0000ff;\" href=\"https:\/\/vimaterial.de\/it\/contatto\/\">Contattaci.<\/a><\/span><\/p>\n<h2><span style=\"font-family: arial, helvetica, sans-serif; font-size: 14pt;\">Propriet\u00e0 fisiche:<\/span><\/h2>\n<p><span style=\"font-family: arial, helvetica, sans-serif; font-size: 12pt;\">Formula molecolare: Zn.<\/span><\/p>\n<p><span style=\"font-family: arial, helvetica, sans-serif; font-size: 12pt;\">Peso molecolare: 65,39.<\/span><\/p>\n<p><span style=\"font-family: arial, helvetica, sans-serif; font-size: 12pt;\">Aspetto: grigio argento<\/span><\/p>\n<p><span style=\"font-family: arial, helvetica, sans-serif; font-size: 12pt;\">Punto di fusione:692,68 K (419,53 \u00b0C, 787,15 \u00b0F)<\/span><\/p>\n<p><span style=\"font-family: arial, helvetica, sans-serif; font-size: 12pt;\">Punto di ebollizione:1180 K (907 \u00b0C, 1665 \u00b0F)<\/span><\/p>\n<p><span style=\"font-family: arial, helvetica, sans-serif; font-size: 12pt;\">Densit\u00e0 (vicino a r.t.):7,14 g\/cm3 <\/span><\/p>\n<p><span style=\"font-family: arial, helvetica, sans-serif; font-size: 12pt;\">Struttura cristallina: Sistema cristallino esagonale compatto.<\/span><\/p>\n<h2><span style=\"font-family: arial, helvetica, sans-serif; font-size: 14pt;\">Applicazione:<\/span><\/h2>\n<p><span style=\"font-family: arial, helvetica, sans-serif; font-size: 12pt;\">\u00c8 un metallo insostituibile e piuttosto importante nella produzione di batterie. Diversi tipi di leghe di zinco a bassa temperatura possono essere formati aggiungendo altri elementi.<\/span><\/p>\n<p><span style=\"font-family: arial, helvetica, sans-serif; font-size: 12pt;\">Molte leghe lo contengono. L&#8217;ottone, ad esempio, \u00e8 una lega di zinco e rame. Altri metalli che possono formare leghe binarie con lo zinco includono alluminio, antimonio, argento, stagno, magnesio, cobalto, nichel, tellurio, cadmio, piombo, titanio e sodio.<\/span><\/p>\n<h2><span style=\"font-family: arial, helvetica, sans-serif; font-size: 14pt;\">Imballaggio e conservazione:<\/span><\/h2>\n<p>I rob di zinco sono confezionati sottovuoto e poi confezionati in casse di legno per garantire un trasporto sicuro.<\/p>\n<p>Le barre di zinco devono essere conservate in un ambiente asciutto, fresco e ventilato, sigillate contro l&#8217;umidit\u00e0 e lontane da sostanze corrosive per prevenire l&#8217;ossidazione e la contaminazione.<\/p>\n<h2><span style=\"font-family: arial, helvetica, sans-serif; font-size: 14pt;\">Controllo di qualit\u00e0:<\/span><\/h2>\n<p><span style=\"font-family: arial, helvetica, sans-serif; font-size: 12pt;\">Ogni lotto di merci ha un COA di accompagnamento e un rapporto di analisi, le merci sono tutte qualificate, ti assicuriamo che l&#8217;ordine.<\/span><\/p>\n","protected":false},"excerpt":{"rendered":"<p><span style=\"font-family: arial, helvetica, sans-serif; font-size: 12pt;\">Lo zinco metallico \u00e8 un metallo di transizione bianco bluastro, brillante e antimagnetico. \u00c8 leggermente meno denso del ferro e ha una struttura cristallina esagonale.<\/span><\/p>\n<p><span style=\"font-family: arial, helvetica, sans-serif; font-size: 12pt;\">VIMATERIAL \u00e8 in grado di fornire barre di zinco metallico in vari pacchetti e specifiche. Le barre metalliche di zinco prodotte dalla nostra azienda sono caratterizzate da un&#8217;elevata purezza e da un&#8217;eccellente qualit\u00e0, e i nostri clienti hanno risposto molto favorevolmente alla qualit\u00e0 di questo prodotto. Lo zinco \u00e8 chimicamente pi\u00f9 attivo e ha un ruolo indispensabile nella produzione industriale pratica. <\/span><\/p>\n","protected":false},"featured_media":1003444,"comment_status":"open","ping_status":"closed","template":"","meta":{"_acf_changed":false},"product_brand":[],"product_cat":[207],"product_tag":[],"class_list":{"0":"post-1016359","1":"product","2":"type-product","3":"status-publish","4":"has-post-thumbnail","6":"product_cat-profilo","8":"first","9":"instock","10":"shipping-taxable","11":"purchasable","12":"product-type-variable"},"acf":[],"_links":{"self":[{"href":"https:\/\/vimaterial.de\/it\/wp-json\/wp\/v2\/product\/1016359","targetHints":{"allow":["GET"]}}],"collection":[{"href":"https:\/\/vimaterial.de\/it\/wp-json\/wp\/v2\/product"}],"about":[{"href":"https:\/\/vimaterial.de\/it\/wp-json\/wp\/v2\/types\/product"}],"replies":[{"embeddable":true,"href":"https:\/\/vimaterial.de\/it\/wp-json\/wp\/v2\/comments?post=1016359"}],"wp:featuredmedia":[{"embeddable":true,"href":"https:\/\/vimaterial.de\/it\/wp-json\/wp\/v2\/media\/1003444"}],"wp:attachment":[{"href":"https:\/\/vimaterial.de\/it\/wp-json\/wp\/v2\/media?parent=1016359"}],"wp:term":[{"taxonomy":"product_brand","embeddable":true,"href":"https:\/\/vimaterial.de\/it\/wp-json\/wp\/v2\/product_brand?post=1016359"},{"taxonomy":"product_cat","embeddable":true,"href":"https:\/\/vimaterial.de\/it\/wp-json\/wp\/v2\/product_cat?post=1016359"},{"taxonomy":"product_tag","embeddable":true,"href":"https:\/\/vimaterial.de\/it\/wp-json\/wp\/v2\/product_tag?post=1016359"}],"curies":[{"name":"wp","href":"https:\/\/api.w.org\/{rel}","templated":true}]}}