{"id":1016239,"date":"2024-06-17T14:49:24","date_gmt":"2024-06-17T06:49:24","guid":{"rendered":"https:\/\/vimaterial.de\/product\/boruro-di-nichel-4\/"},"modified":"2025-04-15T18:09:39","modified_gmt":"2025-04-15T10:09:39","slug":"boruro-di-nichel-4","status":"publish","type":"product","link":"https:\/\/vimaterial.de\/it\/product\/boruro-di-nichel-4\/","title":{"rendered":"Boruro di nichel"},"content":{"rendered":"<p><span style=\"color: #0000ff;\"><a style=\"color: #0000ff;\" href=\"https:\/\/vimaterial.de\/en\/product\/nickel-boride-2\/\">Il boruro di nichel<\/a><span style=\"color: #000000;\"> \u00e8<\/span><\/span><span style=\"color: #000000;\"> una polvere composta costituita da nichel e boro, <span style=\"color: #000000;\">generalmente<\/span> di aspetto nero o grigio, con elevata durezza, buona stabilit\u00e0 chimica e attivit\u00e0 catalitica, ha importanti applicazioni nelle reazioni catalitiche, nei materiali resistenti all&#8217;usura e nei materiali elettronici.<\/span><\/p>\n<p>VIAMTERIAL fornisce polvere di boruro di nichel. Le nostre polveri sono caratterizzate da elevata purezza, granulometria uniforme, buona fluidit\u00e0, buona compattazione e stabilit\u00e0 chimica e supportiamo l&#8217;imballaggio e l&#8217;ordinazione di piccoli lotti. Abbiamo un team di ricerca e sviluppo tecnico professionale, accettiamo la personalizzazione e la sperimentazione del prodotto, non esitate <span style=\"color: #0000ff;\"><a style=\"color: #0000ff;\" href=\"https:\/\/vimaterial.de\/en\/contact-us\/\">a contattarci.<\/a><\/span>  <\/p>\n<h2><span style=\"font-size: 14pt;\">Propriet\u00e0 fisiche<\/span><\/h2>\n<p>Formula molecolare: Ni2B<\/p>\n<p>Peso molecolare: circa 128,19<\/p>\n<p>Aspetto: Si presenta come polvere nera o grigia<\/p>\n<p>Struttura cristallina: La struttura cristallina comune pu\u00f2 essere un sistema cristallino tetragonale, in cui gli atomi di nichel e boro sono distribuiti secondo una specifica disposizione spaziale e questa struttura ha un&#8217;influenza importante sulle sue propriet\u00e0 fisiche e chimiche.<\/p>\n<h2><span style=\"font-size: 14pt;\">Applicazioni<\/span><\/h2>\n<p>Catalisi: le polveri di boruro di nichel sono utilizzate come catalizzatori nelle reazioni di sintesi organica, dove possono catalizzare l&#8217;idrogenazione di legami insaturi con alta efficienza, migliorando la velocit\u00e0 di reazione e la selettivit\u00e0 e assistendo nella produzione di prodotti chimici fini.<\/p>\n<p>Elettronica: Nella produzione di componenti elettronici, viene utilizzato nella preparazione di elettrodi e paste conduttive per garantire eccellenti prestazioni dei dispositivi elettronici in virt\u00f9 della sua stabilit\u00e0 e conduttivit\u00e0.<\/p>\n<p>Materiali resistenti all&#8217;usura: se aggiunte a rivestimenti o leghe, le polveri di Nichel Boruro migliorano la resistenza all&#8217;usura dei materiali con la loro elevata durezza, prolungando la durata delle parti meccaniche e riducendo gli sprechi industriali.<\/p>\n<h2><span style=\"font-size: 14pt;\">Controllo qualit\u00e0<\/span><\/h2>\n<p><span style=\"color: #0000ff;\"><a style=\"color: #0000ff;\" href=\"https:\/\/vimaterial.de\/en\/quality-control\/\">Il controllo di qualit\u00e0<\/a><\/span> di ogni lotto di prodotti viene effettuato durante l&#8217;intero processo di approvvigionamento delle materie prime, produzione e lavorazione, test e ispezione e imballaggio, seguendo rigorosamente gli standard internazionali e le norme del settore. Disponiamo di apparecchiature di collaudo avanzate, team di controllo qualit\u00e0 professionale e rigoroso sistema di controllo della qualit\u00e0 per garantire la qualit\u00e0 del prodotto. <\/p>\n<h2><span style=\"font-size: 14pt;\">Imballaggio e stoccaggio<\/span><\/h2>\n<p>Le polveri di boruro di nichel sono confezionate in sacchetti a doppio vuoto o in flaconi a doppio vuoto con cartoni esterni.<\/p>\n<p>Le polveri di boruro di nichel devono essere conservate in un ambiente asciutto, fresco e ben ventilato, sigillate per prevenire l&#8217;umidit\u00e0 e l&#8217;ossidazione, e devono essere tenute lontane da sostanze corrosive come acidi, alcali, fonti di fuoco e agenti fortemente ossidanti e devono essere conservate correttamente in conformit\u00e0 con le normative sullo stoccaggio di sostanze chimiche.<\/p>\n","protected":false},"excerpt":{"rendered":"<p><span style=\"color: #0000ff;\"><a style=\"color: #0000ff;\" href=\"https:\/\/vimaterial.de\/en\/product\/nickel-boride-2\/\">Il boruro di nichel<\/a><span style=\"color: #000000;\"> \u00e8<\/span><\/span><span style=\"color: #000000;\"> una polvere composta costituita da nichel e boro, <span style=\"color: #000000;\">generalmente<\/span> di aspetto nero o grigio, con elevata durezza, buona stabilit\u00e0 chimica e attivit\u00e0 catalitica, ha importanti applicazioni nelle reazioni catalitiche, nei materiali resistenti all&#8217;usura e nei materiali elettronici.<\/span><\/p>\n","protected":false},"featured_media":1002422,"comment_status":"open","ping_status":"closed","template":"","meta":{"_acf_changed":false},"product_brand":[],"product_cat":[202],"product_tag":[],"class_list":{"0":"post-1016239","1":"product","2":"type-product","3":"status-publish","4":"has-post-thumbnail","6":"product_cat-materiali-c-n-b-si","8":"first","9":"instock","10":"shipping-taxable","11":"product-type-variable"},"acf":[],"_links":{"self":[{"href":"https:\/\/vimaterial.de\/it\/wp-json\/wp\/v2\/product\/1016239","targetHints":{"allow":["GET"]}}],"collection":[{"href":"https:\/\/vimaterial.de\/it\/wp-json\/wp\/v2\/product"}],"about":[{"href":"https:\/\/vimaterial.de\/it\/wp-json\/wp\/v2\/types\/product"}],"replies":[{"embeddable":true,"href":"https:\/\/vimaterial.de\/it\/wp-json\/wp\/v2\/comments?post=1016239"}],"wp:featuredmedia":[{"embeddable":true,"href":"https:\/\/vimaterial.de\/it\/wp-json\/wp\/v2\/media\/1002422"}],"wp:attachment":[{"href":"https:\/\/vimaterial.de\/it\/wp-json\/wp\/v2\/media?parent=1016239"}],"wp:term":[{"taxonomy":"product_brand","embeddable":true,"href":"https:\/\/vimaterial.de\/it\/wp-json\/wp\/v2\/product_brand?post=1016239"},{"taxonomy":"product_cat","embeddable":true,"href":"https:\/\/vimaterial.de\/it\/wp-json\/wp\/v2\/product_cat?post=1016239"},{"taxonomy":"product_tag","embeddable":true,"href":"https:\/\/vimaterial.de\/it\/wp-json\/wp\/v2\/product_tag?post=1016239"}],"curies":[{"name":"wp","href":"https:\/\/api.w.org\/{rel}","templated":true}]}}