{"id":1016221,"date":"2024-06-17T14:49:24","date_gmt":"2024-06-17T06:49:24","guid":{"rendered":"https:\/\/vimaterial.de\/product\/ossido-di-nichel-4\/"},"modified":"2025-04-15T18:05:19","modified_gmt":"2025-04-15T10:05:19","slug":"ossido-di-nichel-4","status":"publish","type":"product","link":"https:\/\/vimaterial.de\/it\/product\/ossido-di-nichel-4\/","title":{"rendered":"Ossido di nichel"},"content":{"rendered":"<p>La polvere di <span style=\"color: #0000ff;\"><a style=\"color: #0000ff;\" href=\"https:\/\/vimaterial.de\/en\/product\/nickel-oxide-3\/\">ossido di nichel<\/a><\/span> \u00e8 una polvere composta costituita principalmente da nichel e ossigeno con una buona stabilit\u00e0 chimica, propriet\u00e0 catalitiche e semiconduttive, che svolge un ruolo chiave nei materiali delle batterie, nei catalizzatori, nei pigmenti ceramici e in molte altre aree.<\/p>\n<p>VIAMTERIAL fornisce polveri di ossido di nichel. Le nostre polveri sono caratterizzate da elevata purezza, granulometria uniforme, buona fluidit\u00e0, buona compattazione e stabilit\u00e0 chimica e supportiamo l&#8217;imballaggio e l&#8217;ordinazione di piccoli lotti. Abbiamo un team di ricerca e sviluppo tecnico professionale, accettiamo la personalizzazione e la sperimentazione del prodotto, non esitate<span style=\"color: #0000ff;\"><a style=\"color: #0000ff;\" href=\"https:\/\/vimaterial.de\/en\/contact-us\/\"> a contattarci.<\/a><\/span>  <\/p>\n<h2><span style=\"font-size: 14pt;\">Propriet\u00e0 fisiche<\/span><\/h2>\n<p>Formula molecolare: Ni2O3<\/p>\n<p>Peso molecolare: circa 165,38<\/p>\n<p>Aspetto: solitamente polvere nera<\/p>\n<p>Densit\u00e0: circa 4,83 g\/cm\u00b3.<\/p>\n<p>Punto di fusione: si decompone in ossido di nichel (NiO) e ossigeno a circa 600\u00b0C.<\/p>\n<p>Struttura cristallina: Appartiene al sistema cristallino esagonale, in cui gli atomi di nichel e ossigeno sono distribuiti secondo una specifica disposizione spaziale, che ha un&#8217;influenza importante sulle sue propriet\u00e0 fisiche e chimiche.<\/p>\n<h2><span style=\"font-size: 14pt;\">Applicazioni<\/span><\/h2>\n<p>Materiali della batteria: le polveri di ossido di nichel sono utilizzate come additivi nei materiali catodici delle batterie al litio per migliorare le prestazioni di carica e scarica della batteria e la stabilit\u00e0 del ciclo, aumentando la durata della batteria e contribuendo allo sviluppo di automobili e dispositivi elettronici di nuova energia.<\/p>\n<p>Campo catalitico: nella reazione catalitica, come catalizzatore, pu\u00f2 accelerare il processo di reazione chimica, migliorare l&#8217;efficienza e la selettivit\u00e0 della reazione ed \u00e8 ampiamente utilizzato nei campi del trattamento dei gas di scarico industriali e della sintesi organica, che pu\u00f2 ridurre i costi di produzione e le emissioni inquinanti ambientali.<\/p>\n<p>Ceramica: come componente chiave del pigmento ceramico e dello smalto colorato, la polvere di Ni\u2082O\u2083 pu\u00f2 conferire ai prodotti ceramici colori ricchi e brillanti e una buona lucentezza, aumentare il valore artistico e la competitivit\u00e0 sul mercato dei prodotti ceramici e soddisfare le esigenze di creazione decorativa e artistica.<\/p>\n<h2><span style=\"font-size: 14pt;\">Controllo qualit\u00e0<\/span><\/h2>\n<p><span style=\"color: #0000ff;\"><a style=\"color: #0000ff;\" href=\"https:\/\/vimaterial.de\/en\/quality-control\/\">Il controllo di qualit\u00e0<\/a><\/span> di ogni lotto di prodotti viene effettuato durante l&#8217;intero processo di approvvigionamento delle materie prime, produzione e lavorazione, test e ispezione e imballaggio, seguendo rigorosamente gli standard internazionali e le norme del settore. Disponiamo di apparecchiature di collaudo avanzate, team di controllo qualit\u00e0 professionale e rigoroso sistema di controllo della qualit\u00e0 per garantire la qualit\u00e0 del prodotto. <\/p>\n<h2><span style=\"font-size: 14pt;\">Imballaggio e stoccaggio<\/span><\/h2>\n<p>Le polveri di ossido di nichel sono confezionate in sacchetti a doppio vuoto o in flaconi a doppio vuoto con cartoni esterni.<\/p>\n<p>Le polveri di ossido di nichel devono essere conservate in un ambiente asciutto, fresco e ben ventilato, sigillate per evitare l&#8217;umidit\u00e0, il contatto con sostanze corrosive come acidi o alcali, e lontano da fonti di accensione e forti agenti ossidanti e posizionate correttamente in conformit\u00e0 con le normative sullo stoccaggio chimico.<\/p>\n","protected":false},"excerpt":{"rendered":"<p>La polvere di <span style=\"color: #0000ff;\"><a style=\"color: #0000ff;\" href=\"https:\/\/vimaterial.de\/en\/product\/nickel-oxide-3\/\">ossido di nichel<\/a><\/span> \u00e8 una polvere composta costituita principalmente da nichel e ossigeno con una buona stabilit\u00e0 chimica, propriet\u00e0 catalitiche e semiconduttive, che svolge un ruolo chiave nei materiali delle batterie, nei catalizzatori, nei pigmenti ceramici e in molte altre aree.<\/p>\n","protected":false},"featured_media":1002434,"comment_status":"open","ping_status":"closed","template":"","meta":{"_acf_changed":false},"product_brand":[],"product_cat":[205],"product_tag":[],"class_list":{"0":"post-1016221","1":"product","2":"type-product","3":"status-publish","4":"has-post-thumbnail","6":"product_cat-materiali-ossidi-idrossidi","8":"first","9":"instock","10":"shipping-taxable","11":"product-type-variable"},"acf":[],"_links":{"self":[{"href":"https:\/\/vimaterial.de\/it\/wp-json\/wp\/v2\/product\/1016221","targetHints":{"allow":["GET"]}}],"collection":[{"href":"https:\/\/vimaterial.de\/it\/wp-json\/wp\/v2\/product"}],"about":[{"href":"https:\/\/vimaterial.de\/it\/wp-json\/wp\/v2\/types\/product"}],"replies":[{"embeddable":true,"href":"https:\/\/vimaterial.de\/it\/wp-json\/wp\/v2\/comments?post=1016221"}],"wp:featuredmedia":[{"embeddable":true,"href":"https:\/\/vimaterial.de\/it\/wp-json\/wp\/v2\/media\/1002434"}],"wp:attachment":[{"href":"https:\/\/vimaterial.de\/it\/wp-json\/wp\/v2\/media?parent=1016221"}],"wp:term":[{"taxonomy":"product_brand","embeddable":true,"href":"https:\/\/vimaterial.de\/it\/wp-json\/wp\/v2\/product_brand?post=1016221"},{"taxonomy":"product_cat","embeddable":true,"href":"https:\/\/vimaterial.de\/it\/wp-json\/wp\/v2\/product_cat?post=1016221"},{"taxonomy":"product_tag","embeddable":true,"href":"https:\/\/vimaterial.de\/it\/wp-json\/wp\/v2\/product_tag?post=1016221"}],"curies":[{"name":"wp","href":"https:\/\/api.w.org\/{rel}","templated":true}]}}