{"id":1016199,"date":"2024-06-17T14:49:25","date_gmt":"2024-06-17T06:49:25","guid":{"rendered":"https:\/\/vimaterial.de\/product\/fosfuro-di-nichel\/"},"modified":"2024-10-14T13:55:49","modified_gmt":"2024-10-14T05:55:49","slug":"fosfuro-di-nichel","status":"publish","type":"product","link":"https:\/\/vimaterial.de\/it\/product\/fosfuro-di-nichel\/","title":{"rendered":"Fosfuro di nichel"},"content":{"rendered":"<p>La polvere di fosfuro di nichel \u00e8 un importante composto inorganico in polvere.<\/p>\n<p>&nbsp;<\/p>\n<p>Informazioni di base:<\/p>\n<p>&nbsp;<\/p>\n<p>Formula chimica: Ni\u2082P<\/p>\n<p>Numero CAS: 12035-64-2<\/p>\n<p>Peso molecolare: 148.369<\/p>\n<p>Aspetto: Solitamente polvere grigia o solido a scaglie, inodore.<\/p>\n<p>Densit\u00e0: La densit\u00e0 relativa \u00e8 di circa 7,330 g\/cm\u00b3.<\/p>\n<p>Punto di fusione: alto punto di fusione, circa 1112\u00b0C.<\/p>\n<p>&nbsp;<\/p>\n<p>Metodo di preparazione:<\/p>\n<p>&nbsp;<\/p>\n<p>I composti contenenti nichel vengono solitamente utilizzati come materie prime per reagire con i reagenti di fosfatazione per preparare la polvere di fosfuro di nichel. Ad esempio, la soluzione acquosa contenente nichel viene pretrattata per prima, il pH della soluzione viene regolato, il regolatore alcalino viene aggiunto per preparare una soluzione alcalina di pre-reazione, la polvere precursore della fonte di nichel viene raccolta mediante lavaggio e centrifugazione dopo aver riscaldato la reazione, quindi il precursore della fonte di nichel e il reagente fosfatante vengono calcinati sotto la protezione del gas inerte per ottenere il fosfuro di nichel.<\/p>\n<p>&nbsp;<\/p>\n<p>Campo di applicazione:<\/p>\n<p>&nbsp;<\/p>\n<p>Catalizzatore: grazie alla sua struttura elettronica unica e alle propriet\u00e0 chimiche, la polvere di Ni\u2082P pu\u00f2 essere utilizzata come catalizzatore in una variet\u00e0 di reazioni chimiche, come la reazione di idrogenazione, la reazione di deidrogenazione.<\/p>\n<p>&nbsp;<\/p>\n<p>Potenziatore di materiale: nel campo dei materiali compositi, la polvere di fosfuro di nichel pu\u00f2 essere aggiunta ad altri materiali come potenziatore per migliorare la durezza, la resistenza, la resistenza all&#8217;usura e altre propriet\u00e0 del materiale.<\/p>\n<p>&nbsp;<\/p>\n<p>Materiali delle batterie: nel campo delle batterie, la polvere Ni\u2082P pu\u00f2 essere utilizzata per preparare materiali per elettrodi, come i materiali per elettrodi negativi per batterie agli ioni di litio, che possono migliorare le prestazioni elettrochimiche delle batterie.<\/p>\n","protected":false},"excerpt":{"rendered":"<p>La polvere di fosfuro di nichel \u00e8 un importante composto inorganico in polvere.<\/p>\n<p>Catalizzatore: grazie alla sua struttura elettronica unica e alle propriet\u00e0 chimiche, la polvere di Ni\u2082P pu\u00f2 essere utilizzata come catalizzatore in una variet\u00e0 di reazioni chimiche, come la reazione di idrogenazione, la reazione di deidrogenazione.<\/p>\n<p>Potenziatore di materiale: nel campo dei materiali compositi, la polvere di fosfuro di nichel pu\u00f2 essere aggiunta ad altri materiali come potenziatore per migliorare la durezza, la resistenza, la resistenza all&#8217;usura e altre propriet\u00e0 del materiale.<\/p>\n<p>&nbsp;<\/p>\n","protected":false},"featured_media":1002441,"comment_status":"open","ping_status":"closed","template":"","meta":{"_acf_changed":false},"product_brand":[],"product_cat":[213],"product_tag":[],"class_list":{"0":"post-1016199","1":"product","2":"type-product","3":"status-publish","4":"has-post-thumbnail","6":"product_cat-materiali-al-fosforo","8":"first","9":"instock","10":"shipping-taxable","11":"product-type-variable"},"acf":[],"_links":{"self":[{"href":"https:\/\/vimaterial.de\/it\/wp-json\/wp\/v2\/product\/1016199","targetHints":{"allow":["GET"]}}],"collection":[{"href":"https:\/\/vimaterial.de\/it\/wp-json\/wp\/v2\/product"}],"about":[{"href":"https:\/\/vimaterial.de\/it\/wp-json\/wp\/v2\/types\/product"}],"replies":[{"embeddable":true,"href":"https:\/\/vimaterial.de\/it\/wp-json\/wp\/v2\/comments?post=1016199"}],"wp:featuredmedia":[{"embeddable":true,"href":"https:\/\/vimaterial.de\/it\/wp-json\/wp\/v2\/media\/1002441"}],"wp:attachment":[{"href":"https:\/\/vimaterial.de\/it\/wp-json\/wp\/v2\/media?parent=1016199"}],"wp:term":[{"taxonomy":"product_brand","embeddable":true,"href":"https:\/\/vimaterial.de\/it\/wp-json\/wp\/v2\/product_brand?post=1016199"},{"taxonomy":"product_cat","embeddable":true,"href":"https:\/\/vimaterial.de\/it\/wp-json\/wp\/v2\/product_cat?post=1016199"},{"taxonomy":"product_tag","embeddable":true,"href":"https:\/\/vimaterial.de\/it\/wp-json\/wp\/v2\/product_tag?post=1016199"}],"curies":[{"name":"wp","href":"https:\/\/api.w.org\/{rel}","templated":true}]}}