{"id":1016184,"date":"2024-06-17T14:49:30","date_gmt":"2024-06-17T06:49:30","guid":{"rendered":"https:\/\/vimaterial.de\/product\/lega-di-alluminio-e-nichel-3\/"},"modified":"2025-04-15T17:57:39","modified_gmt":"2025-04-15T09:57:39","slug":"lega-di-alluminio-e-nichel-3","status":"publish","type":"product","link":"https:\/\/vimaterial.de\/it\/product\/lega-di-alluminio-e-nichel-3\/","title":{"rendered":"Lega di nichel e alluminio"},"content":{"rendered":"<p>La polvere in <span style=\"color: #0000ff;\"><a style=\"color: #0000ff;\" href=\"https:\/\/vimaterial.de\/it\/product\/lega-di-alluminio-e-nichel-2\/\">lega di nichel-alluminio<\/a> <\/span>\u00e8 una polvere composta da nichel e alluminio, solitamente di colore grigio argento, che ha un alto punto di fusione, un&#8217;eccellente resistenza all&#8217;ossidazione e alla corrosione ad alta temperatura, bassa densit\u00e0 e buona conduttivit\u00e0 termica e svolge un ruolo importante nella produzione di componenti ad alta temperatura, nella preparazione di rivestimenti a barriera termica e catalizzatori nell&#8217;industria aerospaziale e automobilistica,  energia e altri settori.<\/p>\n<p>VIAMTERIAL fornisce polveri in leghe di nichel e alluminio. Le nostre polveri sono caratterizzate da elevata purezza, granulometria uniforme, buona fluidit\u00e0, buona compattazione e stabilit\u00e0 chimica e supportiamo l&#8217;imballaggio e l&#8217;ordinazione di piccoli lotti. Abbiamo un team di ricerca e sviluppo tecnico professionale, accettiamo la personalizzazione e la sperimentazione del prodotto, non esitate <span style=\"color: #0000ff;\"><a style=\"color: #0000ff;\" href=\"https:\/\/vimaterial.de\/it\/contatto\/\">a contattarci.<\/a><\/span>  <\/p>\n<h2><span style=\"font-size: 14pt;\">Propriet\u00e0 fisiche<\/span><\/h2>\n<p>Formula molecolare: NiAl<\/p>\n<p>Peso molecolare: circa 42,84<\/p>\n<p>Aspetto: polvere grigio argento<\/p>\n<p>Struttura cristallina: struttura cristallina cubica centrata sul corpo (BCC), che conferisce alla polvere in lega di nichel e alluminio buone prestazioni ad alta temperatura e propriet\u00e0 meccaniche.<\/p>\n<h2><span style=\"font-size: 14pt;\">Applicazioni<\/span><\/h2>\n<p>Aerospaziale: utilizzato nella produzione di parti ad alta temperatura per motori aeronautici, la sua resistenza alle alte temperature e le propriet\u00e0 di leggerezza aiutano a migliorare le prestazioni degli aeromobili.<\/p>\n<p>Industria automobilistica: trasformata in parti resistenti al calore di motori automobilistici e parti per il trattamento dei gas di scarico per migliorare l&#8217;efficienza termica e la capacit\u00e0 di purificazione dei gas di scarico.<\/p>\n<p>Energia ed energia elettrica: applicata alle parti ad alta temperatura delle unit\u00e0 della centrale elettrica per garantire un funzionamento stabile ed efficiente delle apparecchiature di generazione di energia ad alta temperatura e alta pressione.<\/p>\n<p>Industria elettronica: utilizzata come materiale di imballaggio elettronico, con una buona conducibilit\u00e0 termica per proteggere i componenti e migliorare la stabilit\u00e0 dei dispositivi elettronici.<\/p>\n<p>Industria metallurgica: utilizzati come additivi per migliorare le prestazioni ad alta temperatura dei materiali metallici, ampliando l&#8217;ambito di applicazione e le prestazioni di servizio dei materiali metallici.<\/p>\n<h2><span style=\"font-size: 14pt;\">Controllo qualit\u00e0<\/span><\/h2>\n<p><span style=\"color: #0000ff;\"><a style=\"color: #0000ff;\" href=\"https:\/\/vimaterial.de\/it\/controllo-qualita\/\">Il controllo di qualit\u00e0<\/a><\/span> di ogni lotto di prodotti viene effettuato durante l&#8217;intero processo di approvvigionamento delle materie prime, produzione e lavorazione, test e ispezione e imballaggio, seguendo rigorosamente gli standard internazionali e le norme del settore. Disponiamo di apparecchiature di collaudo avanzate, team di controllo qualit\u00e0 professionale e rigoroso sistema di controllo della qualit\u00e0 per garantire la qualit\u00e0 del prodotto. <\/p>\n<h2><span style=\"font-size: 14pt;\">Imballaggio e stoccaggio<\/span><\/h2>\n<p>Le polveri in lega di nichel-alluminio sono confezionate in doppi sacchetti sottovuoto o doppi flaconi sottovuoto con cartoni esterni.<\/p>\n<p>La polvere in lega di nichel-alluminio deve essere conservata in un ambiente asciutto, fresco e ben ventilato, sigillata per prevenire l&#8217;umidit\u00e0 e l&#8217;ossidazione, lontano da acidi, alcali e altre sostanze corrosive, per evitare il contatto con fonti di accensione, calore e forti agenti ossidanti e deve essere posizionata correttamente in conformit\u00e0 con le norme di sicurezza pertinenti e i requisiti dello stoccaggio di sostanze chimiche pericolose.<\/p>\n","protected":false},"excerpt":{"rendered":"<p>La polvere in <span style=\"color: #0000ff;\"><a style=\"color: #0000ff;\" href=\"https:\/\/vimaterial.de\/it\/product\/lega-di-alluminio-e-nichel-2\/\">lega di nichel-alluminio<\/a> <\/span>\u00e8 una polvere composta da nichel e alluminio, solitamente di colore grigio argento, che ha un alto punto di fusione, un&#8217;eccellente resistenza all&#8217;ossidazione e alla corrosione ad alta temperatura, bassa densit\u00e0 e buona conduttivit\u00e0 termica e svolge un ruolo importante nella produzione di componenti ad alta temperatura, nella preparazione di rivestimenti a barriera termica e catalizzatori nell&#8217;industria aerospaziale e automobilistica,  energia e altri settori.<\/p>\n","protected":false},"featured_media":1002467,"comment_status":"open","ping_status":"closed","template":"","meta":{"_acf_changed":false},"product_brand":[],"product_cat":[212],"product_tag":[],"class_list":{"0":"post-1016184","1":"product","2":"type-product","3":"status-publish","4":"has-post-thumbnail","6":"product_cat-polvere-di-metallo-puro-e-leghe","8":"first","9":"instock","10":"shipping-taxable","11":"purchasable","12":"product-type-variable"},"acf":[],"_links":{"self":[{"href":"https:\/\/vimaterial.de\/it\/wp-json\/wp\/v2\/product\/1016184","targetHints":{"allow":["GET"]}}],"collection":[{"href":"https:\/\/vimaterial.de\/it\/wp-json\/wp\/v2\/product"}],"about":[{"href":"https:\/\/vimaterial.de\/it\/wp-json\/wp\/v2\/types\/product"}],"replies":[{"embeddable":true,"href":"https:\/\/vimaterial.de\/it\/wp-json\/wp\/v2\/comments?post=1016184"}],"wp:featuredmedia":[{"embeddable":true,"href":"https:\/\/vimaterial.de\/it\/wp-json\/wp\/v2\/media\/1002467"}],"wp:attachment":[{"href":"https:\/\/vimaterial.de\/it\/wp-json\/wp\/v2\/media?parent=1016184"}],"wp:term":[{"taxonomy":"product_brand","embeddable":true,"href":"https:\/\/vimaterial.de\/it\/wp-json\/wp\/v2\/product_brand?post=1016184"},{"taxonomy":"product_cat","embeddable":true,"href":"https:\/\/vimaterial.de\/it\/wp-json\/wp\/v2\/product_cat?post=1016184"},{"taxonomy":"product_tag","embeddable":true,"href":"https:\/\/vimaterial.de\/it\/wp-json\/wp\/v2\/product_tag?post=1016184"}],"curies":[{"name":"wp","href":"https:\/\/api.w.org\/{rel}","templated":true}]}}