{"id":1016169,"date":"2024-06-17T14:50:26","date_gmt":"2024-06-17T06:50:26","guid":{"rendered":"https:\/\/vimaterial.de\/product\/boruro-di-nichel-2\/"},"modified":"2025-04-15T17:53:38","modified_gmt":"2025-04-15T09:53:38","slug":"boruro-di-nichel-2","status":"publish","type":"product","link":"https:\/\/vimaterial.de\/it\/product\/boruro-di-nichel-2\/","title":{"rendered":"Boruro di nichel"},"content":{"rendered":"<p><span style=\"color: #0000ff;\">La <span style=\"color: #000000;\">polvere<\/span> di <a style=\"color: #0000ff;\" href=\"https:\/\/vimaterial.de\/en\/product\/nickel-boride-4\/\">boruro di nichel <\/a><\/span> \u00e8 una polvere grigia o nera composta da nichel e boro con elevata durezza, buona stabilit\u00e0 chimica, eccellenti propriet\u00e0 catalitiche e importanti applicazioni in molti campi come reazioni di idrogenazione catalitica, materiali resistenti all&#8217;usura e materiali elettronici.<\/p>\n<p>VIAMTERIAL fornisce polvere di nichel boruro . Le nostre polveri sono caratterizzate da elevata purezza, granulometria uniforme, buona fluidit\u00e0, buona compattazione e stabilit\u00e0 chimica e supportiamo l&#8217;imballaggio e l&#8217;ordinazione di piccoli lotti. Abbiamo un team di ricerca e sviluppo tecnico professionale, accettiamo la personalizzazione e la sperimentazione del prodotto, non esitate <span style=\"color: #0000ff;\"><a style=\"color: #0000ff;\" href=\"https:\/\/vimaterial.de\/en\/contact-us\/\">a contattarci.<\/a><\/span>  <\/p>\n<h2><span style=\"font-size: 14pt;\">Propriet\u00e0 fisiche<\/span><\/h2>\n<p>Formula molecolare: NiB<\/p>\n<p>Peso molecolare: circa 69,5<\/p>\n<p>Aspetto: Solitamente polvere grigia o nera<\/p>\n<h2><span style=\"font-size: 14pt;\">Applicazioni<\/span><\/h2>\n<p>Catalisi: le polveri di boruro di nichel mostrano eccellenti propriet\u00e0 catalitiche nelle reazioni di sintesi organica. Possono catalizzare l&#8217;idrogenazione di composti insaturi con elevata efficienza, ridurre l&#8217;energia di attivazione della reazione, aumentare la velocit\u00e0 di reazione e la selettivit\u00e0 e promuovere la sintesi di sostanze chimiche fini. <\/p>\n<p>Materiali elettronici: Grazie alle sue propriet\u00e0 elettriche uniche, viene utilizzato nella preparazione di paste elettroniche e materiali per elettrodi per migliorare la conduttivit\u00e0 e la stabilit\u00e0 dei dispositivi elettronici e soddisfare le esigenze di miniaturizzazione e alte prestazioni dei dispositivi elettronici.<\/p>\n<p>Campo energetico: nelle tecnologie relative all&#8217;energia dell&#8217;idrogeno, pu\u00f2 essere utilizzato come componente dei materiali di stoccaggio dell&#8217;idrogeno e la sua interazione con gli atomi di idrogeno pu\u00f2 essere utilizzata per ottenere un efficace adsorbimento e desorbimento dell&#8217;idrogeno, fornendo supporto per applicazioni energetiche come le celle a combustibile a idrogeno.<\/p>\n<p>Campo dei materiali resistenti all&#8217;usura: con elevata durezza e resistenza all&#8217;usura, la polvere di boruro di nichel viene aggiunta alla matrice metallica o ceramica per preparare rivestimenti o parti resistenti all&#8217;usura, ampiamente utilizzati nella lavorazione, nei motori delle automobili e in altri campi, prolungando efficacemente la durata del materiale.<\/p>\n<h2><span style=\"font-size: 14pt;\">Controllo qualit\u00e0<\/span><\/h2>\n<p><span style=\"color: #0000ff;\"><a style=\"color: #0000ff;\" href=\"https:\/\/vimaterial.de\/en\/quality-control\/\">Il controllo di qualit\u00e0<\/a> <\/span>di ogni lotto di prodotti viene effettuato durante l&#8217;intero processo di approvvigionamento delle materie prime, produzione e lavorazione, test e ispezione e imballaggio, seguendo rigorosamente gli standard internazionali e le norme del settore. Disponiamo di apparecchiature di collaudo avanzate, team di controllo qualit\u00e0 professionale e rigoroso sistema di controllo della qualit\u00e0 per garantire la qualit\u00e0 del prodotto. <\/p>\n<h2><span style=\"font-size: 14pt;\">Imballaggio e stoccaggio<\/span><\/h2>\n<p>Le polveri di boruro di nichel sono confezionate in sacchetti a doppio vuoto o in flaconi a doppio vuoto con cartoni esterni.<\/p>\n<p>Le polveri di boruro di nichel devono essere conservate in un ambiente asciutto, fresco e ben ventilato, sigillate per prevenire l&#8217;umidit\u00e0 e l&#8217;ossidazione e devono essere tenute lontane da acidi, alcali e altre sostanze chimicamente attive, oltre a evitare l&#8217;esposizione a temperature elevate, fiamme libere e forti agenti ossidanti, e devono essere posizionate correttamente in conformit\u00e0 con i requisiti per lo stoccaggio di sostanze chimiche pericolose.<\/p>\n<p>&nbsp;<\/p>\n","protected":false},"excerpt":{"rendered":"<p><span style=\"color: #0000ff;\">La <span style=\"color: #000000;\">polvere<\/span> di <a style=\"color: #0000ff;\" href=\"https:\/\/vimaterial.de\/en\/product\/nickel-boride-4\/\">boruro di nichel <\/a><\/span> \u00e8 una polvere grigia o nera composta da nichel e boro con elevata durezza, buona stabilit\u00e0 chimica, eccellenti propriet\u00e0 catalitiche e importanti applicazioni in molti campi come reazioni di idrogenazione catalitica, materiali resistenti all&#8217;usura e materiali elettronici.<\/p>\n","protected":false},"featured_media":1002478,"comment_status":"open","ping_status":"closed","template":"","meta":{"_acf_changed":false},"product_brand":[],"product_cat":[202],"product_tag":[],"class_list":{"0":"post-1016169","1":"product","2":"type-product","3":"status-publish","4":"has-post-thumbnail","6":"product_cat-materiali-c-n-b-si","8":"first","9":"instock","10":"shipping-taxable","11":"purchasable","12":"product-type-variable"},"acf":[],"_links":{"self":[{"href":"https:\/\/vimaterial.de\/it\/wp-json\/wp\/v2\/product\/1016169","targetHints":{"allow":["GET"]}}],"collection":[{"href":"https:\/\/vimaterial.de\/it\/wp-json\/wp\/v2\/product"}],"about":[{"href":"https:\/\/vimaterial.de\/it\/wp-json\/wp\/v2\/types\/product"}],"replies":[{"embeddable":true,"href":"https:\/\/vimaterial.de\/it\/wp-json\/wp\/v2\/comments?post=1016169"}],"wp:featuredmedia":[{"embeddable":true,"href":"https:\/\/vimaterial.de\/it\/wp-json\/wp\/v2\/media\/1002478"}],"wp:attachment":[{"href":"https:\/\/vimaterial.de\/it\/wp-json\/wp\/v2\/media?parent=1016169"}],"wp:term":[{"taxonomy":"product_brand","embeddable":true,"href":"https:\/\/vimaterial.de\/it\/wp-json\/wp\/v2\/product_brand?post=1016169"},{"taxonomy":"product_cat","embeddable":true,"href":"https:\/\/vimaterial.de\/it\/wp-json\/wp\/v2\/product_cat?post=1016169"},{"taxonomy":"product_tag","embeddable":true,"href":"https:\/\/vimaterial.de\/it\/wp-json\/wp\/v2\/product_tag?post=1016169"}],"curies":[{"name":"wp","href":"https:\/\/api.w.org\/{rel}","templated":true}]}}