{"id":1016147,"date":"2024-06-17T14:50:30","date_gmt":"2024-06-17T06:50:30","guid":{"rendered":"https:\/\/vimaterial.de\/product\/boruro-di-nichel\/"},"modified":"2025-04-15T17:50:21","modified_gmt":"2025-04-15T09:50:21","slug":"boruro-di-nichel","status":"publish","type":"product","link":"https:\/\/vimaterial.de\/it\/product\/boruro-di-nichel\/","title":{"rendered":"Boruro di nichel"},"content":{"rendered":"<p>I bersagli sputtering con <span style=\"color: #0000ff;\"><a style=\"color: #0000ff;\" href=\"https:\/\/vimaterial.de\/en\/product\/nickel-boride-3\/\">boruro di nichel<\/a> <\/span>sono leghe costituite principalmente da nichel e boro, che vengono utilizzate nel processo di sputtering nella deposizione fisica da vapore (PVD) per depositare film sottili con propriet\u00e0 eccellenti come elevata durezza, buona resistenza all&#8217;abrasione e stabilit\u00e0 chimica sul substrato e che possono essere utilizzate in una variet\u00e0 di applicazioni in campo elettronico e meccanico.<\/p>\n<p>VIMATERIAL offre bersagli sputtering in boruro di nichel. I nostri bersagli sputtering in nichel boruro sono caratterizzati da un&#8217;eccellente omogeneit\u00e0 compositiva, un&#8217;elevatissima purezza e un&#8217;eccellente stabilit\u00e0 allo sputtering, e possiamo anche fornire servizi di legatura del bersaglio. Abbiamo un team di ricerca e sviluppo professionale e possiamo accettare personalizzazioni ed esperimenti, non esitate <span style=\"color: #0000ff;\"><a style=\"color: #0000ff;\" href=\"https:\/\/vimaterial.de\/en\/contact-us\/\">a contattarci.<\/a><\/span>  <\/p>\n<h2><span style=\"font-size: 14pt;\">Propriet\u00e0 fisiche<\/span><\/h2>\n<p>Formula molecolare: NiB<\/p>\n<p>Peso molecolare: circa 69,5 g\/mol<\/p>\n<p>Aspetto: Solido nero-grigiastro<\/p>\n<p>Densit\u00e0: 7,3 &#8211; 7,5 g\/cm\u00b3 circa<\/p>\n<p>Struttura cristallina: Struttura cristallina esagonale<\/p>\n<h2><span style=\"font-size: 14pt;\">Applicazioni<\/span><\/h2>\n<p>Campo elettronico: pu\u00f2 essere utilizzato per preparare una pellicola conduttiva resistente all&#8217;usura per componenti elettronici per migliorare la stabilit\u00e0 e la durata dei dispositivi elettronici;<\/p>\n<p>Produzione meccanica: pu\u00f2 depositare rivestimenti duri e resistenti all&#8217;usura sulla superficie delle parti metalliche, prolungando efficacemente la durata delle parti e riducendo la perdita per attrito.<\/p>\n<p>Industria automobilistica: il materiale target pu\u00f2 essere applicato al rivestimento di componenti chiave del motore per migliorare la capacit\u00e0 dei componenti di resistere all&#8217;usura e alla corrosione ad alta temperatura, contribuendo a migliorare le prestazioni delle automobili.<\/p>\n<p>Aerospaziale: i bersagli sputtering NiB possono fornire pellicole protettive ad alta durezza per parti di precisione degli aeromobili, garantendo un funzionamento affidabile in ambienti estremi.<\/p>\n<p>Produzione di stampi: i film NiB formati mediante sputtering possono aumentare la durezza e le propriet\u00e0 di rilascio delle superfici degli stampi, migliorando la qualit\u00e0 della lavorazione e l&#8217;efficienza degli stampi.<\/p>\n<h2><span style=\"font-size: 14pt;\">Controllo qualit\u00e0<\/span><\/h2>\n<p><span style=\"color: #0000ff;\"><a style=\"color: #0000ff;\" href=\"https:\/\/vimaterial.de\/en\/quality-control\/\">I nostri prodotti<\/a><\/span> sono implementati il sistema di gestione della qualit\u00e0 pi\u00f9 rigoroso, i materiali in entrata, il processo, l&#8217;ispezione finale, l&#8217;ispezione in fabbrica hanno rigorosi standard di ispezione, per l&#8217;elaborazione non qualificata utilizzer\u00e0 rigorose misure di isolamento per evitare il flusso di prodotti non conformi nel processo successivo, in base alle esigenze del cliente fornir\u00e0 ai clienti campioni per i clienti da ispezionare nuovamente.<\/p>\n<h2><span style=\"font-size: 14pt;\">Imballaggio e stoccaggio<\/span><\/h2>\n<p>I bersagli sputtering con boruro di nichel sono confezionati in sacchetti e cartoni a doppio vuoto.<\/p>\n<p>I bersagli sputtering del boruro di nichel devono essere conservati in un ambiente asciutto, fresco e ben ventilato per evitare umidit\u00e0, ossidazione e contatto con sostanze acide, alcaline e altre sostanze corrosive e, allo stesso tempo, devono essere adottate misure anticollisione e antischiacciamento per mantenere l&#8217;integrit\u00e0 del bersaglio e la stabilit\u00e0 delle sue prestazioni.<\/p>\n","protected":false},"excerpt":{"rendered":"<p>I bersagli sputtering con <span style=\"color: #0000ff;\"><a style=\"color: #0000ff;\" href=\"https:\/\/vimaterial.de\/en\/product\/nickel-boride-3\/\">boruro di nichel<\/a> <\/span>sono leghe costituite principalmente da nichel e boro, che vengono utilizzate nel processo di sputtering nella deposizione fisica da vapore (PVD) per depositare film sottili con propriet\u00e0 eccellenti come elevata durezza, buona resistenza all&#8217;abrasione e stabilit\u00e0 chimica sul substrato e che possono essere utilizzate in una variet\u00e0 di applicazioni in campo elettronico e meccanico.<\/p>\n","protected":false},"featured_media":1002478,"comment_status":"open","ping_status":"closed","template":"","meta":{"_acf_changed":false},"product_brand":[],"product_cat":[197],"product_tag":[],"class_list":{"0":"post-1016147","1":"product","2":"type-product","3":"status-publish","4":"has-post-thumbnail","6":"product_cat-obiettivi-di-sputtering-planari","8":"first","9":"instock","10":"shipping-taxable","11":"product-type-variable"},"acf":[],"_links":{"self":[{"href":"https:\/\/vimaterial.de\/it\/wp-json\/wp\/v2\/product\/1016147","targetHints":{"allow":["GET"]}}],"collection":[{"href":"https:\/\/vimaterial.de\/it\/wp-json\/wp\/v2\/product"}],"about":[{"href":"https:\/\/vimaterial.de\/it\/wp-json\/wp\/v2\/types\/product"}],"replies":[{"embeddable":true,"href":"https:\/\/vimaterial.de\/it\/wp-json\/wp\/v2\/comments?post=1016147"}],"wp:featuredmedia":[{"embeddable":true,"href":"https:\/\/vimaterial.de\/it\/wp-json\/wp\/v2\/media\/1002478"}],"wp:attachment":[{"href":"https:\/\/vimaterial.de\/it\/wp-json\/wp\/v2\/media?parent=1016147"}],"wp:term":[{"taxonomy":"product_brand","embeddable":true,"href":"https:\/\/vimaterial.de\/it\/wp-json\/wp\/v2\/product_brand?post=1016147"},{"taxonomy":"product_cat","embeddable":true,"href":"https:\/\/vimaterial.de\/it\/wp-json\/wp\/v2\/product_cat?post=1016147"},{"taxonomy":"product_tag","embeddable":true,"href":"https:\/\/vimaterial.de\/it\/wp-json\/wp\/v2\/product_tag?post=1016147"}],"curies":[{"name":"wp","href":"https:\/\/api.w.org\/{rel}","templated":true}]}}