{"id":1016115,"date":"2024-06-17T14:50:31","date_gmt":"2024-06-17T06:50:31","guid":{"rendered":"https:\/\/vimaterial.de\/product\/ossido-di-nichel-e-cobalto\/"},"modified":"2025-04-15T17:25:36","modified_gmt":"2025-04-15T09:25:36","slug":"ossido-di-nichel-e-cobalto","status":"publish","type":"product","link":"https:\/\/vimaterial.de\/it\/product\/ossido-di-nichel-e-cobalto\/","title":{"rendered":"Ossido di nichel cobalto"},"content":{"rendered":"<p><span style=\"color: #0000ff;\"><a style=\"color: #0000ff;\" href=\"https:\/\/vimaterial.de\/en\/product\/lithium-nickel-cobalt-oxide\/\">Ossido di nichel cobalto<\/a> <\/span>La polvere \u00e8 una polvere composta da nichel, cobalto e ossigeno, solitamente di colore nero o nero-marrone, che ha buone propriet\u00e0 elettrochimiche, elevata stabilit\u00e0 chimica e termica e svolge un ruolo importante in molti campi come materiali per batterie, catalizzatori e materiali magnetici.<\/p>\n<p>VIAMTERIAL fornisce polveri di Ossido di Nichel Cobalto. Le nostre polveri sono caratterizzate da elevata purezza, granulometria uniforme, buona fluidit\u00e0, buona compattazione e stabilit\u00e0 chimica e supportiamo l&#8217;imballaggio e l&#8217;ordinazione di piccoli lotti. Abbiamo un team di ricerca e sviluppo tecnico professionale, accettiamo la personalizzazione e la sperimentazione del prodotto, non esitate <span style=\"color: #0000ff;\"><a style=\"color: #0000ff;\" href=\"https:\/\/vimaterial.de\/en\/contact-us\/\">a contattarci.<\/a><\/span>  <\/p>\n<h2><span style=\"font-size: 14pt;\">Propriet\u00e0 fisiche<\/span><\/h2>\n<p>Formula molecolare: NiCoO2<\/p>\n<p>Peso molecolare: circa 149,62<\/p>\n<p>Aspetto: Solitamente polvere nera o marrone scuro.<\/p>\n<p>Struttura cristallina: la struttura cristallina stratificata, gli atomi di nichel (Ni) e cobalto (Co) e gli atomi di ossigeno (O) sono disposti a strati, questa struttura favorisce l&#8217;incorporazione e la rimozione degli ioni, il che \u00e8 di grande importanza nelle applicazioni elettrochimiche.<\/p>\n<h2><span style=\"font-size: 14pt;\">Applicazioni<\/span><\/h2>\n<p>Campo di batterie agli ioni di litio: come materiale anodico, con un&#8217;elevata densit\u00e0 di energia e buone prestazioni di carica e scarica, migliora la durata e la durata del ciclo della batteria e fornisce un&#8217;alimentazione affidabile per tutti i tipi di dispositivi elettronici mobili e veicoli elettrici.<\/p>\n<p>Campo di supercondensatori: la sua struttura unica e le propriet\u00e0 elettrochimiche consentono di utilizzare la polvere di ossido di nichel-cobalto nella preparazione di elettrodi di supercondensatori ad alte prestazioni, in grado di raggiungere una carica\/scarica rapida e un&#8217;elevata potenza in uscita per soddisfare la domanda istantanea di alta potenza dei dispositivi elettronici e il funzionamento efficiente dei sistemi di accumulo di energia.<\/p>\n<p>Elettrocatalisi: nell&#8217;elettrolisi dell&#8217;acqua, la riduzione dell&#8217;ossigeno e altre reazioni elettrocatalitiche, come catalizzatore pu\u00f2 ridurre efficacemente l&#8217;energia di attivazione della reazione, accelerare il processo di reazione, migliorare l&#8217;efficienza della conversione dell&#8217;energia e promuovere lo sviluppo della tecnologia dell&#8217;energia pulita.<\/p>\n<p>Campo magnetico: la polvere di NiCoO\u2082 mostra che le propriet\u00e0 magnetiche specifiche possono essere utilizzate per sviluppare nuovi materiali magnetici, applicati all&#8217;archiviazione delle informazioni, ai sensori e ad altri campi, per ottenere un&#8217;efficiente archiviazione dei dati e un rilevamento accurato.<\/p>\n<p>Ceramica: aggiunta ai materiali ceramici, pu\u00f2 migliorare le propriet\u00e0 elettriche e magnetiche della ceramica, come la preparazione di ceramiche funzionali con speciali propriet\u00e0 elettromagnetiche, che possono essere utilizzate nell&#8217;incapsulamento e nella produzione di componenti elettronici per migliorare le prestazioni e la stabilit\u00e0 dei dispositivi elettronici.<\/p>\n<h2><span style=\"font-size: 14pt;\">Controllo qualit\u00e0<\/span><\/h2>\n<p><span style=\"color: #0000ff;\"><a style=\"color: #0000ff;\" href=\"https:\/\/vimaterial.de\/en\/quality-control\/\">Il controllo di qualit\u00e0<\/a><\/span> di ogni lotto di prodotti viene effettuato durante l&#8217;intero processo di approvvigionamento delle materie prime, produzione e lavorazione, test e ispezione e imballaggio, seguendo rigorosamente gli standard internazionali e le norme del settore. Disponiamo di apparecchiature di collaudo avanzate, team di controllo qualit\u00e0 professionale e rigoroso sistema di controllo della qualit\u00e0 per garantire la qualit\u00e0 del prodotto. <\/p>\n<h2><span style=\"font-size: 14pt;\">Imballaggio e stoccaggio<\/span><\/h2>\n<p>Le polveri di ossido di nichel-cobalto sono confezionate in sacchetti a doppio vuoto o in flaconi a doppio vuoto con cartoni esterni.<\/p>\n<p>Le polveri di ossido di nichel-cobalto devono essere conservate in un ambiente asciutto, fresco e ben ventilato, sigillate per evitare l&#8217;umidit\u00e0, il contatto con sostanze acide o alcaline e l&#8217;esposizione ad alte temperature e luce intensa, e lontano da sostanze infiammabili ed esplosive, e collocate in conformit\u00e0 con le normative di sicurezza e protezione ambientale pertinenti, per garantire che le loro propriet\u00e0 chimiche siano stabili e sicure per la conservazione.<\/p>\n","protected":false},"excerpt":{"rendered":"<p><span style=\"color: #0000ff;\"><a style=\"color: #0000ff;\" href=\"https:\/\/vimaterial.de\/en\/product\/lithium-nickel-cobalt-oxide\/\">Ossido di nichel cobalto<\/a> <\/span>La polvere \u00e8 una polvere composta da nichel, cobalto e ossigeno, solitamente di colore nero o nero-marrone, che ha buone propriet\u00e0 elettrochimiche, elevata stabilit\u00e0 chimica e termica e svolge un ruolo importante in molti campi come materiali per batterie, catalizzatori e materiali magnetici.<\/p>\n","protected":false},"featured_media":1002511,"comment_status":"open","ping_status":"closed","template":"","meta":{"_acf_changed":false},"product_brand":[],"product_cat":[206],"product_tag":[],"class_list":{"0":"post-1016115","1":"product","2":"type-product","3":"status-publish","4":"has-post-thumbnail","6":"product_cat-altri-materiali","8":"first","9":"instock","10":"shipping-taxable","11":"product-type-variable"},"acf":[],"_links":{"self":[{"href":"https:\/\/vimaterial.de\/it\/wp-json\/wp\/v2\/product\/1016115","targetHints":{"allow":["GET"]}}],"collection":[{"href":"https:\/\/vimaterial.de\/it\/wp-json\/wp\/v2\/product"}],"about":[{"href":"https:\/\/vimaterial.de\/it\/wp-json\/wp\/v2\/types\/product"}],"replies":[{"embeddable":true,"href":"https:\/\/vimaterial.de\/it\/wp-json\/wp\/v2\/comments?post=1016115"}],"wp:featuredmedia":[{"embeddable":true,"href":"https:\/\/vimaterial.de\/it\/wp-json\/wp\/v2\/media\/1002511"}],"wp:attachment":[{"href":"https:\/\/vimaterial.de\/it\/wp-json\/wp\/v2\/media?parent=1016115"}],"wp:term":[{"taxonomy":"product_brand","embeddable":true,"href":"https:\/\/vimaterial.de\/it\/wp-json\/wp\/v2\/product_brand?post=1016115"},{"taxonomy":"product_cat","embeddable":true,"href":"https:\/\/vimaterial.de\/it\/wp-json\/wp\/v2\/product_cat?post=1016115"},{"taxonomy":"product_tag","embeddable":true,"href":"https:\/\/vimaterial.de\/it\/wp-json\/wp\/v2\/product_tag?post=1016115"}],"curies":[{"name":"wp","href":"https:\/\/api.w.org\/{rel}","templated":true}]}}