{"id":1016076,"date":"2024-06-17T14:50:35","date_gmt":"2024-06-17T06:50:35","guid":{"rendered":"https:\/\/vimaterial.de\/product\/lega-di-nichel-e-cromo-3\/"},"modified":"2025-04-15T17:15:30","modified_gmt":"2025-04-15T09:15:30","slug":"lega-di-nichel-e-cromo-3","status":"publish","type":"product","link":"https:\/\/vimaterial.de\/it\/product\/lega-di-nichel-e-cromo-3\/","title":{"rendered":"Lega di nichel-cromo"},"content":{"rendered":"<p><span style=\"color: #0000ff;\"><a style=\"color: #0000ff;\" href=\"https:\/\/vimaterial.de\/en\/product\/nickel-chromium-alloy-2\/\">Lega di nichel cromo<\/a><\/span> La polvere \u00e8 una polvere di lega di nichel e cromo, grigio argento o grigio, con una buona resistenza alle alte temperature, all&#8217;ossidazione, alla corrosione e all&#8217;elevata resistenza e durezza, svolge un ruolo chiave nei settori aerospaziale, elettronico, chimico e molti altri settori industriali.<\/p>\n<p>VIAMTERIAL fornisce polvere in lega di nichel cromo. Le nostre polveri sono caratterizzate da elevata purezza, granulometria uniforme, buona fluidit\u00e0, buona compattazione, stabilit\u00e0 chimica e supportiamo l&#8217;imballaggio e l&#8217;ordinazione di piccoli lotti. Abbiamo un team di ricerca e sviluppo tecnico professionale, accettiamo la personalizzazione del prodotto e gli esperimenti,<span style=\"color: #0000ff;\"><a style=\"color: #0000ff;\" href=\"https:\/\/vimaterial.de\/en\/contact-us\/\"> contattaci.<\/a><\/span>  <\/p>\n<h2><span style=\"font-size: 14pt;\">Propriet\u00e0 fisiche<\/span><\/h2>\n<p>Formula molecolare: NiCr<\/p>\n<p>Peso molecolare: circa 56,01<\/p>\n<p>Aspetto: Solitamente polvere grigio argento<\/p>\n<p>Struttura cristallina: per lo pi\u00f9 cubica a facce centrate (FCC), che gli conferisce una buona tenacit\u00e0 e duttilit\u00e0.<\/p>\n<h2><span style=\"font-size: 14pt;\">Applicazioni<\/span><\/h2>\n<p>Aerospaziale: utilizzato nella produzione di parti ad alta temperatura di motori aeronautici, con la sua resistenza alle alte temperature e resistenza all&#8217;ossidazione, per garantire un funzionamento stabile in ambienti ad altissima temperatura e migliorare le prestazioni e la sicurezza degli aeromobili.<\/p>\n<p>Nell&#8217;industria automobilistica, le polveri in leghe di nichel-cromo sono utilizzate nei sistemi di trattamento dei gas di scarico per resistere all&#8217;erosione dei gas di scarico ad alta temperatura, catalizzare la conversione di sostanze pericolose e svolgere un ruolo chiave nei componenti del motore resistenti al calore, migliorando la durata e il rispetto dell&#8217;ambiente delle automobili.<\/p>\n<p>Nel campo dell&#8217;energia e dell&#8217;energia: nella produzione di tubi per caldaie e pale di turbine a gas di centrali termiche, l&#8217;alta temperatura e la resistenza alla corrosione del materiale possono essere migliorate per garantire l&#8217;efficienza della conversione dell&#8217;energia e il funzionamento stabile a lungo termine dell&#8217;apparecchiatura e per ridurre i costi di manutenzione.<\/p>\n<p>Nell&#8217;industria elettronica, le polveri di NiCr sono utilizzate come materiali resistivi per componenti elettronici. Le polveri NiCr sono utilizzate in un&#8217;ampia gamma di apparecchiature elettroniche per garantire il funzionamento stabile dei circuiti e per migliorare le prestazioni delle apparecchiature, grazie alla loro resistenza stabile e alla resistenza alle alte temperature. <\/p>\n<p>Nell&#8217;industria chimica, le polveri di NiCr sono utilizzate nel rivestimento di reattori chimici e tubazioni ad alta temperatura. Le polveri NiCr sono resistenti a un&#8217;ampia gamma di mezzi corrosivi e mantengono l&#8217;integrit\u00e0 strutturale dell&#8217;apparecchiatura in ambienti di reazione chimica ad alta temperatura e alta pressione, garantendo la continuit\u00e0 e la sicurezza della produzione chimica. <\/p>\n<h2><span style=\"font-size: 14pt;\">Controllo qualit\u00e0<\/span><\/h2>\n<p><span style=\"color: #0000ff;\"><a style=\"color: #0000ff;\" href=\"https:\/\/vimaterial.de\/en\/quality-control\/\">Il controllo di qualit\u00e0<\/a><\/span> di ogni lotto di prodotti viene effettuato durante l&#8217;intero processo di approvvigionamento, produzione e lavorazione delle materie prime, test e ispezione e imballaggio, seguendo rigorosamente gli standard internazionali e le norme del settore. La nostra azienda dispone di apparecchiature di collaudo avanzate, team di ispezione della qualit\u00e0 professionale e rigoroso sistema di controllo della qualit\u00e0 per garantire la qualit\u00e0 dei prodotti. <\/p>\n<h2><span style=\"font-size: 14pt;\">Imballaggio e stoccaggio<\/span><\/h2>\n<p>Le polveri in lega di nichel-cromo sono confezionate in flaconi a doppio vuoto o in sacchetti a doppio vuoto in cartoni.<\/p>\n<p>Le polveri in lega di nichel-cromo devono essere conservate in un ambiente asciutto e ben ventilato a una temperatura adeguata, lontano da fonti di accensione, sostanze infiammabili e corrosive, e l&#8217;imballaggio deve essere sigillato per evitare che la polvere si iumidi, si ossida e si contamini da impurit\u00e0 e, allo stesso tempo, deve essere posizionata correttamente in conformit\u00e0 con le norme di sicurezza,  per evitare potenziali pericoli per l&#8217;ambiente e il personale.<\/p>\n","protected":false},"excerpt":{"rendered":"<p><span style=\"color: #0000ff;\"><a style=\"color: #0000ff;\" href=\"https:\/\/vimaterial.de\/en\/product\/nickel-chromium-alloy-2\/\">Lega di nichel cromo<\/a><\/span> La polvere \u00e8 una polvere di lega di nichel e cromo, grigio argento o grigio, con una buona resistenza alle alte temperature, all&#8217;ossidazione, alla corrosione e all&#8217;elevata resistenza e durezza, svolge un ruolo chiave nei settori aerospaziale, elettronico, chimico e molti altri settori industriali.<\/p>\n","protected":false},"featured_media":1002529,"comment_status":"open","ping_status":"closed","template":"","meta":{"_acf_changed":false},"product_brand":[],"product_cat":[212],"product_tag":[],"class_list":{"0":"post-1016076","1":"product","2":"type-product","3":"status-publish","4":"has-post-thumbnail","6":"product_cat-polvere-di-metallo-puro-e-leghe","8":"first","9":"instock","10":"shipping-taxable","11":"product-type-variable"},"acf":[],"_links":{"self":[{"href":"https:\/\/vimaterial.de\/it\/wp-json\/wp\/v2\/product\/1016076","targetHints":{"allow":["GET"]}}],"collection":[{"href":"https:\/\/vimaterial.de\/it\/wp-json\/wp\/v2\/product"}],"about":[{"href":"https:\/\/vimaterial.de\/it\/wp-json\/wp\/v2\/types\/product"}],"replies":[{"embeddable":true,"href":"https:\/\/vimaterial.de\/it\/wp-json\/wp\/v2\/comments?post=1016076"}],"wp:featuredmedia":[{"embeddable":true,"href":"https:\/\/vimaterial.de\/it\/wp-json\/wp\/v2\/media\/1002529"}],"wp:attachment":[{"href":"https:\/\/vimaterial.de\/it\/wp-json\/wp\/v2\/media?parent=1016076"}],"wp:term":[{"taxonomy":"product_brand","embeddable":true,"href":"https:\/\/vimaterial.de\/it\/wp-json\/wp\/v2\/product_brand?post=1016076"},{"taxonomy":"product_cat","embeddable":true,"href":"https:\/\/vimaterial.de\/it\/wp-json\/wp\/v2\/product_cat?post=1016076"},{"taxonomy":"product_tag","embeddable":true,"href":"https:\/\/vimaterial.de\/it\/wp-json\/wp\/v2\/product_tag?post=1016076"}],"curies":[{"name":"wp","href":"https:\/\/api.w.org\/{rel}","templated":true}]}}